{"id":41659,"date":"2025-10-31T09:37:10","date_gmt":"2025-10-31T07:37:10","guid":{"rendered":"https:\/\/purama.lt\/produktas\/northern-tea-ivairiu-uogu-arbatos-ledinukas\/"},"modified":"2026-04-13T16:45:15","modified_gmt":"2026-04-13T14:45:15","slug":"ziemelu-teja-dazadu-ogu-ledus-teja","status":"publish","type":"product","link":"https:\/\/purama.lt\/lv\/produktas\/northern-tea-ivairiu-uogu-arbatos-ledinukas\/","title":{"rendered":"Northern Tea Daudzogu ogu t\u0113jas konfekte"},"content":{"rendered":"<p><strong>Izmanto\u0161ana<\/strong><br>Ievietojiet vienu kubi\u0146u\/bar\u012bbu ~200-250 ml karsta \u016bdens un maisiet, l\u012bdz iz\u0161\u0137\u012bst. Var pagatavot ar\u012b aukst\u0101 \u016bden\u012b - iz\u0161\u0137\u012bd\u012bs l\u0113n\u0101k. Iev\u0113rojiet uz iepakojuma nor\u0101d\u012bjumus.<\/p>\n\n\n\n<p><strong>Sast\u0101vda\u013cas<\/strong><br>hibiskus, pl\u016b\u0161koka, pl\u016b\u0161koka ogas, savva\u013cas aug\u013cu ekstrakti, bot\u0101niski ekstrakti.<\/p>\n\n\n\n<p><\/p>","protected":false},"excerpt":{"rendered":"<p data-start=\"0\" data-end=\"438\"><strong data-start=\"16\" data-end=\"85\">T\u0113ja-Pop - me\u017ea ogu t\u0113ja-Pop | Aug\u013cu z\u0101\u013cu mais\u012bjums | Bez kofe\u012bna<\/strong> - sul\u012bgs aug\u013cu gar\u0161augu mais\u012bjums bez kofe\u012bna. <strong data-start=\"135\" data-end=\"184\">\u0101tri \u0161\u0137\u012bsto\u0161i kubi\u0146i\/pl\u0101ksn\u012btes m\u0113\u0123en\u0113<\/strong>. Vienk\u0101r\u0161i iemaisiet \u016bden\u012b un samaisiet - bez maisi\u0146iem un atlikumiem. <strong data-start=\"255\" data-end=\"316\">100 % Augu izcelsmes, bez cukura un m\u0101ksl\u012bgajiem aromatiz\u0113t\u0101jiem<\/strong>, ar spilgtu ogu gar\u0161u, ko pie\u0161\u0137ir hibiskus, pl\u016b\u0161koka ogas un me\u017ea aug\u013ci. Ide\u0101li piem\u0113rots karstiem vai aukstiem dz\u0113rieniem jebkur\u0101 laik\u0101.<\/p>\n<p data-start=\"440\" data-end=\"777\"><strong data-start=\"440\" data-end=\"463\">K\u0101p\u0113c izv\u0113l\u0113ties<\/strong><br data-start=\"463\" data-end=\"466\" \/>\u2714\ufe0f Quick Brew: iz\u0161\u0137\u012bst tie\u0161i tas\u012bt\u0113, bez maisi\u0146a.<br data-start=\"524\" data-end=\"527\" data-is-only-node=\"\" \/>\u2714\ufe0f Bez kofe\u012bna, bez pievienot\u0101 cukura un bez m\u0101ksl\u012bgiem aromatiz\u0113t\u0101jiem.<br data-start=\"586\" data-end=\"589\" \/>\u2714\ufe0f Spilgtas ogu gar\u0161as: hibiskus, pl\u016b\u0161koka ziedi, me\u017ea aug\u013ci.<br data-start=\"651\" data-end=\"654\" \/>\u2714\ufe0f Atsevi\u0161\u0137i kubi\u0146i\/pl\u0101ksn\u012btes t\u016bbi\u0146\u0101 - \u0113rti ce\u013co\u0161anai vai k\u0101 d\u0101vana<br data-start=\"720\" data-end=\"723\" \/>\u2714\ufe0f Piem\u0113rots karstai, aukstai vai ledus t\u0113jai.<\/p>","protected":false},"featured_media":41718,"comment_status":"open","ping_status":"closed","template":"","meta":{"_acf_changed":false},"product_brand":[446],"product_cat":[398,57,60],"product_tag":[],"class_list":{"0":"post-41659","1":"product","2":"type-product","3":"status-publish","4":"has-post-thumbnail","6":"product_brand-northern-tea","7":"product_cat-arbata","8":"product_cat-akcijos","9":"product_cat-mitybai","11":"first","12":"instock","13":"sale","14":"shipping-taxable","15":"purchasable","16":"product-type-simple"},"acf":[],"tiered_pricing_type":"fixed","tiered_pricing_fixed_rules":[],"tiered_pricing_product_settings":{"layout":"default","base_unit_name":{"singular":null,"plural":null},"default_variation":null},"tiered_pricing_minimum_quantity":null,"tiered_pricing_roles_data":[],"tiered_pricing_percentage_rules":[],"_links":{"self":[{"href":"https:\/\/purama.lt\/lv\/wp-json\/wp\/v2\/product\/41659","targetHints":{"allow":["GET"]}}],"collection":[{"href":"https:\/\/purama.lt\/lv\/wp-json\/wp\/v2\/product"}],"about":[{"href":"https:\/\/purama.lt\/lv\/wp-json\/wp\/v2\/types\/product"}],"replies":[{"embeddable":true,"href":"https:\/\/purama.lt\/lv\/wp-json\/wp\/v2\/comments?post=41659"}],"wp:featuredmedia":[{"embeddable":true,"href":"https:\/\/purama.lt\/lv\/wp-json\/wp\/v2\/media\/41718"}],"wp:attachment":[{"href":"https:\/\/purama.lt\/lv\/wp-json\/wp\/v2\/media?parent=41659"}],"wp:term":[{"taxonomy":"product_brand","embeddable":true,"href":"https:\/\/purama.lt\/lv\/wp-json\/wp\/v2\/product_brand?post=41659"},{"taxonomy":"product_cat","embeddable":true,"href":"https:\/\/purama.lt\/lv\/wp-json\/wp\/v2\/product_cat?post=41659"},{"taxonomy":"product_tag","embeddable":true,"href":"https:\/\/purama.lt\/lv\/wp-json\/wp\/v2\/product_tag?post=41659"}],"curies":[{"name":"wp","href":"https:\/\/api.w.org\/{rel}","templated":true}]}}