{"id":41657,"date":"2025-10-31T09:37:09","date_gmt":"2025-10-31T07:37:09","guid":{"rendered":"https:\/\/purama.lt\/produktas\/northern-tea-citrinu-ir-imbieru-arbatos-ledinukas\/"},"modified":"2025-11-28T10:49:59","modified_gmt":"2025-11-28T08:49:59","slug":"ziemelu-tejas-citronu-un-ingvera-ledus-teja","status":"publish","type":"product","link":"https:\/\/purama.lt\/lv\/produktas\/northern-tea-citrinu-ir-imbieru-arbatos-ledinukas\/","title":{"rendered":"Zieme\u013cu t\u0113jas citronu un ingvera t\u0113jas konfekte"},"content":{"rendered":"<p><strong>Izmanto\u0161ana<\/strong><br>Ievietojiet vienu kubi\u0146u ~200-250 ml karsta \u016bdens un maisiet, l\u012bdz iz\u0161\u0137\u012bst. Var pagatavot ar\u012b aukst\u0101 \u016bden\u012b - iz\u0161\u0137\u012bd\u012bs l\u0113n\u0101k. Iev\u0113rojiet uz iepakojuma nor\u0101d\u012bjumus.<\/p>\n\n\n\n<p><strong>Sast\u0101vda\u013cas<\/strong><br>citrona ekstrakts, ingvera ekstrakts, augu ekstrakti<\/p>\n\n\n\n<p><\/p>","protected":false},"excerpt":{"rendered":"<p data-start=\"0\" data-end=\"382\"><strong data-start=\"16\" data-end=\"89\">T\u0113ja-Pop - citronu ingvera t\u0113ja-Pop | Dab\u012bgs augu mais\u012bjums | Bez kofe\u012bna<\/strong> - atsvaidzino\u0161a, sildo\u0161a z\u0101\u013cu t\u0113ja bez kofe\u012bna. <strong data-start=\"134\" data-end=\"178\">\u0101tri k\u016bsto\u0161i kubi\u0146i m\u0113\u0123en\u0113<\/strong>. Vienk\u0101r\u0161i iemet kubi\u0146u tas\u012bt\u0113 un samaisa - bez maisi\u0146iem un nogulsn\u0113m. <strong data-start=\"256\" data-end=\"308\">Izgatavots no \u012bsta citrona un ingvera ekstrakta<\/strong>, T\u012bra, pikanta citronu gar\u0161a ir piem\u0113rota r\u012btam vai relaks\u0113jo\u0161am vakaram.<\/p>\n<p data-start=\"384\" data-end=\"610\"><strong data-start=\"384\" data-end=\"407\">K\u0101p\u0113c izv\u0113l\u0113ties<\/strong><br data-start=\"407\" data-end=\"410\" \/>\u2714\ufe0f Quick Brew: iz\u0161\u0137\u012bst tie\u0161i tas\u012bt\u0113, bez maisi\u0146a.<br data-start=\"466\" data-end=\"469\" data-is-only-node=\"\" \/>\u2714\ufe0f Bez kofe\u012bna un bez m\u0101ksl\u012bg\u0101m piedev\u0101m.<br data-start=\"505\" data-end=\"508\" \/>\u2714\ufe0f Citrona svaigums un ingvera maigais siltums.<br data-start=\"550\" data-end=\"553\" \/>\u2714\ufe0f Atsevi\u0161\u0137i kubi\u0146i t\u016bbi\u0146\u0101 - \u0113rti ce\u013co\u0161anai vai k\u0101 d\u0101vana.<\/p>","protected":false},"featured_media":42109,"comment_status":"open","ping_status":"closed","template":"","meta":{"_acf_changed":false},"product_brand":[446],"product_cat":[398,60],"product_tag":[],"class_list":{"0":"post-41657","1":"product","2":"type-product","3":"status-publish","4":"has-post-thumbnail","6":"product_brand-northern-tea","7":"product_cat-arbata","8":"product_cat-mitybai","10":"first","11":"outofstock","12":"shipping-taxable","13":"purchasable","14":"product-type-simple"},"acf":[],"tiered_pricing_type":"fixed","tiered_pricing_fixed_rules":[],"tiered_pricing_product_settings":{"layout":"default","base_unit_name":{"singular":null,"plural":null},"default_variation":null},"tiered_pricing_minimum_quantity":null,"tiered_pricing_roles_data":[],"tiered_pricing_percentage_rules":[],"_links":{"self":[{"href":"https:\/\/purama.lt\/lv\/wp-json\/wp\/v2\/product\/41657","targetHints":{"allow":["GET"]}}],"collection":[{"href":"https:\/\/purama.lt\/lv\/wp-json\/wp\/v2\/product"}],"about":[{"href":"https:\/\/purama.lt\/lv\/wp-json\/wp\/v2\/types\/product"}],"replies":[{"embeddable":true,"href":"https:\/\/purama.lt\/lv\/wp-json\/wp\/v2\/comments?post=41657"}],"wp:featuredmedia":[{"embeddable":true,"href":"https:\/\/purama.lt\/lv\/wp-json\/wp\/v2\/media\/42109"}],"wp:attachment":[{"href":"https:\/\/purama.lt\/lv\/wp-json\/wp\/v2\/media?parent=41657"}],"wp:term":[{"taxonomy":"product_brand","embeddable":true,"href":"https:\/\/purama.lt\/lv\/wp-json\/wp\/v2\/product_brand?post=41657"},{"taxonomy":"product_cat","embeddable":true,"href":"https:\/\/purama.lt\/lv\/wp-json\/wp\/v2\/product_cat?post=41657"},{"taxonomy":"product_tag","embeddable":true,"href":"https:\/\/purama.lt\/lv\/wp-json\/wp\/v2\/product_tag?post=41657"}],"curies":[{"name":"wp","href":"https:\/\/api.w.org\/{rel}","templated":true}]}}