{"id":41432,"date":"2025-10-27T13:56:48","date_gmt":"2025-10-27T11:56:48","guid":{"rendered":"https:\/\/purama.lt\/produktas\/equilibre-libido-guminukai-vyrams-ir-moterims-3\/"},"modified":"2026-03-10T13:16:31","modified_gmt":"2026-03-10T11:16:31","slug":"equilibre-libido-gumijas-viriesiem-un-sievietem","status":"publish","type":"product","link":"https:\/\/purama.lt\/lv\/produktas\/equilibre-libido-guminukai-vyrams-ir-moterims\/","title":{"rendered":"Equilibre Libido gumijas v\u012brie\u0161iem un sieviet\u0113m"},"content":{"rendered":"<p><strong>Pat\u0113ri\u0146\u0161<\/strong><br>Pieaugu\u0161ajiem: 2 gumijas dien\u0101; p\u0113c piepras\u012bjuma l\u012bdz 3 gumij\u0101m dien\u0101.<br>Nep\u0101rsniegt 7 gumijas dien\u0101; tikai pieaugu\u0161ajiem; nav piem\u0113rots gr\u016btniec\u0113m un sieviet\u0113m, kas baro b\u0113rnu ar kr\u016bti.<br>Uzglab\u0101t v\u0113s\u0101, saus\u0101 viet\u0101; iev\u0113rot iepakojuma nor\u0101d\u012bjumus.<\/p>\n\n\n\n<p><strong>Sast\u0101vda\u013cas<\/strong><br>glikozes s\u012brups, bie\u0161u cukurs, \u016bdens, \u017eelejo\u0161\u0101 viela (pekt\u012bns), kanabidiols, katuabas ekstrakts, dami\u0101nas ekstrakts, ginkgo biloba ekstrakts, sarkan\u0101 \u017ee\u0146\u0161e\u0146a ekstrakts, tribulus terrestris ekstrakts, johimbes ekstrakts, aromatiz\u0113t\u0101ji, dab\u012bgais kr\u0101sviela (bie\u0161u pulveris), pask\u0101bino\u0161\u0101 viela (\u0101bolsk\u0101be), p\u0101rkl\u0101juma veidot\u0101js (cukurs).<\/p>\n\n\n\n<p><strong>P\u0101rtikas apstr\u0101des sertifik\u0101ts:\u00a0<\/strong>69MTSPA-667<\/p>","protected":false},"excerpt":{"rendered":"<p data-start=\"0\" data-end=\"472\"><strong data-start=\"16\" data-end=\"46\">\u00c9quilibre - Libido Gummies<\/strong> Veg\u0101nisk\u0101s pekt\u012bna gumijas ar CBD un adaptog\u0113no augu kompleksu (catuaba, dami\u0101na, ginkgo, sarkanais \u017ee\u0146\u0161e\u0146s, tribuluss, johimbe) ikdienas int\u012bm\u0101s labsaj\u016btas uztur\u0113\u0161anai. Izbaudiet <strong data-start=\"242\" data-end=\"262\">me\u017ea zemenes<\/strong> \u0112rti izmantot k\u0101 \u012bsu 15 dienu kursu. Formulas pamat\u0101 ir pla\u0161i p\u0113t\u012btas sast\u0101vda\u013cas - <strong data-start=\"372\" data-end=\"379\">CBD<\/strong> un adaptog\u0113nie augi, kas pal\u012bdz atsl\u0101bin\u0101ties un saglab\u0101t emocion\u0101lo l\u012bdzsvaru.<\/p>\n<p data-start=\"474\" data-end=\"706\"><strong data-start=\"474\" data-end=\"497\">K\u0101p\u0113c izv\u0113l\u0113ties<\/strong><br data-start=\"497\" data-end=\"500\" \/><strong data-start=\"500\" data-end=\"506\">\u2714\ufe0f<\/strong> CBD + 6 adaptog\u0113nu augu komplekss<br data-start=\"546\" data-end=\"549\" \/><strong data-start=\"549\" data-end=\"555\">\u2714\ufe0f<\/strong> Veg\u0101ns (pekt\u012bns), bez \u017eelat\u012bna<br data-start=\"590\" data-end=\"593\" \/><strong data-start=\"593\" data-end=\"599\">\u2714\ufe0f<\/strong> Nesatur THC, ra\u017eots Francij\u0101<br data-start=\"630\" data-end=\"633\" \/><strong data-start=\"633\" data-end=\"639\">\u2714\ufe0f<\/strong> Savva\u013cas zeme\u0146u gar\u0161a<br data-start=\"663\" data-end=\"666\" \/><strong data-start=\"666\" data-end=\"672\">\u2714\ufe0f<\/strong> \u0112rts kursam: skaidra dienas likme<\/p>","protected":false},"featured_media":41401,"comment_status":"open","ping_status":"closed","template":"","meta":{"_acf_changed":false},"product_brand":[423],"product_cat":[276,278,277],"product_tag":[],"class_list":{"0":"post-41432","1":"product","2":"type-product","3":"status-publish","4":"has-post-thumbnail","6":"product_brand-equilibre","7":"product_cat-seksualinei-sveikatai","8":"product_cat-moterims","9":"product_cat-vyrams","11":"first","12":"instock","13":"shipping-taxable","14":"purchasable","15":"product-type-simple"},"acf":[],"tiered_pricing_type":"fixed","tiered_pricing_fixed_rules":[],"tiered_pricing_product_settings":{"layout":"default","base_unit_name":{"singular":null,"plural":null},"default_variation":null},"tiered_pricing_minimum_quantity":null,"tiered_pricing_roles_data":[],"tiered_pricing_percentage_rules":[],"_links":{"self":[{"href":"https:\/\/purama.lt\/lv\/wp-json\/wp\/v2\/product\/41432","targetHints":{"allow":["GET"]}}],"collection":[{"href":"https:\/\/purama.lt\/lv\/wp-json\/wp\/v2\/product"}],"about":[{"href":"https:\/\/purama.lt\/lv\/wp-json\/wp\/v2\/types\/product"}],"replies":[{"embeddable":true,"href":"https:\/\/purama.lt\/lv\/wp-json\/wp\/v2\/comments?post=41432"}],"wp:featuredmedia":[{"embeddable":true,"href":"https:\/\/purama.lt\/lv\/wp-json\/wp\/v2\/media\/41401"}],"wp:attachment":[{"href":"https:\/\/purama.lt\/lv\/wp-json\/wp\/v2\/media?parent=41432"}],"wp:term":[{"taxonomy":"product_brand","embeddable":true,"href":"https:\/\/purama.lt\/lv\/wp-json\/wp\/v2\/product_brand?post=41432"},{"taxonomy":"product_cat","embeddable":true,"href":"https:\/\/purama.lt\/lv\/wp-json\/wp\/v2\/product_cat?post=41432"},{"taxonomy":"product_tag","embeddable":true,"href":"https:\/\/purama.lt\/lv\/wp-json\/wp\/v2\/product_tag?post=41432"}],"curies":[{"name":"wp","href":"https:\/\/api.w.org\/{rel}","templated":true}]}}