{"id":41431,"date":"2025-10-27T13:56:47","date_gmt":"2025-10-27T11:56:47","guid":{"rendered":"https:\/\/purama.lt\/produktas\/equilibre-miego-guminukai-3\/"},"modified":"2026-02-17T10:12:21","modified_gmt":"2026-02-17T08:12:21","slug":"equilibre-miega-smaganas","status":"publish","type":"product","link":"https:\/\/purama.lt\/lv\/produktas\/equilibre-miego-guminukai\/","title":{"rendered":"Equilibre Miega gumija"},"content":{"rendered":"<p><strong>Pat\u0113ri\u0146\u0161<\/strong><br>S\u0101ciet ar 1 ko\u0161\u013c\u0101jamo gumiju vakar\u0101 un pak\u0101peniski palieliniet devu.<br>Parast\u0101 dienas deva: 2-7 gumijas dien\u0101; j\u0101iev\u0113ro tas pats vakara re\u017e\u012bms 30 dienas.<br>Ja jums ir k\u0101das \u0161aubas vai jut\u012bgums, iev\u0113rojiet uz iepakojuma sniegtos nor\u0101d\u012bjumus.<\/p>\n\n\n\n<p><strong>Sast\u0101vda\u013cas<\/strong><br>glikozes s\u012brups, bie\u0161u cukurs, \u016bdens, \u017eelejo\u0161\u0101 viela pekt\u012bns, kanabidiols, kanabinols, terp\u0113ni, aromatiz\u0113t\u0101ji, dab\u012bgs kr\u0101sviela, pask\u0101bin\u0101t\u0101js \u0101bolsk\u0101be, p\u0101rkl\u0101jviela cukurs.<\/p>\n\n\n\n<p><strong>P\u0101rtikas apstr\u0101des sertifik\u0101ts:\u00a0<\/strong>69MTSPA-667<\/p>","protected":false},"excerpt":{"rendered":"<p data-start=\"0\" data-end=\"489\"><strong data-start=\"16\" data-end=\"45\">\u00c9quilibre - Miega ko\u0161\u013c\u0101jam\u0101s konfektes<\/strong> ir veg\u0101ns pekt\u012bna gumijs vakara relaks\u0101cijas ritu\u0101lam, ar <strong data-start=\"110\" data-end=\"123\">CBD + CBN<\/strong> un dabiskie mediji <strong data-start=\"150\" data-end=\"188\">mirc\u0113ns, limon\u0113ns, trans-nerolidols.<\/strong>. Aug\u013ci <strong data-start=\"199\" data-end=\"219\">sarkanie aug\u013ci<\/strong> arom\u0101ts, nesatur THC, ra\u017eots Francij\u0101. Aptuveni viena ko\u0161\u013c\u0101jam\u0101 gumija vien\u0101 gumij\u0101 <strong data-start=\"282\" data-end=\"303\">10 mg kanabino\u012bdu<\/strong> (CBD + CBN) - \u0113rta doz\u0113\u0161ana un atbalsts mier\u012bgam miegam. Formulas pamat\u0101 ir labi izp\u0113t\u012bts kanabino\u012bdu fitokomplekss (kanabino\u012bdi un terp\u0113ni), kas pal\u012bdz nomierin\u0101ties pirms gul\u0113tie\u0161anas.<\/p>\n<p data-start=\"491\" data-end=\"748\"><strong data-start=\"491\" data-end=\"514\">K\u0101p\u0113c izv\u0113l\u0113ties<\/strong><br data-start=\"514\" data-end=\"517\" \/><strong data-start=\"517\" data-end=\"523\">\u2714\ufe0f<\/strong> 10 mg kanabino\u012bdu vien\u0101 gumij\u0101 (CBD + CBN)<br data-start=\"570\" data-end=\"573\" \/><strong data-start=\"573\" data-end=\"579\">\u2714\ufe0f<\/strong> Terp\u0113nu trio: mirc\u0113ns, limon\u0113ns, trans-nerolidols.<br data-start=\"628\" data-end=\"631\" \/><strong data-start=\"631\" data-end=\"637\">\u2714\ufe0f<\/strong> Veg\u0101ns (pekt\u012bns), bez THC<br data-start=\"666\" data-end=\"669\" \/><strong data-start=\"669\" data-end=\"675\">\u2714\ufe0f<\/strong> Pat\u012bkama sarkano aug\u013cu gar\u0161a<br data-start=\"707\" data-end=\"710\" \/><strong data-start=\"710\" data-end=\"716\">\u2714\ufe0f<\/strong> \u0112rts kurss: ~30 dienu rut\u012bnas re\u017e\u012bms<\/p>","protected":false},"featured_media":41403,"comment_status":"open","ping_status":"closed","template":"","meta":{"_acf_changed":false},"product_brand":[423],"product_cat":[123,271,269],"product_tag":[],"class_list":{"0":"post-41431","1":"product","2":"type-product","3":"status-publish","4":"has-post-thumbnail","6":"product_brand-equilibre","7":"product_cat-papildai-ilgaamziskumui","8":"product_cat-miego-kokybe","9":"product_cat-stresui-ir-miegui","11":"first","12":"instock","13":"shipping-taxable","14":"purchasable","15":"product-type-simple"},"acf":[],"tiered_pricing_type":"fixed","tiered_pricing_fixed_rules":[],"tiered_pricing_product_settings":{"layout":"default","base_unit_name":{"singular":null,"plural":null},"default_variation":null},"tiered_pricing_minimum_quantity":null,"tiered_pricing_roles_data":[],"tiered_pricing_percentage_rules":[],"_links":{"self":[{"href":"https:\/\/purama.lt\/lv\/wp-json\/wp\/v2\/product\/41431","targetHints":{"allow":["GET"]}}],"collection":[{"href":"https:\/\/purama.lt\/lv\/wp-json\/wp\/v2\/product"}],"about":[{"href":"https:\/\/purama.lt\/lv\/wp-json\/wp\/v2\/types\/product"}],"replies":[{"embeddable":true,"href":"https:\/\/purama.lt\/lv\/wp-json\/wp\/v2\/comments?post=41431"}],"wp:featuredmedia":[{"embeddable":true,"href":"https:\/\/purama.lt\/lv\/wp-json\/wp\/v2\/media\/41403"}],"wp:attachment":[{"href":"https:\/\/purama.lt\/lv\/wp-json\/wp\/v2\/media?parent=41431"}],"wp:term":[{"taxonomy":"product_brand","embeddable":true,"href":"https:\/\/purama.lt\/lv\/wp-json\/wp\/v2\/product_brand?post=41431"},{"taxonomy":"product_cat","embeddable":true,"href":"https:\/\/purama.lt\/lv\/wp-json\/wp\/v2\/product_cat?post=41431"},{"taxonomy":"product_tag","embeddable":true,"href":"https:\/\/purama.lt\/lv\/wp-json\/wp\/v2\/product_tag?post=41431"}],"curies":[{"name":"wp","href":"https:\/\/api.w.org\/{rel}","templated":true}]}}