{"id":41430,"date":"2025-10-27T13:56:46","date_gmt":"2025-10-27T11:56:46","guid":{"rendered":"https:\/\/purama.lt\/produktas\/equilibre-relax-guminukai-nuo-streso-3\/"},"modified":"2026-04-23T09:40:32","modified_gmt":"2026-04-23T07:40:32","slug":"equilibre-relax-pretstresa-gumija-3","status":"publish","type":"product","link":"https:\/\/purama.lt\/lv\/produktas\/equilibre-relax-guminukai-nuo-streso-3\/","title":{"rendered":"Equilibre Relax stresa mazin\u0101\u0161anas gumijas"},"content":{"rendered":"<p><strong>Pat\u0113ri\u0146\u0161<\/strong><br>S\u0101ciet ar 1-2 gumij\u0101m no r\u012bta; p\u0113c vajadz\u012bbas pak\u0101peniski palieliniet devu.<br>Maksim\u0101l\u0101 dienas deva: <strong>l\u012bdz 5 gumijas bumbi\u0146\u0101m<\/strong> un <strong>ne vair\u0101k k\u0101 50 mg CBD dien\u0101.<\/strong><br>Tikai pieaugu\u0161ajiem; <strong>nav piem\u0113rots gr\u016btniec\u0113m un sieviet\u0113m lakt\u0101cijas period\u0101<\/strong>; uzglab\u0101t v\u0113s\u0101, saus\u0101 viet\u0101; nepiem\u0113rot\u012bbas vai jut\u012bguma gad\u012bjum\u0101 - <strong>iev\u0113rojiet uz iepakojuma nor\u0101d\u012bjumus.<\/strong><\/p>\n\n\n\n<p><strong>Sast\u0101vda\u013cas<\/strong><br>glikozes s\u012brups, bie\u0161u cukurs, \u016bdens, pekt\u012bns, kanabidiols, kanabinols, terp\u0113ni, aromatiz\u0113t\u0101ji, dab\u012bgais kr\u0101sviela, \u0101bolsk\u0101be, cukurs, cukurs.<\/p>\n\n\n\n<p><strong>P\u0101rtikas apstr\u0101des sertifik\u0101ts:\u00a0<\/strong>69MTSPA-667<\/p>","protected":false},"excerpt":{"rendered":"<p data-start=\"0\" data-end=\"501\"><strong data-start=\"16\" data-end=\"45\">\u00c9quilibre - Relax Gummies<\/strong> ir veg\u0101niska pekt\u012bna sve\u0137u gumija ikdienas nomierino\u0161am ritu\u0101lam. <strong data-start=\"115\" data-end=\"145\">10 mg CBD vien\u0101 gumij\u0101<\/strong> un <strong data-start=\"149\" data-end=\"160\">terp\u0113ni<\/strong> trijule - <strong data-start=\"171\" data-end=\"207\">mirc\u0113ns, kariofil\u0113ns, limon\u0113ns.<\/strong>. Maigs <strong data-start=\"218\" data-end=\"230\">vijol\u012btes<\/strong> gar\u0161u, <strong data-start=\"239\" data-end=\"249\">b\u016bt THC<\/strong>, ra\u017eots Francij\u0101. \u0112rti lietot dienas laik\u0101, kad v\u0113laties liel\u0101ku mieru un emocion\u0101lo l\u012bdzsvaru. Terp\u0113ni kombin\u0101cij\u0101 ar kanabino\u012bdiem bie\u017ei tiek apspriesti k\u0101 pal\u012bgl\u012bdzek\u013ci, kas pal\u012bdz pastiprin\u0101t \u201eentourage\u201c efektu. <strong data-start=\"456\" data-end=\"500\">smalka, dabiska relaks\u0101cijas saj\u016bta<\/strong>.<\/p>\n<p data-start=\"503\" data-end=\"745\"><strong data-start=\"503\" data-end=\"526\">K\u0101p\u0113c izv\u0113l\u0113ties<\/strong><br data-start=\"526\" data-end=\"529\" \/>\u2714\ufe0f 10 mg CBD\/gumija + terp\u0113nu trio (mirc\u0113ns, kariofil\u0113ns, limon\u0113ns)<br data-start=\"600\" data-end=\"603\" \/>\u2714\ufe0f Veg\u0101ns (pekt\u012bns), <strong data-start=\"628\" data-end=\"638\">b\u016bt THC<\/strong><br data-start=\"638\" data-end=\"641\" data-is-only-node=\"\" \/>\u2714\ufe0f Delik\u0101ta violet\u0101 gar\u0161a<br data-start=\"667\" data-end=\"670\" \/>\u2714\ufe0f Ra\u017eots un test\u0113ts Francij\u0101<br data-start=\"706\" data-end=\"709\" \/>\u2714\ufe0f \u0112rts kurss: skaidra dienas likme<\/p>","protected":false},"featured_media":41402,"comment_status":"open","ping_status":"closed","template":"","meta":{"_acf_changed":false},"product_brand":[423],"product_cat":[123,57,393,259,256],"product_tag":[],"class_list":{"0":"post-41430","1":"product","2":"type-product","3":"status-publish","4":"has-post-thumbnail","6":"product_brand-equilibre","7":"product_cat-papildai-ilgaamziskumui","8":"product_cat-akcijos","9":"product_cat-dovanu-idejos","10":"product_cat-nuotaika-ir-stresas","11":"product_cat-smegenims-ir-atminciai","13":"first","14":"instock","15":"sale","16":"shipping-taxable","17":"purchasable","18":"product-type-simple"},"acf":[],"tiered_pricing_type":"fixed","tiered_pricing_fixed_rules":[],"tiered_pricing_product_settings":{"layout":"default","base_unit_name":{"singular":null,"plural":null},"default_variation":null},"tiered_pricing_minimum_quantity":null,"tiered_pricing_roles_data":[],"tiered_pricing_percentage_rules":[],"_links":{"self":[{"href":"https:\/\/purama.lt\/lv\/wp-json\/wp\/v2\/product\/41430","targetHints":{"allow":["GET"]}}],"collection":[{"href":"https:\/\/purama.lt\/lv\/wp-json\/wp\/v2\/product"}],"about":[{"href":"https:\/\/purama.lt\/lv\/wp-json\/wp\/v2\/types\/product"}],"replies":[{"embeddable":true,"href":"https:\/\/purama.lt\/lv\/wp-json\/wp\/v2\/comments?post=41430"}],"wp:featuredmedia":[{"embeddable":true,"href":"https:\/\/purama.lt\/lv\/wp-json\/wp\/v2\/media\/41402"}],"wp:attachment":[{"href":"https:\/\/purama.lt\/lv\/wp-json\/wp\/v2\/media?parent=41430"}],"wp:term":[{"taxonomy":"product_brand","embeddable":true,"href":"https:\/\/purama.lt\/lv\/wp-json\/wp\/v2\/product_brand?post=41430"},{"taxonomy":"product_cat","embeddable":true,"href":"https:\/\/purama.lt\/lv\/wp-json\/wp\/v2\/product_cat?post=41430"},{"taxonomy":"product_tag","embeddable":true,"href":"https:\/\/purama.lt\/lv\/wp-json\/wp\/v2\/product_tag?post=41430"}],"curies":[{"name":"wp","href":"https:\/\/api.w.org\/{rel}","templated":true}]}}