{"id":41428,"date":"2025-10-27T13:56:44","date_gmt":"2025-10-27T11:56:44","guid":{"rendered":"https:\/\/purama.lt\/produktas\/azur-natural-bodycare-bv-atgaivos-dovanu-rinkinys-3\/"},"modified":"2026-04-22T12:20:26","modified_gmt":"2026-04-22T10:20:26","slug":"azur-natural-bodycare-bv-atsvaidzinoss-davanu-komplekts-3","status":"publish","type":"product","link":"https:\/\/purama.lt\/lv\/produktas\/azur-natural-bodycare-bv-atgaivos-dovanu-rinkinys-3\/","title":{"rendered":"Azur Natural Bodycare BV atjaunojo\u0161s d\u0101vanu komplekts"},"content":{"rendered":"<p><strong>Izmanto\u0161ana<\/strong><br>Pievienojiet siltai vannai vai k\u0101ju vannai <strong>puse vai visa caurule<\/strong>, \u013caujiet tam izkust un dzi\u013ci ieelpojiet arom\u0101tu.<br>Iev\u0113rojiet uz iepakojuma nor\u0101d\u012bjumus.<\/p>\n\n\n\n<p><strong>Sast\u0101vda\u013cas<\/strong><br>magnija sulf\u0101ts, n\u0101trija bikarbon\u0101ts, prunus amygdalus dulcis e\u013c\u013ca, eikalipta lapu e\u013c\u013ca, citrus sinensis mizu e\u013c\u013ca, rosmarinus officinalis lapu e\u013c\u013ca, pelargonium graveolens ziedu e\u013c\u013ca, citrus paradisi mizu e\u013c\u013ca.<\/p>","protected":false},"excerpt":{"rendered":"<p data-start=\"0\" data-end=\"752\"><strong data-start=\"16\" data-end=\"69\">Azur Natural Bodycare - D\u0101vanu komplekts BATHTIME STORIES:<\/strong>\u00a0Tr\u012bs smar\u017e\u012bgo vannas s\u0101\u013cu komplekts elegant\u0101s stikla t\u016bbi\u0146\u0101s - \u0113rts veids, k\u0101 m\u0101j\u0101s izveidot l\u0113nu, relaks\u0113jo\u0161u ritu\u0101lu. Katrs mais\u012bjums ir izgatavots no <strong data-start=\"272\" data-end=\"298\">magnija (Epsoma) s\u0101ls<\/strong>, <strong data-start=\"300\" data-end=\"309\">g\u0101z\u0113tie dz\u0113rieni<\/strong>, <strong data-start=\"311\" data-end=\"356\">auksti spiesta saldo mande\u013cu e\u013c\u013ca<\/strong> un <strong data-start=\"360\" data-end=\"394\">100% Dabisk\u0101s \u0113terisk\u0101s e\u013c\u013cas<\/strong>. Arom\u0101ti: <strong data-start=\"406\" data-end=\"421\">Pirts saj\u016btas<\/strong> (eikalipts), <strong data-start=\"436\" data-end=\"453\">Saulrieta sap\u0146i<\/strong> (apels\u012bns, eikalipts, rozmar\u012bns), <strong data-start=\"491\" data-end=\"506\">Savva\u013cas zieds<\/strong> (\u0123er\u0101niju, greipfr\u016btu). Sast\u0101v\u0101 nav m\u0101ksl\u012bgo smar\u017evielu, tas ir roku darbs N\u012bderland\u0113 un piem\u0113rots jut\u012bgai \u0101dai. Vienk\u0101r\u0161a, est\u0113tiska d\u0101vana ikdienas atp\u016btai, kuras pamat\u0101 ir labi paz\u012bstamais magnija s\u0101ls m\u0113rc\u0113\u0161anas princips pat\u012bkamai relaks\u0101cijai.<\/p>\n<p data-start=\"754\" data-end=\"1080\"><strong data-start=\"754\" data-end=\"777\">K\u0101p\u0113c izv\u0113l\u0113ties<\/strong><br data-start=\"777\" data-end=\"780\" \/>\u2714\ufe0f Tr\u012bs smar\u017eu komplekts vien\u0101 d\u0101vanu form\u0101t\u0101<br data-start=\"833\" data-end=\"836\" \/>\u2714\ufe0f Magnija s\u0101ls un dzeram\u0101 soda t\u012brai, relaks\u0113jo\u0161ai m\u0113rc\u0113\u0161anai.<br data-start=\"896\" data-end=\"899\" \/>\u2714\ufe0f Saldo mande\u013cu e\u013c\u013ca padara \u0101du maigu un barotu.<br data-start=\"961\" data-end=\"964\" \/>\u2714\ufe0f 100% Dab\u012bgas smar\u017evielas, bez parfim\u0113rijas kompoz\u012bcij\u0101m<br data-start=\"1017\" data-end=\"1020\" \/>\u2714\ufe0f Roku darbs N\u012bderland\u0113; piem\u0113rots jut\u012bgai \u0101dai<\/p>","protected":false},"featured_media":41409,"comment_status":"open","ping_status":"closed","template":"","meta":{"_acf_changed":false},"product_brand":[408],"product_cat":[500],"product_tag":[],"class_list":{"0":"post-41428","1":"product","2":"type-product","3":"status-publish","4":"has-post-thumbnail","6":"product_brand-azur","7":"product_cat-outlet","9":"first","10":"instock","11":"sale","12":"shipping-taxable","13":"purchasable","14":"product-type-simple"},"acf":[],"tiered_pricing_type":"fixed","tiered_pricing_fixed_rules":[],"tiered_pricing_product_settings":{"layout":"default","base_unit_name":{"singular":null,"plural":null},"default_variation":null},"tiered_pricing_minimum_quantity":null,"tiered_pricing_roles_data":[],"tiered_pricing_percentage_rules":[],"_links":{"self":[{"href":"https:\/\/purama.lt\/lv\/wp-json\/wp\/v2\/product\/41428","targetHints":{"allow":["GET"]}}],"collection":[{"href":"https:\/\/purama.lt\/lv\/wp-json\/wp\/v2\/product"}],"about":[{"href":"https:\/\/purama.lt\/lv\/wp-json\/wp\/v2\/types\/product"}],"replies":[{"embeddable":true,"href":"https:\/\/purama.lt\/lv\/wp-json\/wp\/v2\/comments?post=41428"}],"wp:featuredmedia":[{"embeddable":true,"href":"https:\/\/purama.lt\/lv\/wp-json\/wp\/v2\/media\/41409"}],"wp:attachment":[{"href":"https:\/\/purama.lt\/lv\/wp-json\/wp\/v2\/media?parent=41428"}],"wp:term":[{"taxonomy":"product_brand","embeddable":true,"href":"https:\/\/purama.lt\/lv\/wp-json\/wp\/v2\/product_brand?post=41428"},{"taxonomy":"product_cat","embeddable":true,"href":"https:\/\/purama.lt\/lv\/wp-json\/wp\/v2\/product_cat?post=41428"},{"taxonomy":"product_tag","embeddable":true,"href":"https:\/\/purama.lt\/lv\/wp-json\/wp\/v2\/product_tag?post=41428"}],"curies":[{"name":"wp","href":"https:\/\/api.w.org\/{rel}","templated":true}]}}