{"id":41242,"date":"2025-10-24T08:06:57","date_gmt":"2025-10-24T06:06:57","guid":{"rendered":"https:\/\/purama.lt\/produktas\/wosome-papildu-sistema-moterims\/"},"modified":"2026-03-31T13:03:47","modified_gmt":"2026-03-31T11:03:47","slug":"wosome-papildinajumu-sistema-sievietem","status":"publish","type":"product","link":"https:\/\/purama.lt\/lv\/produktas\/wosome-papildu-sistema-moterims\/","title":{"rendered":"Wosome papildin\u0101jumu sist\u0113ma sieviet\u0113m"},"content":{"rendered":"<p><strong>Pat\u0113ri\u0146\u0161<\/strong><br>Lietojiet 3 kapsulas dien\u0101 dienas pirmaj\u0101 pus\u0113 kop\u0101 ar \u0113dienu: folikul\u0101r\u0101s f\u0101zes kapsulas 1.-15. dien\u0101, lute\u0101l\u0101s f\u0101zes kapsulas 16.-30. dien\u0101.<br>S\u0101ciet no pirm\u0101s asi\u0146o\u0161anas dienas; cikla vid\u016b p\u0101rejiet uz 2. f\u0101zi un atk\u0101rtojiet.<br>Uztura bag\u0101tin\u0101t\u0101ji neaizst\u0101j sabalans\u0113tu uzturu; gr\u016btniec\u012bbas laik\u0101 un individu\u0101lo vajadz\u012bbu gad\u012bjum\u0101 konsult\u0113jieties ar savu \u0101rstu.<\/p>\n\n\n\n<p><strong>Sast\u0101vda\u013cas<\/strong><br>magnija bisglicin\u0101ts, glaz\u0113jo\u0161a viela hidroksipropilmetilceluloze, Rhodiola rhodolina saknes ekstrakts (&gt;3% rosav\u012bni), pildviela celuloze, lipin\u0101t\u0101js tauksk\u0101bju magnija s\u0101\u013ci, piridoks\u012bna hidrohlor\u012bds, metilkobalam\u012bns, l-selenometion\u012bns, magnija bisglicin\u0101ts, glaz\u0113jo\u0161a viela hidroksipropilmetilceluloze, pildviela celuloze, cinka bisglicin\u0101ts, saistviela, tauksk\u0101bju magnija s\u0101\u013ci, piridoks\u012bna hidrohlor\u012bds, sausais \u012bst\u0101 s\u0101rtasv\u012brusa aug\u013cu ekstrakts (&gt;1,5% zem UV), metilkobalam\u012bns.<\/p>\n\n\n\n<p><strong>P\u0101rtikas apstr\u0101des sertifik\u0101ts:\u00a0<\/strong>69MTSPA-667<\/p>","protected":false},"excerpt":{"rendered":"<p data-start=\"0\" data-end=\"618\"><strong data-start=\"16\" data-end=\"54\">Wosome - sievie\u0161u uztura bag\u0101tin\u0101t\u0101ju sist\u0113ma<\/strong>: divf\u0101\u017eu uztura bag\u0101tin\u0101t\u0101ju sist\u0113ma kapsul\u0101s, kas piel\u0101gota folikul\u0101rajai (1-15 dienas) un lute\u0101lajai (16-30 dienas) cikla da\u013cai. <strong data-start=\"205\" data-end=\"278\">Pal\u012bdz uztur\u0113t ikdienas ener\u0123iju, garast\u0101vok\u013ca l\u012bdzsvaru un miega kvalit\u0101ti.<\/strong>, un m\u0113r\u0137a sast\u0101vda\u013cas tiek izv\u0113l\u0113tas laik\u0101, kad t\u0101s ir visvair\u0101k vajadz\u012bgas. Caursp\u012bd\u012bgaj\u0101 sast\u0101v\u0101 ir B6 un B12, magnijs, cinks un sel\u0113ns, k\u0101 ar\u012b adaptog\u0113ni (rodiola, vitex). Zin\u0101tniskais pamatojums: formula ir balst\u012bta uz <strong data-start=\"483\" data-end=\"502\">labi izp\u0113t\u012bts<\/strong> sast\u0101vda\u013cas, piem\u0113ram, vitex, ko tradicion\u0101li izmanto cikla komforta nodro\u0161in\u0101\u0161anai, un rodiola, kas pal\u012bdz p\u0101rvar\u0113t nogurumu.<\/p>\n<p data-start=\"620\" data-end=\"1028\"><strong data-start=\"620\" data-end=\"643\">K\u0101p\u0113c izv\u0113l\u0113ties<\/strong><br data-start=\"643\" data-end=\"646\" \/><strong data-start=\"646\" data-end=\"652\">\u2714\ufe0f<\/strong> Apvienojum\u0101 ar dabisko cikla ritmu: atsevi\u0161\u0137as formulas 1.-15. un 16.-30. dienai.<br data-start=\"727\" data-end=\"730\" \/><strong data-start=\"730\" data-end=\"736\">\u2714\ufe0f<\/strong> B6, B12, magnijs, cinks, sel\u0113ns - ikdienas hormonu un nervu sist\u0113mas atbalstam.<br data-start=\"819\" data-end=\"822\" \/><strong data-start=\"822\" data-end=\"828\">\u2714\ufe0f<\/strong> Adaptog\u0113ni (rodiola, vitex) - m\u0113r\u0137tiec\u012bgai ener\u0123ijas un PMS komforta uzlabo\u0161anai.<br data-start=\"897\" data-end=\"900\" \/><strong data-start=\"900\" data-end=\"906\">\u2714\ufe0f<\/strong> Bez hormoniem, bez liekiem pildviel\u0101m; caursp\u012bd\u012bgs, veg\u0101nisks sast\u0101vs.<br data-start=\"970\" data-end=\"973\" \/><strong data-start=\"973\" data-end=\"979\">\u2714\ufe0f<\/strong> Ra\u017eots Lietuv\u0101, GMP sertific\u0113t\u0101 r\u016bpn\u012bc\u0101<\/p>","protected":false},"featured_media":41235,"comment_status":"open","ping_status":"closed","template":"","meta":{"_acf_changed":true},"product_brand":[],"product_cat":[278,123,276],"product_tag":[],"class_list":{"0":"post-41242","1":"product","2":"type-product","3":"status-publish","4":"has-post-thumbnail","6":"product_cat-moterims","7":"product_cat-papildai-ilgaamziskumui","8":"product_cat-seksualinei-sveikatai","10":"first","11":"instock","12":"shipping-taxable","13":"purchasable","14":"product-type-simple"},"acf":[],"tiered_pricing_type":"fixed","tiered_pricing_fixed_rules":[],"tiered_pricing_product_settings":{"layout":"default","base_unit_name":{"singular":null,"plural":null},"default_variation":null},"tiered_pricing_minimum_quantity":null,"tiered_pricing_roles_data":[],"tiered_pricing_percentage_rules":[],"_links":{"self":[{"href":"https:\/\/purama.lt\/lv\/wp-json\/wp\/v2\/product\/41242","targetHints":{"allow":["GET"]}}],"collection":[{"href":"https:\/\/purama.lt\/lv\/wp-json\/wp\/v2\/product"}],"about":[{"href":"https:\/\/purama.lt\/lv\/wp-json\/wp\/v2\/types\/product"}],"replies":[{"embeddable":true,"href":"https:\/\/purama.lt\/lv\/wp-json\/wp\/v2\/comments?post=41242"}],"wp:featuredmedia":[{"embeddable":true,"href":"https:\/\/purama.lt\/lv\/wp-json\/wp\/v2\/media\/41235"}],"wp:attachment":[{"href":"https:\/\/purama.lt\/lv\/wp-json\/wp\/v2\/media?parent=41242"}],"wp:term":[{"taxonomy":"product_brand","embeddable":true,"href":"https:\/\/purama.lt\/lv\/wp-json\/wp\/v2\/product_brand?post=41242"},{"taxonomy":"product_cat","embeddable":true,"href":"https:\/\/purama.lt\/lv\/wp-json\/wp\/v2\/product_cat?post=41242"},{"taxonomy":"product_tag","embeddable":true,"href":"https:\/\/purama.lt\/lv\/wp-json\/wp\/v2\/product_tag?post=41242"}],"curies":[{"name":"wp","href":"https:\/\/api.w.org\/{rel}","templated":true}]}}