{"id":41240,"date":"2025-10-24T08:06:55","date_gmt":"2025-10-24T06:06:55","guid":{"rendered":"https:\/\/purama.lt\/produktas\/duschkind-happy-moments-veganiskas-kosmetikos-rinkinys\/"},"modified":"2026-04-14T09:42:00","modified_gmt":"2026-04-14T07:42:00","slug":"duschkind-happy-moments-veganu-kosmetikas-komplekts","status":"publish","type":"product","link":"https:\/\/purama.lt\/lv\/produktas\/duschkind-happy-moments-veganiskas-kosmetikos-rinkinys\/","title":{"rendered":"Duschkind Happy Moments veg\u0101nu kosm\u0113tikas komplekts"},"content":{"rendered":"<p><strong>Izmanto\u0161ana<\/strong><br>Samitriniet matus un \u0161amp\u016bnu, iep\u016btiet, iemas\u0113jiet galvas \u0101d\u0101 un matos, noskalojiet.<br>Nedaudz samitriniet kondicionieri, p\u0101rlaidiet to pa t\u012briem, mitriem matiem (\u012bpa\u0161i matu galiem), atst\u0101jiet uz 1-3 min\u016bt\u0113m un labi izskalojiet.<br>P\u0113c lieto\u0161anas \u013caujiet iz\u017e\u016bt uz lufas palikt\u0146a; uzglab\u0101jiet saus\u0101 viet\u0101 koka kast\u0113.<\/p>\n\n\n\n<p><strong>Sast\u0101vda\u013cas<\/strong><br>alvejas cietais \u0161amp\u016bns: n\u0101trija kokoilizetion\u0101ts, butyrospermum parkii sviests, theobroma cacao s\u0113klu sviests, glicer\u012bns, parfum, aloe barbadensis lapu ekstrakts, pantenols, distearoiletil dimonija hlor\u012bds, gu\u0101ra hidroksipropiltrimonija hlor\u012bds, cetearilspirts, cetilspirts, glic\u012bna sojas e\u013c\u013ca, tokoferols, montmorillon\u012bts, kaol\u012bns, ci 77007, cietais kondicionieris: cetilspirts, cocos nucifera e\u013c\u013ca, n\u0101trija kokoila izetion\u0101ts, crambe abyssinica s\u0113klu e\u013c\u013ca, brassica oleracea italica s\u0113klu e\u013c\u013ca, behentrimonija hlor\u012bds, hidrogen\u0113ts etilheksila oliv\u0101ts, aqua, parfum, hidroliz\u0113ts r\u012bsu prote\u012bns, hidrogen\u0113ta ol\u012bve\u013c\u013ca bez ziep\u0113m, izopropilspirts, gardenia taitensis ziedu ekstrakts, tokoferols.<\/p>","protected":false},"excerpt":{"rendered":"<p data-start=\"0\" data-end=\"529\"><strong data-start=\"16\" data-end=\"68\">Duschkind - D\u0101vanu kaste \u0161amp\u016bns un kondicionieris<\/strong> \u0160is ir ilgtsp\u0113j\u012bgs d\u0101vanu komplekts ar cietu <strong data-start=\"105\" data-end=\"125\">Aloe Vera 4-in-1<\/strong> \u0161amp\u016bns, ciets kondicionieris, koka uzglab\u0101\u0161anas kaste un \u017e\u0101v\u0113\u0161anas spilventi\u0146\u0161. \u0160amp\u016bns maigi mazg\u0101, putina un ir piem\u0113rots ikdienas rut\u012bnas vajadz\u012bb\u0101m, savuk\u0101rt kondicionieris ar augu e\u013c\u013c\u0101m atvieglo un padara matu iz\u0137emm\u0113\u0161anu glud\u0101ku. Nesatur plastmasu, piem\u0113rots ce\u013co\u0161anai un ikdienas lieto\u0161anai. <strong data-start=\"416\" data-end=\"429\">Alveja<\/strong> un pH sabalans\u0113ta formula pal\u012bdz saglab\u0101t matu un galvas \u0101das komfortu, bez sulf\u0101tiem un silikoniem.<\/p>\n<p data-start=\"531\" data-end=\"925\"><strong data-start=\"531\" data-end=\"554\">K\u0101p\u0113c izv\u0113l\u0113ties<\/strong><br data-start=\"554\" data-end=\"557\" \/><strong data-start=\"557\" data-end=\"563\">\u2714\ufe0f<\/strong> Gatavs d\u0101vin\u0101\u0161anai: dekor\u0113ta kaste, piederumi iek\u0161pus\u0113<br data-start=\"614\" data-end=\"617\" \/><strong data-start=\"617\" data-end=\"623\">\u2714\ufe0f<\/strong> Ciets \u0161amp\u016bns 4 vien\u0101: \u0161amp\u016bns, du\u0161as \u017eeleja, kondicionieris un sk\u016b\u0161an\u0101s putas.<br data-start=\"711\" data-end=\"714\" \/><strong data-start=\"714\" data-end=\"720\">\u2714\ufe0f<\/strong> Ciets kondicionieris ar augu e\u013c\u013c\u0101m viegl\u0101kai iz\u0137emm\u0113\u0161anai<br data-start=\"791\" data-end=\"794\" \/><strong data-start=\"794\" data-end=\"800\">\u2714\ufe0f<\/strong> Koka kaste un mucas paliktnis t\u012brai un \u0101trai \u017e\u0101v\u0113\u0161anai<br data-start=\"864\" data-end=\"867\" \/><strong data-start=\"867\" data-end=\"873\">\u2714\ufe0f<\/strong> Ilgtsp\u0113j\u012bgs iepakojums, kas nesatur plastmasu; nesatur sulf\u0101tus un silikonu.<\/p>","protected":false},"featured_media":41236,"comment_status":"open","ping_status":"closed","template":"","meta":{"_acf_changed":false},"product_brand":[],"product_cat":[92,393,500,304,307],"product_tag":[],"class_list":{"0":"post-41240","1":"product","2":"type-product","3":"status-publish","4":"has-post-thumbnail","6":"product_cat-groziui","7":"product_cat-dovanu-rinkiniai","8":"product_cat-outlet","9":"product_cat-plaukams","10":"product_cat-plauku-sampunai","12":"first","13":"instock","14":"sale","15":"shipping-taxable","16":"purchasable","17":"product-type-simple"},"acf":[],"tiered_pricing_type":"fixed","tiered_pricing_fixed_rules":[],"tiered_pricing_product_settings":{"layout":"default","base_unit_name":{"singular":null,"plural":null},"default_variation":null},"tiered_pricing_minimum_quantity":null,"tiered_pricing_roles_data":[],"tiered_pricing_percentage_rules":[],"_links":{"self":[{"href":"https:\/\/purama.lt\/lv\/wp-json\/wp\/v2\/product\/41240","targetHints":{"allow":["GET"]}}],"collection":[{"href":"https:\/\/purama.lt\/lv\/wp-json\/wp\/v2\/product"}],"about":[{"href":"https:\/\/purama.lt\/lv\/wp-json\/wp\/v2\/types\/product"}],"replies":[{"embeddable":true,"href":"https:\/\/purama.lt\/lv\/wp-json\/wp\/v2\/comments?post=41240"}],"wp:featuredmedia":[{"embeddable":true,"href":"https:\/\/purama.lt\/lv\/wp-json\/wp\/v2\/media\/41236"}],"wp:attachment":[{"href":"https:\/\/purama.lt\/lv\/wp-json\/wp\/v2\/media?parent=41240"}],"wp:term":[{"taxonomy":"product_brand","embeddable":true,"href":"https:\/\/purama.lt\/lv\/wp-json\/wp\/v2\/product_brand?post=41240"},{"taxonomy":"product_cat","embeddable":true,"href":"https:\/\/purama.lt\/lv\/wp-json\/wp\/v2\/product_cat?post=41240"},{"taxonomy":"product_tag","embeddable":true,"href":"https:\/\/purama.lt\/lv\/wp-json\/wp\/v2\/product_tag?post=41240"}],"curies":[{"name":"wp","href":"https:\/\/api.w.org\/{rel}","templated":true}]}}