{"id":41117,"date":"2025-10-22T09:52:10","date_gmt":"2025-10-22T07:52:10","guid":{"rendered":"https:\/\/purama.lt\/produktas\/idc-institute-hidrogeline-lupu-kauke-su-kolagenu\/"},"modified":"2026-03-18T11:12:30","modified_gmt":"2026-03-18T09:12:30","slug":"idc-institute-hidrogelina-maska-ar-kolagenu","status":"publish","type":"product","link":"https:\/\/purama.lt\/lv\/produktas\/idc-institute-hidrogeline-lupu-kauke-su-kolagenu\/","title":{"rendered":"Idc Institute Hidrogela l\u016bpu maska ar kolag\u0113nu"},"content":{"rendered":"<p><strong>Izmanto\u0161ana<\/strong><br>Uzkl\u0101jiet uz t\u012br\u0101m, saus\u0101m l\u016bp\u0101m un atst\u0101jiet uz l\u016bp\u0101m uz \u012bsu br\u012bdi; p\u0113c tam no\u0146emiet un maigi iemas\u0113jiet atlikumus.<br>Br\u012bdin\u0101jumi: lietot tikai \u0101r\u012bgi; izvair\u012bties no saskares ar ac\u012bm; <strong>Nelietot uz iekaisu\u0161as vai boj\u0101tas \u0101das.<\/strong>; ja rodas kairin\u0101jums, p\u0101rtrauciet lietot. Iev\u0113rojiet nor\u0101d\u012bjumus uz iepakojuma.<\/p>\n\n\n\n<p><strong>Sast\u0101vda\u013cas<\/strong><br>aqua (\u016bdens), glicer\u012bns, sorb\u012bts, chondrus crispus, trehalozi, glikomannans, k\u0101lija hlor\u012bds, 1,2-heks\u0101ndiols, hidroksiacetofenons, poligliceril-6-kapril\u0101ts, prol\u012bns, parfum (smar\u017eviela), prunus avium aug\u013cu ekstrakts, fenoksietanols, etilheksilglicer\u012bns, kofe\u012bns, ciklodekstr\u012bns, n\u0101trija hialuron\u0101ts, heksil cinnamal, fd&amp;c red nr.<\/p>","protected":false},"excerpt":{"rendered":"<p data-start=\"0\" data-end=\"479\"><strong data-start=\"16\" data-end=\"70\">IDC instit\u016bts - Glitter Lip Roz\u0101 hidrog\u0113la l\u016bpu maska<\/strong>: <strong data-start=\"100\" data-end=\"126\">hidrog\u0113la l\u016bpu maska<\/strong> ar maigu roz\u0101 mirdzumu, kas pal\u012bdz <strong data-start=\"170\" data-end=\"214\">mitrina, m\u012bkstina un nodro\u0161ina komfortu<\/strong> saus\u0101m, saspr\u0113g\u0101ju\u0161\u0101m l\u016bp\u0101m. Hidrogela b\u0101ze labi piegu\u013c un saglab\u0101 mitrumu, padarot ritu\u0101lu \u0101tru un pat\u012bkamu. Pamatojoties uz labi izp\u0113t\u012btiem mitrin\u0101t\u0101jiem. <strong data-start=\"377\" data-end=\"390\">glicer\u012bns<\/strong> un <strong data-start=\"394\" data-end=\"416\">n\u0101trija hialuron\u0101ts<\/strong>, kas pal\u012bdz piesaist\u012bt un saglab\u0101t \u016bdeni uz \u0101das virsmas.<\/p>\n<p data-start=\"481\" data-end=\"729\"><strong data-start=\"481\" data-end=\"504\">K\u0101p\u0113c izv\u0113l\u0113ties<\/strong><br data-start=\"504\" data-end=\"507\" \/><strong data-start=\"507\" data-end=\"513\">\u2714\ufe0f<\/strong> \u0100tra pal\u012bdz\u012bba saus\u0101m, raupj\u0101m l\u016bp\u0101m<br data-start=\"556\" data-end=\"559\" \/><strong data-start=\"559\" data-end=\"565\">\u2714\ufe0f<\/strong> Hidrogela maska ir \u0113rti piegu\u013co\u0161a un necaurlaid\u012bga.<br data-start=\"613\" data-end=\"616\" \/><strong data-start=\"616\" data-end=\"622\">\u2714\ufe0f<\/strong> Glicer\u012bns + n\u0101trija hialuron\u0101ts mitrina un m\u012bkstina<br data-start=\"676\" data-end=\"679\" \/><strong data-start=\"679\" data-end=\"685\">\u2714\ufe0f<\/strong> Smalks mirdzums pat\u012bkamam skaistumkop\u0161anas ritu\u0101lam<\/p>","protected":false},"featured_media":42484,"comment_status":"open","ping_status":"closed","template":"","meta":{"_acf_changed":false},"product_brand":[431],"product_cat":[182,57,92,59],"product_tag":[],"class_list":{"0":"post-41117","1":"product","2":"type-product","3":"status-publish","4":"has-post-thumbnail","6":"product_brand-idc-institute","7":"product_cat-lupu-kaukes","8":"product_cat-akcijos","9":"product_cat-groziui","10":"product_cat-veidui","12":"first","13":"instock","14":"sale","15":"shipping-taxable","16":"purchasable","17":"product-type-simple"},"acf":[],"tiered_pricing_type":"fixed","tiered_pricing_fixed_rules":[],"tiered_pricing_product_settings":{"layout":"default","base_unit_name":{"singular":null,"plural":null},"default_variation":null},"tiered_pricing_minimum_quantity":null,"tiered_pricing_roles_data":[],"tiered_pricing_percentage_rules":[],"_links":{"self":[{"href":"https:\/\/purama.lt\/lv\/wp-json\/wp\/v2\/product\/41117","targetHints":{"allow":["GET"]}}],"collection":[{"href":"https:\/\/purama.lt\/lv\/wp-json\/wp\/v2\/product"}],"about":[{"href":"https:\/\/purama.lt\/lv\/wp-json\/wp\/v2\/types\/product"}],"replies":[{"embeddable":true,"href":"https:\/\/purama.lt\/lv\/wp-json\/wp\/v2\/comments?post=41117"}],"wp:featuredmedia":[{"embeddable":true,"href":"https:\/\/purama.lt\/lv\/wp-json\/wp\/v2\/media\/42484"}],"wp:attachment":[{"href":"https:\/\/purama.lt\/lv\/wp-json\/wp\/v2\/media?parent=41117"}],"wp:term":[{"taxonomy":"product_brand","embeddable":true,"href":"https:\/\/purama.lt\/lv\/wp-json\/wp\/v2\/product_brand?post=41117"},{"taxonomy":"product_cat","embeddable":true,"href":"https:\/\/purama.lt\/lv\/wp-json\/wp\/v2\/product_cat?post=41117"},{"taxonomy":"product_tag","embeddable":true,"href":"https:\/\/purama.lt\/lv\/wp-json\/wp\/v2\/product_tag?post=41117"}],"curies":[{"name":"wp","href":"https:\/\/api.w.org\/{rel}","templated":true}]}}