{"id":41116,"date":"2025-10-22T09:52:09","date_gmt":"2025-10-22T07:52:09","guid":{"rendered":"https:\/\/purama.lt\/produktas\/idc-institute-blizgios-paakiu-pagalveles\/"},"modified":"2026-04-29T05:57:00","modified_gmt":"2026-04-29T03:57:00","slug":"idc-institute-spidigi-acu-spilventini","status":"publish","type":"product","link":"https:\/\/purama.lt\/lv\/produktas\/idc-institute-blizgios-paakiu-pagalveles\/","title":{"rendered":"Idc Institute sp\u012bd\u012bgi acu spilventi\u0146i"},"content":{"rendered":"<p><strong>Izmanto\u0161ana<\/strong><br>Uzkl\u0101jiet pl\u0101ksterus uz t\u012bras, sausas \u0101das zem ac\u012bm un atst\u0101jiet uz \u012bsu br\u012bdi, p\u0113c tam no\u0146emiet un iemas\u0113jiet atlikumus.<br>Iev\u0113rojiet uz iepakojuma nor\u0101d\u012bjumus.<\/p>\n\n\n\n<p><strong>Sast\u0101vda\u013cas<\/strong><br>\u016bdens, sorb\u012bts, glicer\u012bns, glicer\u012bns, hondrus crispus, trehalozi, glikomann\u0101ns, k\u0101lija hlor\u012bds, 1,2-heks\u0101ndiols, hidroksiacetofenons, tit\u0101na dioks\u012bds (ci 77891), vizlas, alvas oks\u012bds, poligliceril-6 kapril\u0101ts, prol\u012bns, parfum, butil\u0113nglikols, fenoksietanols, vaccinium angustifolium aug\u013cu ekstrakts, etilheksilglicer\u012bns, kofe\u012bns, ciklodekstr\u012bns, n\u0101trija hialuron\u0101ts.<\/p>","protected":false},"excerpt":{"rendered":"<p data-start=\"0\" data-end=\"532\"><strong data-start=\"16\" data-end=\"57\">IDC Institute \u2014 Glitter Eye Pads Blue<\/strong>: <strong data-start=\"87\" data-end=\"134\">hidrogeliniai paaki\u0173 pleistrai su \u017evilgesiu<\/strong>, kurie patogiai priglunda, <strong data-start=\"162\" data-end=\"184\">dr\u0117kina ir gaivina<\/strong> paaki\u0173 zon\u0105 bei padeda vizualiai suma\u017einti paburkim\u0105 ir nuovargio po\u017eymius. Malonus, trumpas nam\u0173 gro\u017eio ritualas prie\u0161 makia\u017e\u0105 ar po ilgos dienos. Formul\u0117je yra <strong data-start=\"347\" data-end=\"391\">glicerino, natrio hialuronato ir kofeino<\/strong> \u2013 gerai i\u0161tirti dr\u0117kikliai ir kondicionuojan\u010dios med\u017eiagos, padedan\u010dios suteikti glotnumo ir komforto. <span class=\"\" data-state=\"closed\"><span class=\"ms-1 inline-flex max-w-full items-center relative top-[-0.094rem] animate-[show_150ms_ease-in]\" data-testid=\"webpage-citation-pill\"><a class=\"flex h-4.5 overflow-hidden rounded-xl px-2 text-[9px] font-medium transition-colors duration-150 ease-in-out text-token-text-secondary! bg-[#F4F4F4]! dark:bg-[#303030]!\" href=\"https:\/\/www.promofarma.com\/en\/idc-institute-glitter-eye-pads-blue-2uds\/p-769124?utm_source=chatgpt.com\" target=\"_blank\" rel=\"noopener\"><span class=\"relative start-0 bottom-0 flex h-full w-full items-center\"><span class=\"flex h-4 w-full items-center justify-between overflow-hidden\"><span class=\"max-w-[15ch] grow truncate overflow-hidden text-center\">Promofarma<\/span><\/span><\/span><\/a><\/span><\/span><\/p>\n<p data-start=\"534\" data-end=\"775\"><strong data-start=\"534\" data-end=\"557\">Kod\u0117l verta rinktis<\/strong><br data-start=\"557\" data-end=\"560\" \/><strong data-start=\"560\" data-end=\"566\">\u2714\ufe0f<\/strong> Greitai suteikia gaivos ir komforto poj\u016bt\u012f<br data-start=\"609\" data-end=\"612\" \/><strong data-start=\"612\" data-end=\"618\">\u2714\ufe0f<\/strong> Padeda vizualiai suma\u017einti paaki\u0173 paburkim\u0105<br data-start=\"662\" data-end=\"665\" \/><strong data-start=\"665\" data-end=\"671\">\u2714\ufe0f<\/strong> Hidrogelio pagrindas gerai priglunda ir nei\u0161b\u0117ga<br data-start=\"720\" data-end=\"723\" \/><strong data-start=\"723\" data-end=\"729\">\u2714\ufe0f<\/strong> \u017dvilgantis dizainas maloniam ritualui namuose<\/p>\n","protected":false},"featured_media":41104,"comment_status":"open","ping_status":"closed","template":"","meta":{"_acf_changed":false},"product_brand":[431],"product_cat":[142,57,393,92,59],"product_tag":[],"class_list":{"0":"post-41116","1":"product","2":"type-product","3":"status-publish","4":"has-post-thumbnail","6":"product_brand-idc-institute","7":"product_cat-veido-kaukes","8":"product_cat-akcijos","9":"product_cat-dovanu-idejos","10":"product_cat-groziui","11":"product_cat-veidui","13":"first","14":"instock","15":"sale","16":"shipping-taxable","17":"purchasable","18":"product-type-simple"},"acf":[],"tiered_pricing_type":"fixed","tiered_pricing_fixed_rules":[],"tiered_pricing_product_settings":{"layout":"default","base_unit_name":{"singular":null,"plural":null},"default_variation":null},"tiered_pricing_minimum_quantity":null,"tiered_pricing_roles_data":[],"tiered_pricing_percentage_rules":[],"_links":{"self":[{"href":"https:\/\/purama.lt\/lv\/wp-json\/wp\/v2\/product\/41116","targetHints":{"allow":["GET"]}}],"collection":[{"href":"https:\/\/purama.lt\/lv\/wp-json\/wp\/v2\/product"}],"about":[{"href":"https:\/\/purama.lt\/lv\/wp-json\/wp\/v2\/types\/product"}],"replies":[{"embeddable":true,"href":"https:\/\/purama.lt\/lv\/wp-json\/wp\/v2\/comments?post=41116"}],"wp:featuredmedia":[{"embeddable":true,"href":"https:\/\/purama.lt\/lv\/wp-json\/wp\/v2\/media\/41104"}],"wp:attachment":[{"href":"https:\/\/purama.lt\/lv\/wp-json\/wp\/v2\/media?parent=41116"}],"wp:term":[{"taxonomy":"product_brand","embeddable":true,"href":"https:\/\/purama.lt\/lv\/wp-json\/wp\/v2\/product_brand?post=41116"},{"taxonomy":"product_cat","embeddable":true,"href":"https:\/\/purama.lt\/lv\/wp-json\/wp\/v2\/product_cat?post=41116"},{"taxonomy":"product_tag","embeddable":true,"href":"https:\/\/purama.lt\/lv\/wp-json\/wp\/v2\/product_tag?post=41116"}],"curies":[{"name":"wp","href":"https:\/\/api.w.org\/{rel}","templated":true}]}}