{"id":41115,"date":"2025-10-22T09:52:09","date_gmt":"2025-10-22T07:52:09","guid":{"rendered":"https:\/\/purama.lt\/produktas\/idc-institute-sveicianti-pedu-kauke\/"},"modified":"2026-04-14T09:24:02","modified_gmt":"2026-04-14T07:24:02","slug":"pedic-maska-sveicot-idc-institutu","status":"publish","type":"product","link":"https:\/\/purama.lt\/lv\/produktas\/idc-institute-sveicianti-pedu-kauke\/","title":{"rendered":"Idc instit\u016bts Skrub\u0113jo\u0161a p\u0113du maska"},"content":{"rendered":"<p><strong>Izmanto\u0161ana<\/strong><br>Uzkl\u0101jiet\/mask\u0113jiet uz t\u012br\u0101m, saus\u0101m p\u0113d\u0101m\/apaviem saska\u0146\u0101 ar iepakojuma nor\u0101d\u012bjumiem; p\u0113c apstr\u0101des noskalojiet, ja t\u0101 nor\u0101d\u012bts.<br>Br\u012bdin\u0101jumi: lietot tikai \u0101r\u012bgi; izvair\u012bties no saskares ar ac\u012bm; <strong>Nelietot uz iekaisu\u0161as vai boj\u0101tas \u0101das.<\/strong>; ja rodas kairin\u0101jums, p\u0101rtrauciet lietot.<br>Iev\u0113rojiet uz iepakojuma nor\u0101d\u012bjumus.<\/p>\n\n\n\n<p><strong>Sast\u0101vda\u013cas<\/strong><br>\u016bdens (\u016bdens), denat. alkohols, ur\u012bnviela, piensk\u0101be, n\u0101trija lauretsulf\u0101ts, glicer\u012bns, sorbit\u0101na laur\u0101ts, k\u0101lija hidroks\u012bds, glikolsk\u0101be, hidroksietilceluloze, butil\u0113nglikols, Durvillaea antartica ekstrakts, 1,2-heks\u0101ndiols, hidroksiacetofenons, parfum, limon\u0113ns.<\/p>","protected":false},"excerpt":{"rendered":"<p data-start=\"0\" data-end=\"495\"><strong data-start=\"16\" data-end=\"57\">IDC instit\u016bts - P\u012blinga maska pap\u0113dim<\/strong>: pap\u0113\u017eiem <strong data-start=\"102\" data-end=\"126\">p\u012blinga maska<\/strong>, pal\u012bdzot <strong data-start=\"138\" data-end=\"212\">m\u012bkstina plakan\u0101s \u0101das \u0101das plankumus, izl\u012bdzina raupjumu un atjauno komfortu.<\/strong>. \u0112rti lietot m\u0101j\u0101s pirms vai starp pedik\u012bra proced\u016br\u0101m. Formula ar <strong data-start=\"283\" data-end=\"301\">Ur\u012bnviela (ur\u012bnviela)<\/strong> un <strong data-start=\"305\" data-end=\"342\">AHA sk\u0101bes (piensk\u0101be un glikolsk\u0101be)<\/strong> maigi iz\u0161\u0137\u012bdina atmiru\u0161\u0101s \u0161\u016bnas un <strong data-start=\"379\" data-end=\"393\">glicer\u012bns<\/strong> pal\u012bdz uztur\u0113t mitruma l\u012bdzsvaru. Pamatojas uz labi izp\u0113t\u012btu Urea + AHA kombin\u0101ciju ikdienas p\u0113du kop\u0161anai.<\/p>\n<p data-start=\"497\" data-end=\"745\"><strong data-start=\"497\" data-end=\"520\">K\u0101p\u0113c izv\u0113l\u0113ties<\/strong><br data-start=\"520\" data-end=\"523\" \/><strong data-start=\"523\" data-end=\"529\">\u2714\ufe0f<\/strong> M\u0113r\u0137tiec\u012bga pal\u012bdz\u012bba pap\u0113\u017eu raupjuma un nel\u012bdzenuma gad\u012bjum\u0101<br data-start=\"579\" data-end=\"582\" \/><strong data-start=\"582\" data-end=\"588\">\u2714\ufe0f<\/strong> Urea + AHA maigam p\u012blingam un glud\u0101kai \u0101dai<br data-start=\"641\" data-end=\"644\" \/><strong data-start=\"644\" data-end=\"650\">\u2714\ufe0f<\/strong> Glicer\u012bns pal\u012bdz saglab\u0101t mitrumu un komfortu<br data-start=\"697\" data-end=\"700\" \/><strong data-start=\"700\" data-end=\"706\">\u2714\ufe0f<\/strong> \u0112rti lietot m\u0101j\u0101s pirms pedik\u012bra<\/p>","protected":false},"featured_media":41103,"comment_status":"open","ping_status":"closed","template":"","meta":{"_acf_changed":false},"product_brand":[431],"product_cat":[392,57,92,300],"product_tag":[],"class_list":{"0":"post-41115","1":"product","2":"type-product","3":"status-publish","4":"has-post-thumbnail","6":"product_brand-idc-institute","7":"product_cat-pedu-kaukes","8":"product_cat-akcijos","9":"product_cat-groziui","10":"product_cat-kunui","12":"first","13":"instock","14":"sale","15":"shipping-taxable","16":"purchasable","17":"product-type-simple"},"acf":[],"tiered_pricing_type":"fixed","tiered_pricing_fixed_rules":[],"tiered_pricing_product_settings":{"layout":"default","base_unit_name":{"singular":null,"plural":null},"default_variation":null},"tiered_pricing_minimum_quantity":null,"tiered_pricing_roles_data":[],"tiered_pricing_percentage_rules":[],"_links":{"self":[{"href":"https:\/\/purama.lt\/lv\/wp-json\/wp\/v2\/product\/41115","targetHints":{"allow":["GET"]}}],"collection":[{"href":"https:\/\/purama.lt\/lv\/wp-json\/wp\/v2\/product"}],"about":[{"href":"https:\/\/purama.lt\/lv\/wp-json\/wp\/v2\/types\/product"}],"replies":[{"embeddable":true,"href":"https:\/\/purama.lt\/lv\/wp-json\/wp\/v2\/comments?post=41115"}],"wp:featuredmedia":[{"embeddable":true,"href":"https:\/\/purama.lt\/lv\/wp-json\/wp\/v2\/media\/41103"}],"wp:attachment":[{"href":"https:\/\/purama.lt\/lv\/wp-json\/wp\/v2\/media?parent=41115"}],"wp:term":[{"taxonomy":"product_brand","embeddable":true,"href":"https:\/\/purama.lt\/lv\/wp-json\/wp\/v2\/product_brand?post=41115"},{"taxonomy":"product_cat","embeddable":true,"href":"https:\/\/purama.lt\/lv\/wp-json\/wp\/v2\/product_cat?post=41115"},{"taxonomy":"product_tag","embeddable":true,"href":"https:\/\/purama.lt\/lv\/wp-json\/wp\/v2\/product_tag?post=41115"}],"curies":[{"name":"wp","href":"https:\/\/api.w.org\/{rel}","templated":true}]}}