{"id":41114,"date":"2025-10-22T09:52:08","date_gmt":"2025-10-22T07:52:08","guid":{"rendered":"https:\/\/purama.lt\/produktas\/idc-institute-paakiu-pagalveles\/"},"modified":"2026-04-10T13:03:31","modified_gmt":"2026-04-10T11:03:31","slug":"idc-instituta-acu-spilventini","status":"publish","type":"product","link":"https:\/\/purama.lt\/lv\/produktas\/idc-institute-paakiu-pagalveles\/","title":{"rendered":"Idc instit\u016bts Acu spilventi\u0146i"},"content":{"rendered":"<p><strong>Izmanto\u0161ana<\/strong><br>Uzkl\u0101jiet pl\u0101ksterus uz t\u012bras, sausas \u0101das zem ac\u012bm un lietojiet p\u0113c vajadz\u012bbas.<br>P\u0113c no\u0146em\u0161anas maigi iemas\u0113jiet atliku\u0161o serumu \u0101d\u0101, neizskalojot.<br>Iev\u0113rojiet uz iepakojuma nor\u0101d\u012bjumus.<\/p>\n\n\n\n<p><strong>Sast\u0101vda\u013cas<\/strong><br>inform\u0101cija nav sniegta, l\u016bdzu, skatiet iepakojuma eti\u0137eti.<\/p>","protected":false},"excerpt":{"rendered":"<p data-start=\"0\" data-end=\"371\"><strong data-start=\"16\" data-end=\"58\">IDC instit\u016bts - C-veida acu spilventi\u0146i zili<\/strong>: <strong data-start=\"88\" data-end=\"131\">hidrog\u0113la C-veida acu pl\u0101ksteri<\/strong>, kas \u0113rti piegu\u013c \u0101dai, pal\u012bdzot <strong data-start=\"176\" data-end=\"231\">mitrina, atsvaidzina un vizu\u0101li samazina t\u016bsku<\/strong> un noguruma paz\u012bmes. Mirdzo\u0161s dizains pat\u012bkamam skaistumkop\u0161anas ritu\u0101lam m\u0101j\u0101s. Hidrogela b\u0101ze pal\u012bdz saglab\u0101t mitrumu uz \u0101das virsmas.<\/p>\n<p data-start=\"373\" data-end=\"623\"><strong data-start=\"373\" data-end=\"396\">K\u0101p\u0113c izv\u0113l\u0113ties<\/strong><br data-start=\"396\" data-end=\"399\" \/><strong data-start=\"399\" data-end=\"405\">\u2714\ufe0f<\/strong> C-veida dizains \u0113rti nosedz zonu zem ac\u012bm<br data-start=\"451\" data-end=\"454\" \/><strong data-start=\"454\" data-end=\"460\">\u2714\ufe0f<\/strong> Nodro\u0161ina t\u016bl\u012bt\u0113ju svaiguma un komforta saj\u016btu.<br data-start=\"502\" data-end=\"505\" \/><strong data-start=\"505\" data-end=\"511\">\u2714\ufe0f<\/strong> Pal\u012bdz vizu\u0101li samazin\u0101t maisi\u0146us un aptum\u0161o\u0161anos<br data-start=\"564\" data-end=\"567\" \/><strong data-start=\"567\" data-end=\"573\">\u2714\ufe0f<\/strong> \u0112rti lietot m\u0101j\u0101s pirms vai p\u0113c kosm\u0113tikas uzkl\u0101\u0161anas<\/p>","protected":false},"featured_media":41102,"comment_status":"open","ping_status":"closed","template":"","meta":{"_acf_changed":false},"product_brand":[431],"product_cat":[92,57,142,59],"product_tag":[],"class_list":{"0":"post-41114","1":"product","2":"type-product","3":"status-publish","4":"has-post-thumbnail","6":"product_brand-idc-institute","7":"product_cat-groziui","8":"product_cat-akcijos","9":"product_cat-veido-kaukes","10":"product_cat-veidui","12":"first","13":"instock","14":"sale","15":"shipping-taxable","16":"purchasable","17":"product-type-simple"},"acf":[],"tiered_pricing_type":"fixed","tiered_pricing_fixed_rules":[],"tiered_pricing_product_settings":{"layout":"default","base_unit_name":{"singular":null,"plural":null},"default_variation":null},"tiered_pricing_minimum_quantity":null,"tiered_pricing_roles_data":[],"tiered_pricing_percentage_rules":[],"_links":{"self":[{"href":"https:\/\/purama.lt\/lv\/wp-json\/wp\/v2\/product\/41114","targetHints":{"allow":["GET"]}}],"collection":[{"href":"https:\/\/purama.lt\/lv\/wp-json\/wp\/v2\/product"}],"about":[{"href":"https:\/\/purama.lt\/lv\/wp-json\/wp\/v2\/types\/product"}],"replies":[{"embeddable":true,"href":"https:\/\/purama.lt\/lv\/wp-json\/wp\/v2\/comments?post=41114"}],"wp:featuredmedia":[{"embeddable":true,"href":"https:\/\/purama.lt\/lv\/wp-json\/wp\/v2\/media\/41102"}],"wp:attachment":[{"href":"https:\/\/purama.lt\/lv\/wp-json\/wp\/v2\/media?parent=41114"}],"wp:term":[{"taxonomy":"product_brand","embeddable":true,"href":"https:\/\/purama.lt\/lv\/wp-json\/wp\/v2\/product_brand?post=41114"},{"taxonomy":"product_cat","embeddable":true,"href":"https:\/\/purama.lt\/lv\/wp-json\/wp\/v2\/product_cat?post=41114"},{"taxonomy":"product_tag","embeddable":true,"href":"https:\/\/purama.lt\/lv\/wp-json\/wp\/v2\/product_tag?post=41114"}],"curies":[{"name":"wp","href":"https:\/\/api.w.org\/{rel}","templated":true}]}}