{"id":41112,"date":"2025-10-22T09:52:06","date_gmt":"2025-10-22T07:52:06","guid":{"rendered":"https:\/\/purama.lt\/produktas\/ldc-institute-drekinanti-ranku-kauke\/"},"modified":"2026-04-14T09:24:02","modified_gmt":"2026-04-14T07:24:02","slug":"idc-instituts-kairinosa-roku-maska","status":"publish","type":"product","link":"https:\/\/purama.lt\/lv\/produktas\/idc-institute-drekinanti-ranku-kauke\/","title":{"rendered":"IDC Institute Mitrino\u0161a roku maska"},"content":{"rendered":"<p><strong>Izmanto\u0161ana<\/strong><br>Uzlieciet uz t\u012br\u0101m, saus\u0101m rok\u0101m un turiet <strong>15-30 min.<\/strong><br>No\u0146emiet un iemas\u0113jiet atliku\u0161o serumu, neizskalojot.<br>Br\u012bdin\u0101jumi: lietot tikai \u0101r\u012bgi, izvair\u012bties no saskares ar ac\u012bm, <strong>nelietot uz boj\u0101tas vai iekaisu\u0161as \u0101das.<\/strong>; p\u0101rtraukt lieto\u0161anu, ja rodas kairin\u0101jums.<\/p>\n\n\n\n<p><strong>Sast\u0101vda\u013cas<\/strong><br>aqua (\u016bdens), sorb\u012bts, paraffinum liquidum (miner\u0101le\u013c\u013ca), etilheksilpalmit\u0101ts, glicer\u012bns, polisorb\u0101ts 60, dimetikons, sorbit\u0101na stear\u0101ts, alvejas lapu \u016bdens, glicerilstear\u0101ts, peg-100 stear\u0101ts, cetearila alkohols, butyrospermum parkii sviests, hidroksietilur\u012bnviela, fenoksietanols, etilheksilglicer\u012bns, n\u0101trija akril\u0101ta\/n\u0101trija akriloksidimetiltaur\u0101ta kopolim\u0113rs, izoheksadek\u0101ns, polisorb\u0101ts 80, sorbit\u0101na ole\u0101ts, hidroksiacetofenons, karbom\u0113rs, trietanolam\u012bns, makad\u0101mijas s\u0113klu e\u013c\u013ca, pentil\u0113nglikols, n\u0101trija acetil\u0113ts hialuron\u0101ts, n\u0101trija hialuron\u0101ts, n\u0101trija hialuron\u0101ta \u0161\u0137\u0113rspolim\u0113rs, hidroliz\u0113ts n\u0101trija hialuron\u0101ts, hlorfenez\u012bns, alanto\u012bns, ksant\u0101na sve\u0137i, parfum (smar\u017eviela), linalools, tokoferila acet\u0101ts, mentha piperita e\u013c\u013ca.<\/p>","protected":false},"excerpt":{"rendered":"<p data-start=\"0\" data-end=\"501\"><strong data-start=\"16\" data-end=\"73\">IDC instit\u016bts - Hand Glove Savage mitrino\u0161a roku maska<\/strong>: mitrino\u0161a maska-cimdi rok\u0101m, kas <strong data-start=\"116\" data-end=\"165\">m\u012bkstina, baro un pal\u012bdz atjaunot komfortu.<\/strong> saus\u0101m, raupj\u0101m rok\u0101m. Sast\u0101v\u0101 - <strong data-start=\"208\" data-end=\"257\">\u0161\u012b sviests, glicer\u012bns, makad\u0101mijas e\u013c\u013ca<\/strong> un vair\u0101kas formas <strong data-start=\"273\" data-end=\"294\">hialuronsk\u0101be<\/strong>, lai pal\u012bdz\u0113tu saglab\u0101t mitrumu. Pat\u012bkams, svaigs mentola arom\u0101ts. Pamatojoties uz labi izp\u0113t\u012bt\u0101m mitrino\u0161\u0101m viel\u0101m (glicer\u012bna un hialuronsk\u0101bes atvasin\u0101jumiem), kas pal\u012bdz piesaist\u012bt un saglab\u0101t \u016bdeni uz \u0101das virsmas.<\/p>\n<p data-start=\"503\" data-end=\"752\"><strong data-start=\"503\" data-end=\"526\">K\u0101p\u0113c izv\u0113l\u0113ties<\/strong><br data-start=\"526\" data-end=\"529\" \/><strong data-start=\"529\" data-end=\"535\">\u2714\ufe0f<\/strong> \u0112rts \u201ecimdu\u201c form\u0101ts m\u0101jas ritu\u0101lam<br data-start=\"578\" data-end=\"581\" \/><strong data-start=\"581\" data-end=\"587\">\u2714\ufe0f<\/strong> M\u012bkstina raupjas zonas un izl\u012bdzina \u0101das tekst\u016bru.<br data-start=\"641\" data-end=\"644\" \/><strong data-start=\"644\" data-end=\"650\">\u2714\ufe0f<\/strong> Bag\u0101ts ar mitrino\u0161\u0101m viel\u0101m (glicer\u012bns, ur\u012bnviela, HA komplekss).<br data-start=\"719\" data-end=\"722\" \/><strong data-start=\"722\" data-end=\"728\">\u2714\ufe0f<\/strong> Atsvaidzino\u0161a mentola saj\u016bta<\/p>","protected":false},"featured_media":41101,"comment_status":"open","ping_status":"closed","template":"","meta":{"_acf_changed":false},"product_brand":[431],"product_cat":[92,57,300],"product_tag":[],"class_list":{"0":"post-41112","1":"product","2":"type-product","3":"status-publish","4":"has-post-thumbnail","6":"product_brand-idc-institute","7":"product_cat-groziui","8":"product_cat-akcijos","9":"product_cat-kunui","11":"first","12":"instock","13":"sale","14":"shipping-taxable","15":"purchasable","16":"product-type-simple"},"acf":[],"tiered_pricing_type":"fixed","tiered_pricing_fixed_rules":[],"tiered_pricing_product_settings":{"layout":"default","base_unit_name":{"singular":null,"plural":null},"default_variation":null},"tiered_pricing_minimum_quantity":null,"tiered_pricing_roles_data":[],"tiered_pricing_percentage_rules":[],"_links":{"self":[{"href":"https:\/\/purama.lt\/lv\/wp-json\/wp\/v2\/product\/41112","targetHints":{"allow":["GET"]}}],"collection":[{"href":"https:\/\/purama.lt\/lv\/wp-json\/wp\/v2\/product"}],"about":[{"href":"https:\/\/purama.lt\/lv\/wp-json\/wp\/v2\/types\/product"}],"replies":[{"embeddable":true,"href":"https:\/\/purama.lt\/lv\/wp-json\/wp\/v2\/comments?post=41112"}],"wp:featuredmedia":[{"embeddable":true,"href":"https:\/\/purama.lt\/lv\/wp-json\/wp\/v2\/media\/41101"}],"wp:attachment":[{"href":"https:\/\/purama.lt\/lv\/wp-json\/wp\/v2\/media?parent=41112"}],"wp:term":[{"taxonomy":"product_brand","embeddable":true,"href":"https:\/\/purama.lt\/lv\/wp-json\/wp\/v2\/product_brand?post=41112"},{"taxonomy":"product_cat","embeddable":true,"href":"https:\/\/purama.lt\/lv\/wp-json\/wp\/v2\/product_cat?post=41112"},{"taxonomy":"product_tag","embeddable":true,"href":"https:\/\/purama.lt\/lv\/wp-json\/wp\/v2\/product_tag?post=41112"}],"curies":[{"name":"wp","href":"https:\/\/api.w.org\/{rel}","templated":true}]}}