{"id":41111,"date":"2025-10-22T09:52:05","date_gmt":"2025-10-22T07:52:05","guid":{"rendered":"https:\/\/purama.lt\/produktas\/ldc-institute-sveicianti-kulnu-kauke\/"},"modified":"2026-04-27T17:11:02","modified_gmt":"2026-04-27T15:11:02","slug":"papeza-maska-sveicot-ldc-institutu","status":"publish","type":"product","link":"https:\/\/purama.lt\/lv\/produktas\/ldc-institute-sveicianti-kulnu-kauke\/","title":{"rendered":"IDC instit\u016bts Scrubbing Heel Mask"},"content":{"rendered":"<p><strong>Izmanto\u0161ana<\/strong><br>Uzkl\u0101jiet masku uz t\u012br\u0101m, saus\u0101m p\u0113d\u0101m (pap\u0113\u017eiem), uzspiediet uz uzl\u012bmes un turiet to <strong>60-90 min.<\/strong><br>No\u0146emiet un noskalojiet ar \u016bdeni; izmantojiet p\u0113c vajadz\u012bbas.<br>Br\u012bdin\u0101jumi: tikai \u0101r\u0113jai lieto\u0161anai, izvair\u012bties no acu zonas, <strong>nelietot uz boj\u0101tas vai iekaisu\u0161as \u0101das.<\/strong>, p\u0101rtraukt lieto\u0161anu, ja rodas kairin\u0101jums.<\/p>\n\n\n\n<p><strong>Sast\u0101vda\u013cas<\/strong><br>\u016bdens, denatur\u0113ts spirts, ur\u012bnviela, piensk\u0101be, n\u0101trija lauretsulf\u0101ts, glicer\u012bns, sorbit\u0101na laur\u0101ts, k\u0101lija hidroks\u012bds, glikolsk\u0101be, hidroksietilceluloze, butil\u0113nglikols, antarktisk\u0101s durvill\u0101rijas ekstrakts, 1,2-heks\u0101ndiols, hidroksiacetofenons, parf\u012bms, limon\u0113ns.<\/p>","protected":false},"excerpt":{"rendered":"<p data-start=\"0\" data-end=\"565\"><strong data-start=\"16\" data-end=\"67\">IDC instit\u016bts - Kumel\u012b\u0161u p\u012blinga maska pap\u0113dim<\/strong> - pap\u0113\u017eiem <strong data-start=\"112\" data-end=\"144\">p\u012blinga ze\u0137u maska<\/strong>, lai pal\u012bdz\u0113tu no\u0146emt plakanas \u0101das plankumus un atjaunotu maigumu. \u0112rti lietot m\u0101j\u0101s pirms pedik\u012bra vai starp pedik\u012bra proced\u016br\u0101m. <strong data-start=\"262\" data-end=\"297\">Ur\u012bnviela, piensk\u0101be un glikolsk\u0101be<\/strong> maigi iz\u0161\u0137\u012bdina atmiru\u0161\u0101s \u0161\u016bnas, <strong data-start=\"332\" data-end=\"346\">glicer\u012bns<\/strong> pal\u012bdz saglab\u0101t mitrumu un kumel\u012bte pie\u0161\u0137ir pat\u012bkamu arom\u0101tu. Galven\u0101s \u012bpa\u0161\u012bbas: m\u012bkstina un izl\u012bdzina, saglab\u0101 mitruma l\u012bdzsvaru, pal\u012bdz izl\u012bdzin\u0101t raupjas vietas, \u0113rts ze\u0137es form\u0101ts, atsvaidzino\u0161a saj\u016bta p\u0113c proced\u016bras.<\/p>\n<p data-start=\"567\" data-end=\"803\"><strong data-start=\"567\" data-end=\"590\">K\u0101p\u0113c izv\u0113l\u0113ties<\/strong><br data-start=\"590\" data-end=\"593\" \/>\u2714\ufe0f M\u0113r\u0137tiec\u012bga pap\u0113\u017eu un raupju vietu kop\u0161ana<br data-start=\"645\" data-end=\"648\" \/>\u2714\ufe0f Urea + AHA (piensk\u0101be un glikolsk\u0101be) maigam p\u012blingam.<br data-start=\"712\" data-end=\"715\" \/>\u2714\ufe0f Glicer\u012bns pal\u012bdz saglab\u0101t mitrumu<br data-start=\"752\" data-end=\"755\" \/>\u2714\ufe0f \u0112rtas vienreizlietojamas \u201eze\u0137es\u201c m\u0101jas ritu\u0101lam<\/p>","protected":false},"featured_media":41100,"comment_status":"open","ping_status":"closed","template":"","meta":{"_acf_changed":false},"product_brand":[431],"product_cat":[392,57,92,300],"product_tag":[],"class_list":{"0":"post-41111","1":"product","2":"type-product","3":"status-publish","4":"has-post-thumbnail","6":"product_brand-idc-institute","7":"product_cat-pedu-kaukes","8":"product_cat-akcijos","9":"product_cat-groziui","10":"product_cat-kunui","12":"first","13":"instock","14":"sale","15":"shipping-taxable","16":"purchasable","17":"product-type-simple"},"acf":[],"tiered_pricing_type":"fixed","tiered_pricing_fixed_rules":[],"tiered_pricing_product_settings":{"layout":"default","base_unit_name":{"singular":null,"plural":null},"default_variation":null},"tiered_pricing_minimum_quantity":null,"tiered_pricing_roles_data":[],"tiered_pricing_percentage_rules":[],"_links":{"self":[{"href":"https:\/\/purama.lt\/lv\/wp-json\/wp\/v2\/product\/41111","targetHints":{"allow":["GET"]}}],"collection":[{"href":"https:\/\/purama.lt\/lv\/wp-json\/wp\/v2\/product"}],"about":[{"href":"https:\/\/purama.lt\/lv\/wp-json\/wp\/v2\/types\/product"}],"replies":[{"embeddable":true,"href":"https:\/\/purama.lt\/lv\/wp-json\/wp\/v2\/comments?post=41111"}],"wp:featuredmedia":[{"embeddable":true,"href":"https:\/\/purama.lt\/lv\/wp-json\/wp\/v2\/media\/41100"}],"wp:attachment":[{"href":"https:\/\/purama.lt\/lv\/wp-json\/wp\/v2\/media?parent=41111"}],"wp:term":[{"taxonomy":"product_brand","embeddable":true,"href":"https:\/\/purama.lt\/lv\/wp-json\/wp\/v2\/product_brand?post=41111"},{"taxonomy":"product_cat","embeddable":true,"href":"https:\/\/purama.lt\/lv\/wp-json\/wp\/v2\/product_cat?post=41111"},{"taxonomy":"product_tag","embeddable":true,"href":"https:\/\/purama.lt\/lv\/wp-json\/wp\/v2\/product_tag?post=41111"}],"curies":[{"name":"wp","href":"https:\/\/api.w.org\/{rel}","templated":true}]}}