{"id":40989,"date":"2025-10-21T09:21:42","date_gmt":"2025-10-21T07:21:42","guid":{"rendered":"https:\/\/purama.lt\/produktas\/natures-finest-riebalu-deginimo-arbata\/"},"modified":"2026-04-16T13:03:24","modified_gmt":"2026-04-16T11:03:24","slug":"natures-finest-fat-burning-tea","status":"publish","type":"product","link":"https:\/\/purama.lt\/lv\/produktas\/natures-finest-riebalu-deginimo-arbata\/","title":{"rendered":"Dabas Finest tauku dedzin\u0101\u0161anas t\u0113ja"},"content":{"rendered":"<div class=\"purama-ebook-promo\">\r\n  <div class=\"pep-content\">\r\n    <span class=\"pep-eyebrow\">P\u0113rkot Nature's Finest produktus<\/span>\r\n    <h2 class=\"pep-title\">Bezmaksas e-gr\u0101mata d\u0101van\u0101<\/h2>\r\n    <p class=\"pep-desc\">M\u016bsu ekspertu sagatavoti padomi un receptes pal\u012bdz\u0113s vesel\u012bga uztura un ikdienas treni\u0146u ce\u013c\u0101 \u2013 <strong>d\u0101vana pie jebkura Nature's Finest pas\u016bt\u012bjuma no 30 \u20ac.<\/strong><\/p>\r\n  <\/div>\r\n  <div class=\"pep-visual\">\r\n    <img decoding=\"async\" src=\"https:\/\/purama.lt\/wp-content\/uploads\/2026\/04\/receptu-knyga.png\" alt=\"Bezmaksas e-gr\u0101mata \u2014 d\u0101vana pie Nature&#039;s Finest pas\u016bt\u012bjumiem no 30 \u20ac\" loading=\"lazy\" \/>\r\n  <\/div>\r\n<\/div>\r\n\r\n<style>\r\n.purama-ebook-promo{\r\n  font-family:Inter,-apple-system,BlinkMacSystemFont,sans-serif;\r\n  display:grid;\r\n  grid-template-columns:1.1fr 1fr;\r\n  gap:48px;\r\n  align-items:center;\r\n  padding:48px;\r\n  margin:32px 0;\r\n  background:#f8f8f8;\r\n  border:1px solid #eee;\r\n  border-radius:12px;\r\n  position:relative;\r\n  overflow:hidden;\r\n}\r\n.purama-ebook-promo::before{\r\n  content:\"\";\r\n  position:absolute;\r\n  top:-120px;right:-120px;\r\n  width:340px;height:340px;\r\n  background:radial-gradient(circle,rgba(220,152,20,.08) 0%,transparent 70%);\r\n  border-radius:50%;\r\n  pointer-events:none;\r\n}\r\n.pep-content{position:relative;z-index:2;}\r\n.pep-eyebrow{\r\n  display:inline-block;\r\n  font-family:Inter,sans-serif;\r\n  font-size:13px;\r\n  font-weight:600;\r\n  letter-spacing:.3px;\r\n  text-transform:uppercase;\r\n  color:#dc9814;\r\n  margin-bottom:14px;\r\n  line-height:1.5;\r\n}\r\n.pep-title{\r\n  font-family:Inter,sans-serif;\r\n  font-size:34px;\r\n  line-height:1.2;\r\n  font-weight:600;\r\n  letter-spacing:-.5px;\r\n  color:#111;\r\n  margin:0 0 18px;\r\n}\r\n.pep-desc{\r\n  font-family:Inter,sans-serif;\r\n  font-size:16px;\r\n  line-height:1.6;\r\n  font-weight:400;\r\n  color:#444;\r\n  margin:0;\r\n}\r\n.pep-desc strong{\r\n  font-weight:600;\r\n  color:#111;\r\n}\r\n.pep-visual{\r\n  position:relative;\r\n  z-index:2;\r\n  text-align:center;\r\n}\r\n.pep-visual img{\r\n  max-width:100%;\r\n  height:auto;\r\n  filter:drop-shadow(0 22px 44px rgba(0,0,0,.15));\r\n  transform:rotate(-2deg);\r\n  transition:transform .4s ease;\r\n}\r\n.pep-visual img:hover{transform:rotate(0deg) scale(1.02);}\r\n@media (max-width:860px){\r\n  .purama-ebook-promo{\r\n    grid-template-columns:1fr;\r\n    padding:28px 22px;\r\n    gap:24px;\r\n  }\r\n  .pep-title{font-size:26px;}\r\n  .pep-visual img{max-width:260px;transform:rotate(0deg);}\r\n}\r\n<\/style>\n\n\n\n<p><strong>Pat\u0113ri\u0146\u0161:<\/strong><br>Ieteicams uzv\u0101r\u012bt 1-2 t\u0113jkarotes t\u0113jas un atst\u0101t uz 5-10 min\u016bt\u0113m, l\u012bdz visas v\u0113rt\u012bg\u0101s sast\u0101vda\u013cas ir atbr\u012bvoju\u0161\u0101s. Lai sasniegtu lab\u0101kos rezult\u0101tus, dzer 1-2 reizes dien\u0101.<\/p>\n\n\n\n<p><strong>Sast\u0101vda\u013cas:<\/strong><\/p>\n\n\n\n<ul class=\"wp-block-list\">\n<li>Za\u013c\u0101 t\u0113ja<\/li>\n\n\n\n<li>Guarana<\/li>\n\n\n\n<li>Ingvers<\/li>\n\n\n\n<li>Piparm\u0113tra<\/li>\n\n\n\n<li>Kan\u0113\u013ca miza<\/li>\n\n\n\n<li>Pipari<\/li>\n\n\n\n<li>Citronz\u0101les<\/li>\n\n\n\n<li>Mande\u013cu miza<\/li>\n\n\n\n<li>Melno red\u012bsu ekstrakts<\/li>\n<\/ul>\n\n\n\n<p>Vai mekl\u0113jat vair\u0101k? Apskatiet visu <a href=\"\/lv\/produktu-etiketes\/natures-finest\/\">Nature\u2019s Finest sortiments<\/a>.<\/p>","protected":false},"excerpt":{"rendered":"<p data-start=\"302\" data-end=\"616\"><span data-sheets-root=\"1\"><strong data-start=\"302\" data-end=\"349\">Nature's Finest Fatburn t\u0113ja<\/strong><\/span>- ir dabiska t\u0113ja tauku dedzin\u0101\u0161anai un svara zudumam. \u0160\u012bs t\u0113jas sast\u0101v\u0101 eso\u0161ie augu ekstrakti pal\u012bdz pa\u0101trin\u0101t vielmai\u0146u, sadedzin\u0101t taukus un samazin\u0101t apet\u012bti. \u0160\u012b t\u0113ja ir ide\u0101li piem\u0113rota gremo\u0161anas uzlabo\u0161anai un vesel\u012bga \u0137erme\u0146a svara uztur\u0113\u0161anai.<\/p>\n<p data-start=\"618\" data-end=\"1039\"><strong data-start=\"618\" data-end=\"642\">K\u0101p\u0113c izv\u0113l\u0113ties:<\/strong><\/p>\n<p data-start=\"618\" data-end=\"1039\">\u2714\ufe0f <strong data-start=\"646\" data-end=\"667\">Tauku dedzin\u0101\u0161ana<\/strong>A: pal\u012bdz veicin\u0101t tauku dedzin\u0101\u0161anu un uzlabot vielmai\u0146u<br data-start=\"732\" data-end=\"735\" \/>\u2714\ufe0f <strong data-start=\"738\" data-end=\"765\">Veicina svara zudumu<\/strong>: Dabiskas sast\u0101vda\u013cas pal\u012bdz samazin\u0101t apet\u012bti un nodro\u0161ina vesel\u012bgu svara zudumu.<br data-start=\"851\" data-end=\"854\" \/>\u2714\ufe0f <strong data-start=\"857\" data-end=\"883\">Detoksik\u0113 organismu<\/strong>: pal\u012bdz att\u012br\u012bt organismu no toks\u012bniem un uzlabo gremo\u0161anu.<br data-start=\"945\" data-end=\"948\" \/>\u2714\ufe0f <strong data-start=\"951\" data-end=\"973\">Lieto\u0161anas \u0113rtums<\/strong>: \u0112rti pagatavojama t\u0113ja, ko varat baud\u012bt jebkur\u0101 laik\u0101<\/p>\n<p data-start=\"1041\" data-end=\"1243\">\u00a0<\/p>","protected":false},"featured_media":41024,"comment_status":"open","ping_status":"closed","template":"","meta":{"_acf_changed":false},"product_brand":[441],"product_cat":[60,57,260,262,123],"product_tag":[],"class_list":{"0":"post-40989","1":"product","2":"type-product","3":"status-publish","4":"has-post-thumbnail","6":"product_brand-natures-finest","7":"product_cat-mitybai","8":"product_cat-akcijos","9":"product_cat-energijai-ir-apykaitai","10":"product_cat-medziagu-apykaita","11":"product_cat-papildai-ilgaamziskumui","13":"first","14":"instock","15":"sale","16":"shipping-taxable","17":"purchasable","18":"product-type-simple"},"acf":[],"tiered_pricing_type":"fixed","tiered_pricing_fixed_rules":[],"tiered_pricing_product_settings":{"layout":"default","base_unit_name":{"singular":null,"plural":null},"default_variation":null},"tiered_pricing_minimum_quantity":null,"tiered_pricing_roles_data":[],"tiered_pricing_percentage_rules":[],"_links":{"self":[{"href":"https:\/\/purama.lt\/lv\/wp-json\/wp\/v2\/product\/40989","targetHints":{"allow":["GET"]}}],"collection":[{"href":"https:\/\/purama.lt\/lv\/wp-json\/wp\/v2\/product"}],"about":[{"href":"https:\/\/purama.lt\/lv\/wp-json\/wp\/v2\/types\/product"}],"replies":[{"embeddable":true,"href":"https:\/\/purama.lt\/lv\/wp-json\/wp\/v2\/comments?post=40989"}],"wp:featuredmedia":[{"embeddable":true,"href":"https:\/\/purama.lt\/lv\/wp-json\/wp\/v2\/media\/41024"}],"wp:attachment":[{"href":"https:\/\/purama.lt\/lv\/wp-json\/wp\/v2\/media?parent=40989"}],"wp:term":[{"taxonomy":"product_brand","embeddable":true,"href":"https:\/\/purama.lt\/lv\/wp-json\/wp\/v2\/product_brand?post=40989"},{"taxonomy":"product_cat","embeddable":true,"href":"https:\/\/purama.lt\/lv\/wp-json\/wp\/v2\/product_cat?post=40989"},{"taxonomy":"product_tag","embeddable":true,"href":"https:\/\/purama.lt\/lv\/wp-json\/wp\/v2\/product_tag?post=40989"}],"curies":[{"name":"wp","href":"https:\/\/api.w.org\/{rel}","templated":true}]}}