{"id":40983,"date":"2025-10-21T09:21:32","date_gmt":"2025-10-21T07:21:32","guid":{"rendered":"https:\/\/purama.lt\/produktas\/natures-finest-naktines-detoksikacijos-arbata\/"},"modified":"2026-04-16T13:04:51","modified_gmt":"2026-04-16T11:04:51","slug":"natures-finest-nakts-detox-teja","status":"publish","type":"product","link":"https:\/\/purama.lt\/lv\/produktas\/natures-finest-naktines-detoksikacijos-arbata\/","title":{"rendered":"Nature's Finest nakts detoksik\u0101cijas t\u0113ja"},"content":{"rendered":"<div class=\"purama-ebook-promo\">\r\n  <div class=\"pep-content\">\r\n    <span class=\"pep-eyebrow\">P\u0113rkot Nature's Finest produktus<\/span>\r\n    <h2 class=\"pep-title\">Bezmaksas e-gr\u0101mata d\u0101van\u0101<\/h2>\r\n    <p class=\"pep-desc\">M\u016bsu ekspertu sagatavoti padomi un receptes pal\u012bdz\u0113s vesel\u012bga uztura un ikdienas treni\u0146u ce\u013c\u0101 \u2013 <strong>d\u0101vana pie jebkura Nature's Finest pas\u016bt\u012bjuma no 30 \u20ac.<\/strong><\/p>\r\n  <\/div>\r\n  <div class=\"pep-visual\">\r\n    <img decoding=\"async\" src=\"https:\/\/purama.lt\/wp-content\/uploads\/2026\/04\/receptu-knyga.png\" alt=\"Bezmaksas e-gr\u0101mata \u2014 d\u0101vana pie Nature&#039;s Finest pas\u016bt\u012bjumiem no 30 \u20ac\" loading=\"lazy\" \/>\r\n  <\/div>\r\n<\/div>\r\n\r\n<style>\r\n.purama-ebook-promo{\r\n  font-family:Inter,-apple-system,BlinkMacSystemFont,sans-serif;\r\n  display:grid;\r\n  grid-template-columns:1.1fr 1fr;\r\n  gap:48px;\r\n  align-items:center;\r\n  padding:48px;\r\n  margin:32px 0;\r\n  background:#f8f8f8;\r\n  border:1px solid #eee;\r\n  border-radius:12px;\r\n  position:relative;\r\n  overflow:hidden;\r\n}\r\n.purama-ebook-promo::before{\r\n  content:\"\";\r\n  position:absolute;\r\n  top:-120px;right:-120px;\r\n  width:340px;height:340px;\r\n  background:radial-gradient(circle,rgba(220,152,20,.08) 0%,transparent 70%);\r\n  border-radius:50%;\r\n  pointer-events:none;\r\n}\r\n.pep-content{position:relative;z-index:2;}\r\n.pep-eyebrow{\r\n  display:inline-block;\r\n  font-family:Inter,sans-serif;\r\n  font-size:13px;\r\n  font-weight:600;\r\n  letter-spacing:.3px;\r\n  text-transform:uppercase;\r\n  color:#dc9814;\r\n  margin-bottom:14px;\r\n  line-height:1.5;\r\n}\r\n.pep-title{\r\n  font-family:Inter,sans-serif;\r\n  font-size:34px;\r\n  line-height:1.2;\r\n  font-weight:600;\r\n  letter-spacing:-.5px;\r\n  color:#111;\r\n  margin:0 0 18px;\r\n}\r\n.pep-desc{\r\n  font-family:Inter,sans-serif;\r\n  font-size:16px;\r\n  line-height:1.6;\r\n  font-weight:400;\r\n  color:#444;\r\n  margin:0;\r\n}\r\n.pep-desc strong{\r\n  font-weight:600;\r\n  color:#111;\r\n}\r\n.pep-visual{\r\n  position:relative;\r\n  z-index:2;\r\n  text-align:center;\r\n}\r\n.pep-visual img{\r\n  max-width:100%;\r\n  height:auto;\r\n  filter:drop-shadow(0 22px 44px rgba(0,0,0,.15));\r\n  transform:rotate(-2deg);\r\n  transition:transform .4s ease;\r\n}\r\n.pep-visual img:hover{transform:rotate(0deg) scale(1.02);}\r\n@media (max-width:860px){\r\n  .purama-ebook-promo{\r\n    grid-template-columns:1fr;\r\n    padding:28px 22px;\r\n    gap:24px;\r\n  }\r\n  .pep-title{font-size:26px;}\r\n  .pep-visual img{max-width:260px;transform:rotate(0deg);}\r\n}\r\n<\/style>\n\n\n\n<p><strong>Pat\u0113ri\u0146\u0161<\/strong>:<br>Ieteicams uzv\u0101r\u012bt 1-2 t\u0113jkarotes t\u0113jas un atst\u0101t uz 5-10 min\u016bt\u0113m, l\u012bdz visas v\u0113rt\u012bg\u0101s sast\u0101vda\u013cas ir atbr\u012bvoju\u0161\u0101s. Vislab\u0101k to lietot vakar\u0101 pirms gul\u0113tie\u0161anas, lai pan\u0101ktu maksim\u0101lu detoksik\u0101cijas efektu. Nep\u0101rsniedziet noteikto devu.<\/p>\n\n\n\n<p><strong>Sast\u0101vda\u013cas<\/strong>:<\/p>\n\n\n\n<ol class=\"wp-block-list\">\n<li><strong>Margrieti\u0146as<\/strong> - nomierina \u0137ermeni un pal\u012bdz atsl\u0101bin\u0101ties pirms gul\u0113tie\u0161anas.<\/li>\n\n\n\n<li><strong>Piparm\u0113tra<\/strong> - uzlabo gremo\u0161anu un svaigumu.<\/li>\n\n\n\n<li><strong>Ingvers<\/strong> - pal\u012bdz uzlabot gremo\u0161anas sist\u0113mas darb\u012bbu un veicina detoksik\u0101ciju.<\/li>\n\n\n\n<li><strong>Wormwood<\/strong> - pal\u012bdz organismam atbr\u012bvoties no toks\u012bniem un stiprina imunit\u0101ti.<\/li>\n\n\n\n<li><strong>Lavanda<\/strong> - nomierina nervu sist\u0113mu un pal\u012bdz uzlabot miega kvalit\u0101ti.<\/li>\n<\/ol>\n\n\n\n<p><strong>P\u0101rtikas apstr\u0101des sertifik\u0101ts:&nbsp;<\/strong>69MTSPA-667<\/p>\n\n\n\n<p>Vai mekl\u0113jat vair\u0101k? Apskatiet visu <a href=\"\/lv\/produktu-etiketes\/natures-finest\/\">Nature\u2019s Finest sortiments<\/a>.<\/p>","protected":false},"excerpt":{"rendered":"<p data-start=\"250\" data-end=\"635\"><strong data-start=\"407\" data-end=\"442\">Nature's Finest nakts detoksik\u0101cijas t\u0113ja<\/strong> - ir dabisks papildin\u0101jums organisma att\u012br\u012b\u0161anai un detoksik\u0101cijai nakt\u012b. Sast\u0101vda\u013cas pal\u012bdz att\u012br\u012bt organismu no toks\u012bniem, uzlabo gremo\u0161anu un veicina lab\u0101ku miega kvalit\u0101ti. Nakts detoksik\u0101cijas t\u0113ja ir ide\u0101li piem\u0113rota tiem, kuri v\u0113las atjaunot ener\u0123iju, uzlabot gremo\u0161anu un labi atp\u016bsties.<\/p>\n<p data-start=\"637\" data-end=\"1100\"><strong data-start=\"637\" data-end=\"660\">K\u0101p\u0113c izv\u0113l\u0113ties<\/strong>:<br data-start=\"661\" data-end=\"664\" \/>\u2714\ufe0f <strong data-start=\"667\" data-end=\"690\">Detoksik\u0101cija nakt\u012b<\/strong>A: pal\u012bdz att\u012br\u012bt organismu no toks\u012bniem un uzlabo gremo\u0161anas sist\u0113mu.<br data-start=\"761\" data-end=\"764\" \/>\u2714\ufe0f <strong data-start=\"767\" data-end=\"789\">Atbalsta labu miegu<\/strong>A: Sast\u0101vda\u013cas pal\u012bdz jums atp\u016bsties un uzlabot miega kvalit\u0101ti.<br data-start=\"868\" data-end=\"871\" \/>\u2714\ufe0f <strong data-start=\"874\" data-end=\"900\">Dab\u012bgas sast\u0101vda\u013cas<\/strong>A: Satur tikai dabiskus un dro\u0161us gar\u0161augus, kas pal\u012bdz sasniegt detoksik\u0101cijas un lab\u0101kas atp\u016btas m\u0113r\u0137us.<br data-start=\"1009\" data-end=\"1012\" \/>\u2714\ufe0f <strong data-start=\"1015\" data-end=\"1037\">Lieto\u0161anas \u0113rtums<\/strong>: \u0112rti pagatavojama t\u0113ja, ko baud\u012bt pirms gul\u0113tie\u0161anas.<\/p>","protected":false},"featured_media":41018,"comment_status":"open","ping_status":"closed","template":"","meta":{"_acf_changed":false},"product_brand":[441],"product_cat":[123,57,398,260,60,264],"product_tag":[],"class_list":{"0":"post-40983","1":"product","2":"type-product","3":"status-publish","4":"has-post-thumbnail","6":"product_brand-natures-finest","7":"product_cat-papildai-ilgaamziskumui","8":"product_cat-akcijos","9":"product_cat-arbata","10":"product_cat-energijai-ir-apykaitai","11":"product_cat-mitybai","12":"product_cat-virskinimui-ir-detoksui","14":"first","15":"instock","16":"sale","17":"shipping-taxable","18":"purchasable","19":"product-type-simple"},"acf":[],"tiered_pricing_type":"fixed","tiered_pricing_fixed_rules":[],"tiered_pricing_product_settings":{"layout":"default","base_unit_name":{"singular":null,"plural":null},"default_variation":null},"tiered_pricing_minimum_quantity":null,"tiered_pricing_roles_data":[],"tiered_pricing_percentage_rules":[],"_links":{"self":[{"href":"https:\/\/purama.lt\/lv\/wp-json\/wp\/v2\/product\/40983","targetHints":{"allow":["GET"]}}],"collection":[{"href":"https:\/\/purama.lt\/lv\/wp-json\/wp\/v2\/product"}],"about":[{"href":"https:\/\/purama.lt\/lv\/wp-json\/wp\/v2\/types\/product"}],"replies":[{"embeddable":true,"href":"https:\/\/purama.lt\/lv\/wp-json\/wp\/v2\/comments?post=40983"}],"wp:featuredmedia":[{"embeddable":true,"href":"https:\/\/purama.lt\/lv\/wp-json\/wp\/v2\/media\/41018"}],"wp:attachment":[{"href":"https:\/\/purama.lt\/lv\/wp-json\/wp\/v2\/media?parent=40983"}],"wp:term":[{"taxonomy":"product_brand","embeddable":true,"href":"https:\/\/purama.lt\/lv\/wp-json\/wp\/v2\/product_brand?post=40983"},{"taxonomy":"product_cat","embeddable":true,"href":"https:\/\/purama.lt\/lv\/wp-json\/wp\/v2\/product_cat?post=40983"},{"taxonomy":"product_tag","embeddable":true,"href":"https:\/\/purama.lt\/lv\/wp-json\/wp\/v2\/product_tag?post=40983"}],"curies":[{"name":"wp","href":"https:\/\/api.w.org\/{rel}","templated":true}]}}