{"id":40979,"date":"2025-10-21T09:21:28","date_gmt":"2025-10-21T07:21:28","guid":{"rendered":"https:\/\/purama.lt\/produktas\/natures-finest-prostatos-palaikymui\/"},"modified":"2026-04-13T16:29:57","modified_gmt":"2026-04-13T14:29:57","slug":"daba-finest-prostatas-atbalstam","status":"publish","type":"product","link":"https:\/\/purama.lt\/lv\/produktas\/natures-finest-prostatos-palaikymui\/","title":{"rendered":"Dabas Finest Prostatas atbalsts"},"content":{"rendered":"<p><strong>Pat\u0113ri\u0146\u0161<\/strong>:<br>Ieteicams lietot 1-2 m\u0113rci pulvera dien\u0101, sajaucot ar \u016bdeni, kokteili vai iecien\u012bt\u0101ko dz\u0113rienu. Vislab\u0101k to lietot no r\u012bta vai vakar\u0101, lai pan\u0101ktu vislab\u0101ko iedarb\u012bbu. Nep\u0101rsniedziet noteikto devu.<\/p>\n\n\n\n<p><strong>Sast\u0101vda\u013cas<\/strong>:<\/p>\n\n\n\n<ol class=\"wp-block-list\">\n<li><strong>v\u0113rmeles ekstrakts<\/strong> - pal\u012bdz mazin\u0101t prostatas iekaisumu un uzlabo ur\u012bnce\u013cu darb\u012bbu.<\/li>\n\n\n\n<li><strong>Palmu ekstrakts (Saw Palmetto)<\/strong> - pal\u012bdz uztur\u0113t vesel\u012bgu prostatas darb\u012bbu un mazin\u0101t ar vecumu saist\u012btus simptomus.<\/li>\n\n\n\n<li><strong>Cinks<\/strong> - svar\u012bga miner\u0101lviela prostatas vesel\u012bbai un imunit\u0101tei.<\/li>\n\n\n\n<li><strong>D vitam\u012bns<\/strong> - svar\u012bgi prostatas vesel\u012bbai un hormonu l\u012bdzsvaram organism\u0101.<\/li>\n\n\n\n<li><strong>Biaton ekstrakts<\/strong> - pal\u012bdz uzlabot ur\u012bnce\u013cu darb\u012bbu un normaliz\u0113t ur\u012bnce\u013cu darb\u012bbu.<\/li>\n<\/ol>\n\n\n\n<p><strong>P\u0101rtikas apstr\u0101des sertifik\u0101ts:&nbsp;<\/strong>69MTSPA-667<\/p>\n\n\n\n<p>Vai mekl\u0113jat vair\u0101k? Apskatiet visu <a href=\"\/lv\/produktu-etiketes\/daba-finest\/\">Nature\u2019s Finest sortiments<\/a>.<\/p>","protected":false},"excerpt":{"rendered":"<p data-start=\"257\" data-end=\"654\"><strong>Nature's Finest Prostaat Ondersteuning<\/strong> - ir dab\u012bgs papildin\u0101jums, kas paredz\u0113ts prostatas vesel\u012bbas stiprin\u0101\u0161anai un ur\u012bnce\u013cu funkcijas uzlabo\u0161anai. \u0160\u0101 uztura bag\u0101tin\u0101t\u0101ja sast\u0101vda\u013cas pal\u012bdz uztur\u0113t vesel\u012bgu prostatas darb\u012bbu, mazina iekaisumu un veicina lab\u0101ku ur\u012bnce\u013cu darb\u012bbu. Ide\u0101li piem\u0113rots gados vec\u0101kiem v\u012brie\u0161iem, kuri v\u0113las saglab\u0101t labu prostatas vesel\u012bbu un kvalitat\u012bvu dz\u012bvesveidu.<\/p>\n<p data-start=\"656\" data-end=\"1109\"><strong data-start=\"656\" data-end=\"679\">K\u0101p\u0113c izv\u0113l\u0113ties<\/strong>:<br data-start=\"680\" data-end=\"683\" \/>\u2714\ufe0f <strong data-start=\"686\" data-end=\"716\">Atbalsta prostatas vesel\u012bbu<\/strong>A: pal\u012bdz uztur\u0113t vesel\u012bgu prostatas darb\u012bbu un mazina iekaisumu.<br data-start=\"783\" data-end=\"786\" \/>\u2714\ufe0f <strong data-start=\"789\" data-end=\"815\">Dab\u012bgas sast\u0101vda\u013cas<\/strong>A: Satur tikai dabiskus augu ekstraktus, kas ir dro\u0161i un efekt\u012bvi.<br data-start=\"894\" data-end=\"897\" \/>\u2714\ufe0f <strong data-start=\"900\" data-end=\"933\">Uzlabo ur\u012bnce\u013cu darb\u012bbu<\/strong>A: pal\u012bdz normaliz\u0113t urin\u0113\u0161anas procesu un mazina bie\u017eo v\u0113lmi bie\u017ei doties uz tualeti.<br data-start=\"1013\" data-end=\"1016\" \/>\u2714\ufe0f <strong data-start=\"1019\" data-end=\"1041\">Lieto\u0161anas \u0113rtums<\/strong>: \u0112rts pulveris, kas \u0101tri un viegli sajaucams ar dz\u0113rieniem.<\/p>\n<p><strong data-start=\"1056\" data-end=\"1113\" data-is-only-node=\"\">Vai mekl\u0113jat vair\u0101k Nature's Finest? <a href=\"https:\/\/purama.lt\/lv\/produktu-etiketes\/daba-finest\/\">Skat\u012bt visu Nature's Finest produktu kl\u0101stu<\/a><\/strong><\/p>","protected":false},"featured_media":41012,"comment_status":"open","ping_status":"closed","template":"","meta":{"_acf_changed":false},"product_brand":[441],"product_cat":[276,57,123,277],"product_tag":[],"class_list":{"0":"post-40979","1":"product","2":"type-product","3":"status-publish","4":"has-post-thumbnail","6":"product_brand-natures-finest","7":"product_cat-seksualinei-sveikatai","8":"product_cat-akcijos","9":"product_cat-papildai-ilgaamziskumui","10":"product_cat-vyrams","12":"first","13":"instock","14":"sale","15":"shipping-taxable","16":"purchasable","17":"product-type-simple"},"acf":[],"tiered_pricing_type":"fixed","tiered_pricing_fixed_rules":[],"tiered_pricing_product_settings":{"layout":"default","base_unit_name":{"singular":null,"plural":null},"default_variation":null},"tiered_pricing_minimum_quantity":null,"tiered_pricing_roles_data":[],"tiered_pricing_percentage_rules":[],"_links":{"self":[{"href":"https:\/\/purama.lt\/lv\/wp-json\/wp\/v2\/product\/40979","targetHints":{"allow":["GET"]}}],"collection":[{"href":"https:\/\/purama.lt\/lv\/wp-json\/wp\/v2\/product"}],"about":[{"href":"https:\/\/purama.lt\/lv\/wp-json\/wp\/v2\/types\/product"}],"replies":[{"embeddable":true,"href":"https:\/\/purama.lt\/lv\/wp-json\/wp\/v2\/comments?post=40979"}],"wp:featuredmedia":[{"embeddable":true,"href":"https:\/\/purama.lt\/lv\/wp-json\/wp\/v2\/media\/41012"}],"wp:attachment":[{"href":"https:\/\/purama.lt\/lv\/wp-json\/wp\/v2\/media?parent=40979"}],"wp:term":[{"taxonomy":"product_brand","embeddable":true,"href":"https:\/\/purama.lt\/lv\/wp-json\/wp\/v2\/product_brand?post=40979"},{"taxonomy":"product_cat","embeddable":true,"href":"https:\/\/purama.lt\/lv\/wp-json\/wp\/v2\/product_cat?post=40979"},{"taxonomy":"product_tag","embeddable":true,"href":"https:\/\/purama.lt\/lv\/wp-json\/wp\/v2\/product_tag?post=40979"}],"curies":[{"name":"wp","href":"https:\/\/api.w.org\/{rel}","templated":true}]}}