{"id":40976,"date":"2025-10-21T09:21:23","date_gmt":"2025-10-21T07:21:23","guid":{"rendered":"https:\/\/purama.lt\/produktas\/natures-finest-liemens-linijai\/"},"modified":"2026-04-16T13:17:17","modified_gmt":"2026-04-16T11:17:17","slug":"natures-finest-waistline-pro","status":"publish","type":"product","link":"https:\/\/purama.lt\/lv\/produktas\/natures-finest-liemens-linijai\/","title":{"rendered":"Dabas smalk\u0101kais viduklis"},"content":{"rendered":"<div class=\"purama-ebook-promo\">\r\n  <div class=\"pep-content\">\r\n    <span class=\"pep-eyebrow\">P\u0113rkot Nature's Finest produktus<\/span>\r\n    <h2 class=\"pep-title\">Bezmaksas e-gr\u0101mata d\u0101van\u0101<\/h2>\r\n    <p class=\"pep-desc\">M\u016bsu ekspertu sagatavoti padomi un receptes pal\u012bdz\u0113s vesel\u012bga uztura un ikdienas treni\u0146u ce\u013c\u0101 \u2013 <strong>d\u0101vana pie jebkura Nature's Finest pas\u016bt\u012bjuma no 30 \u20ac.<\/strong><\/p>\r\n  <\/div>\r\n  <div class=\"pep-visual\">\r\n    <img decoding=\"async\" src=\"https:\/\/purama.lt\/wp-content\/uploads\/2026\/04\/receptu-knyga.png\" alt=\"Bezmaksas e-gr\u0101mata \u2014 d\u0101vana pie Nature&#039;s Finest pas\u016bt\u012bjumiem no 30 \u20ac\" loading=\"lazy\" \/>\r\n  <\/div>\r\n<\/div>\r\n\r\n<style>\r\n.purama-ebook-promo{\r\n  font-family:Inter,-apple-system,BlinkMacSystemFont,sans-serif;\r\n  display:grid;\r\n  grid-template-columns:1.1fr 1fr;\r\n  gap:48px;\r\n  align-items:center;\r\n  padding:48px;\r\n  margin:32px 0;\r\n  background:#f8f8f8;\r\n  border:1px solid #eee;\r\n  border-radius:12px;\r\n  position:relative;\r\n  overflow:hidden;\r\n}\r\n.purama-ebook-promo::before{\r\n  content:\"\";\r\n  position:absolute;\r\n  top:-120px;right:-120px;\r\n  width:340px;height:340px;\r\n  background:radial-gradient(circle,rgba(220,152,20,.08) 0%,transparent 70%);\r\n  border-radius:50%;\r\n  pointer-events:none;\r\n}\r\n.pep-content{position:relative;z-index:2;}\r\n.pep-eyebrow{\r\n  display:inline-block;\r\n  font-family:Inter,sans-serif;\r\n  font-size:13px;\r\n  font-weight:600;\r\n  letter-spacing:.3px;\r\n  text-transform:uppercase;\r\n  color:#dc9814;\r\n  margin-bottom:14px;\r\n  line-height:1.5;\r\n}\r\n.pep-title{\r\n  font-family:Inter,sans-serif;\r\n  font-size:34px;\r\n  line-height:1.2;\r\n  font-weight:600;\r\n  letter-spacing:-.5px;\r\n  color:#111;\r\n  margin:0 0 18px;\r\n}\r\n.pep-desc{\r\n  font-family:Inter,sans-serif;\r\n  font-size:16px;\r\n  line-height:1.6;\r\n  font-weight:400;\r\n  color:#444;\r\n  margin:0;\r\n}\r\n.pep-desc strong{\r\n  font-weight:600;\r\n  color:#111;\r\n}\r\n.pep-visual{\r\n  position:relative;\r\n  z-index:2;\r\n  text-align:center;\r\n}\r\n.pep-visual img{\r\n  max-width:100%;\r\n  height:auto;\r\n  filter:drop-shadow(0 22px 44px rgba(0,0,0,.15));\r\n  transform:rotate(-2deg);\r\n  transition:transform .4s ease;\r\n}\r\n.pep-visual img:hover{transform:rotate(0deg) scale(1.02);}\r\n@media (max-width:860px){\r\n  .purama-ebook-promo{\r\n    grid-template-columns:1fr;\r\n    padding:28px 22px;\r\n    gap:24px;\r\n  }\r\n  .pep-title{font-size:26px;}\r\n  .pep-visual img{max-width:260px;transform:rotate(0deg);}\r\n}\r\n<\/style>\n\n\n\n<p><strong>Pat\u0113ri\u0146\u0161<\/strong>:<br>Ieteicams lietot 1-2 m\u0113rci pulvera dien\u0101, sajaucot ar \u016bdeni, kokteili vai iecien\u012bt\u0101ko dz\u0113rienu. Vislab\u0101k to lietot no r\u012bta vai pirms treni\u0146a. Nep\u0101rsniedziet noteikto devu.<\/p>\n\n\n\n<p><strong>Sast\u0101vda\u013cas<\/strong>:<\/p>\n\n\n\n<ol class=\"wp-block-list\">\n<li><strong>Za\u013c\u0101 t\u0113ja<\/strong> - pal\u012bdz sadedzin\u0101t taukus un uzlabo vielmai\u0146u.<\/li>\n\n\n\n<li><strong>L-karnit\u012bns<\/strong> - pal\u012bdz p\u0101rv\u0113rst taukus ener\u0123ij\u0101, palielinot treni\u0146a veiktsp\u0113ju.<\/li>\n\n\n\n<li><strong>Hitoz\u0101ns<\/strong> - pal\u012bdz blo\u0137\u0113t tauku uzs\u016bk\u0161anos un uzlabo svara kontroli.<\/li>\n\n\n\n<li><strong>Kan\u0113\u013ca ekstrakts<\/strong> - kontrol\u0113 apet\u012bti un pal\u012bdz stabiliz\u0113t cukura l\u012bmeni asin\u012bs.<\/li>\n\n\n\n<li><strong>Kofe\u012bns<\/strong> - Stimul\u0113 ener\u0123iju un vielmai\u0146u, pal\u012bdz sasniegt augst\u0101ku fizisko un gar\u012bgo veiktsp\u0113ju.<\/li>\n<\/ol>\n\n\n\n<p><strong>P\u0101rtikas apstr\u0101des sertifik\u0101ts:&nbsp;<\/strong>69MTSPA-667<\/p>","protected":false},"excerpt":{"rendered":"<p data-start=\"244\" data-end=\"659\"><strong>Nature's Finest Waistline Pro<\/strong> - ir \u012bpa\u0161i izstr\u0101d\u0101ts uztura bag\u0101tin\u0101t\u0101js, kas pal\u012bdz veidot \u0137erme\u0146a l\u012bnijas un kontrol\u0113t \u0137erme\u0146a svaru. Waistline Pro satur dabiskas sast\u0101vda\u013cas, kas pal\u012bdz pa\u0101trin\u0101t tauku dedzin\u0101\u0161anu, nom\u0101c apet\u012bti un veicina vesel\u012bgu vielmai\u0146u, pal\u012bdz sasniegt lab\u0101kus rezult\u0101tus v\u0113lam\u0101 auguma veido\u0161an\u0101 un nodro\u0161ina ilgtermi\u0146a svara kontroles atbalstu.<\/p>\n<p data-start=\"661\" data-end=\"1105\"><strong data-start=\"661\" data-end=\"684\">K\u0101p\u0113c izv\u0113l\u0113ties<\/strong>:<br data-start=\"685\" data-end=\"688\" \/>\u2714\ufe0f <strong data-start=\"691\" data-end=\"723\">Pal\u012bdz veidot \u0137erme\u0146a l\u012bnijas<\/strong>: Veicina vesel\u012bgu svara zudumu un pal\u012bdz veidot sp\u0113c\u012bgu, stingru \u0137ermeni.<br data-start=\"796\" data-end=\"799\" \/>\u2714\ufe0f <strong data-start=\"802\" data-end=\"828\">Dab\u012bgas sast\u0101vda\u013cas<\/strong>A: Satur tikai dabiskus augu ekstraktus, kas darbojas efekt\u012bvi un dro\u0161i.<br data-start=\"911\" data-end=\"914\" data-is-only-node=\"\" \/>\u2714\ufe0f <strong data-start=\"917\" data-end=\"936\">Nom\u0101c apet\u012bti<\/strong>: Pal\u012bdz kontrol\u0113t izsalkumu un samazina iesp\u0113ju p\u0101r\u0113sties.<br data-start=\"1006\" data-end=\"1009\" \/>\u2714\ufe0f <strong data-start=\"1012\" data-end=\"1040\">Uzlabo vielmai\u0146u<\/strong>: Veicina \u0101tr\u0101ku tauku dedzin\u0101\u0161anu un vesel\u012bgu vielmai\u0146u.<\/p>","protected":false},"featured_media":41011,"comment_status":"open","ping_status":"closed","template":"","meta":{"_acf_changed":true},"product_brand":[441],"product_cat":[123,57,260,266,262,264],"product_tag":[],"class_list":{"0":"post-40976","1":"product","2":"type-product","3":"status-publish","4":"has-post-thumbnail","6":"product_brand-natures-finest","7":"product_cat-papildai-ilgaamziskumui","8":"product_cat-akcijos","9":"product_cat-energijai-ir-apykaitai","10":"product_cat-fermentai-ir-virskinimas","11":"product_cat-medziagu-apykaita","12":"product_cat-virskinimui-ir-detoksui","14":"first","15":"instock","16":"sale","17":"shipping-taxable","18":"purchasable","19":"product-type-simple"},"acf":[],"tiered_pricing_type":"fixed","tiered_pricing_fixed_rules":[],"tiered_pricing_product_settings":{"layout":"default","base_unit_name":{"singular":null,"plural":null},"default_variation":null},"tiered_pricing_minimum_quantity":null,"tiered_pricing_roles_data":[],"tiered_pricing_percentage_rules":[],"_links":{"self":[{"href":"https:\/\/purama.lt\/lv\/wp-json\/wp\/v2\/product\/40976","targetHints":{"allow":["GET"]}}],"collection":[{"href":"https:\/\/purama.lt\/lv\/wp-json\/wp\/v2\/product"}],"about":[{"href":"https:\/\/purama.lt\/lv\/wp-json\/wp\/v2\/types\/product"}],"replies":[{"embeddable":true,"href":"https:\/\/purama.lt\/lv\/wp-json\/wp\/v2\/comments?post=40976"}],"wp:featuredmedia":[{"embeddable":true,"href":"https:\/\/purama.lt\/lv\/wp-json\/wp\/v2\/media\/41011"}],"wp:attachment":[{"href":"https:\/\/purama.lt\/lv\/wp-json\/wp\/v2\/media?parent=40976"}],"wp:term":[{"taxonomy":"product_brand","embeddable":true,"href":"https:\/\/purama.lt\/lv\/wp-json\/wp\/v2\/product_brand?post=40976"},{"taxonomy":"product_cat","embeddable":true,"href":"https:\/\/purama.lt\/lv\/wp-json\/wp\/v2\/product_cat?post=40976"},{"taxonomy":"product_tag","embeddable":true,"href":"https:\/\/purama.lt\/lv\/wp-json\/wp\/v2\/product_tag?post=40976"}],"curies":[{"name":"wp","href":"https:\/\/api.w.org\/{rel}","templated":true}]}}