{"id":40974,"date":"2025-10-21T09:21:20","date_gmt":"2025-10-21T07:21:20","guid":{"rendered":"https:\/\/purama.lt\/produktas\/natures-finest-atminciai\/"},"modified":"2026-04-16T13:17:37","modified_gmt":"2026-04-16T11:17:37","slug":"dabas-labakas-atminas","status":"publish","type":"product","link":"https:\/\/purama.lt\/lv\/produktas\/natures-finest-atminciai\/","title":{"rendered":"Dabas lab\u0101k\u0101 atmi\u0146a"},"content":{"rendered":"<div class=\"purama-ebook-promo\">\r\n  <div class=\"pep-content\">\r\n    <span class=\"pep-eyebrow\">P\u0113rkot Nature's Finest produktus<\/span>\r\n    <h2 class=\"pep-title\">Bezmaksas e-gr\u0101mata d\u0101van\u0101<\/h2>\r\n    <p class=\"pep-desc\">M\u016bsu ekspertu sagatavoti padomi un receptes pal\u012bdz\u0113s vesel\u012bga uztura un ikdienas treni\u0146u ce\u013c\u0101 \u2013 <strong>d\u0101vana pie jebkura Nature's Finest pas\u016bt\u012bjuma no 30 \u20ac.<\/strong><\/p>\r\n  <\/div>\r\n  <div class=\"pep-visual\">\r\n    <img decoding=\"async\" src=\"https:\/\/purama.lt\/wp-content\/uploads\/2026\/04\/receptu-knyga.png\" alt=\"Bezmaksas e-gr\u0101mata \u2014 d\u0101vana pie Nature&#039;s Finest pas\u016bt\u012bjumiem no 30 \u20ac\" loading=\"lazy\" \/>\r\n  <\/div>\r\n<\/div>\r\n\r\n<style>\r\n.purama-ebook-promo{\r\n  font-family:Inter,-apple-system,BlinkMacSystemFont,sans-serif;\r\n  display:grid;\r\n  grid-template-columns:1.1fr 1fr;\r\n  gap:48px;\r\n  align-items:center;\r\n  padding:48px;\r\n  margin:32px 0;\r\n  background:#f8f8f8;\r\n  border:1px solid #eee;\r\n  border-radius:12px;\r\n  position:relative;\r\n  overflow:hidden;\r\n}\r\n.purama-ebook-promo::before{\r\n  content:\"\";\r\n  position:absolute;\r\n  top:-120px;right:-120px;\r\n  width:340px;height:340px;\r\n  background:radial-gradient(circle,rgba(220,152,20,.08) 0%,transparent 70%);\r\n  border-radius:50%;\r\n  pointer-events:none;\r\n}\r\n.pep-content{position:relative;z-index:2;}\r\n.pep-eyebrow{\r\n  display:inline-block;\r\n  font-family:Inter,sans-serif;\r\n  font-size:13px;\r\n  font-weight:600;\r\n  letter-spacing:.3px;\r\n  text-transform:uppercase;\r\n  color:#dc9814;\r\n  margin-bottom:14px;\r\n  line-height:1.5;\r\n}\r\n.pep-title{\r\n  font-family:Inter,sans-serif;\r\n  font-size:34px;\r\n  line-height:1.2;\r\n  font-weight:600;\r\n  letter-spacing:-.5px;\r\n  color:#111;\r\n  margin:0 0 18px;\r\n}\r\n.pep-desc{\r\n  font-family:Inter,sans-serif;\r\n  font-size:16px;\r\n  line-height:1.6;\r\n  font-weight:400;\r\n  color:#444;\r\n  margin:0;\r\n}\r\n.pep-desc strong{\r\n  font-weight:600;\r\n  color:#111;\r\n}\r\n.pep-visual{\r\n  position:relative;\r\n  z-index:2;\r\n  text-align:center;\r\n}\r\n.pep-visual img{\r\n  max-width:100%;\r\n  height:auto;\r\n  filter:drop-shadow(0 22px 44px rgba(0,0,0,.15));\r\n  transform:rotate(-2deg);\r\n  transition:transform .4s ease;\r\n}\r\n.pep-visual img:hover{transform:rotate(0deg) scale(1.02);}\r\n@media (max-width:860px){\r\n  .purama-ebook-promo{\r\n    grid-template-columns:1fr;\r\n    padding:28px 22px;\r\n    gap:24px;\r\n  }\r\n  .pep-title{font-size:26px;}\r\n  .pep-visual img{max-width:260px;transform:rotate(0deg);}\r\n}\r\n<\/style>\n\n\n\n<p><strong>Pat\u0113ri\u0146\u0161<\/strong>:<br>Ieteicams lietot 1-2 m\u0113rci pulvera dien\u0101, sajaucot ar \u016bdeni, kokteili vai iecien\u012bt\u0101ko dz\u0113rienu. Vislab\u0101k to lietot no r\u012bta vai pirms gar\u012bg\u0101s slodzes (piem\u0113ram, pirms darba vai m\u0101c\u012bb\u0101m). Nep\u0101rsniedziet noteikto devu.<\/p>\n\n\n\n<p><strong>Sast\u0101vda\u013cas<\/strong>:<\/p>\n\n\n\n<ol class=\"wp-block-list\">\n<li><strong>Ginkgo Biloba<\/strong> - augs, kas uzlabo asins pl\u016bsmu smadzen\u0113s un veicina atmi\u0146u.<\/li>\n\n\n\n<li><strong>B6 vitam\u012bns<\/strong> - svar\u012bgs elements nervu sist\u0113mas darb\u012bbai un gar\u012bgajai veiktsp\u0113jai.<\/li>\n\n\n\n<li><strong>Omega-3 tauksk\u0101bes<\/strong> - pal\u012bdz uzlabot smadze\u0146u vesel\u012bbu un darb\u012bbu.<\/li>\n\n\n\n<li><strong>\u017de\u0146\u0161e\u0146s<\/strong> - augs, kas uzlabo koncentr\u0113\u0161an\u0101s sp\u0113jas un gar\u012bg\u0101s ener\u0123ijas l\u012bmeni.<\/li>\n\n\n\n<li><strong>Cinks<\/strong> - svar\u012bgs elements norm\u0101las smadze\u0146u darb\u012bbas un pr\u0101ta skaidr\u012bbas uztur\u0113\u0161anai.<\/li>\n<\/ol>\n\n\n\n<p><strong>P\u0101rtikas apstr\u0101des sertifik\u0101ts:&nbsp;<\/strong>69MTSPA-667<\/p>\n\n\n\n<p>Vai mekl\u0113jat vair\u0101k? Apskatiet visu <a href=\"\/lv\/produktu-etiketes\/natures-finest\/\">Nature\u2019s Finest sortiments<\/a>.<\/p>","protected":false},"excerpt":{"rendered":"<p data-start=\"240\" data-end=\"673\"><strong>Nature's Finest OkMemory<\/strong> - ir dabisks uztura bag\u0101tin\u0101t\u0101js, kas paredz\u0113ts atmi\u0146as, koncentr\u0113\u0161an\u0101s un visp\u0101r\u0113j\u0101s smadze\u0146u darb\u012bbas uzlabo\u0161anai. T\u0101 augu izcelsmes sast\u0101vda\u013cas un vitam\u012bni pal\u012bdz uztur\u0113t gar\u012bgo vesel\u012bbu, c\u012bn\u012bties ar nogurumu un stresu un uzlabot gar\u012bgo veiktsp\u0113ju. OkMemory ir lieliska izv\u0113le tiem, kuri v\u0113las uzlabot smadze\u0146u darb\u012bbu un atmi\u0146u, k\u0101 ar\u012b samazin\u0101t smadze\u0146u nogurumu un uzlabot koncentr\u0113\u0161an\u0101s sp\u0113jas.<\/p>\n<p data-start=\"675\" data-end=\"1171\"><strong data-start=\"675\" data-end=\"698\">K\u0101p\u0113c izv\u0113l\u0113ties<\/strong>:<br data-start=\"699\" data-end=\"702\" \/>\u2714\ufe0f <strong data-start=\"705\" data-end=\"744\">Uzlabota atmi\u0146a un koncentr\u0101cija<\/strong>: Sast\u0101vda\u013cas, kas pal\u012bdz stiprin\u0101t atmi\u0146u un koncentr\u0113\u0161an\u0101s sp\u0113jas.<br data-start=\"802\" data-end=\"805\" \/>\u2714\ufe0f <strong data-start=\"808\" data-end=\"844\">Dabiskas un dro\u0161as sast\u0101vda\u013cas<\/strong>A: Satur tikai dabiskus augu ekstraktus un vitam\u012bnus, lai nodro\u0161in\u0101tu efektivit\u0101ti un dro\u0161\u012bbu.<br data-start=\"945\" data-end=\"948\" \/>\u2714\ufe0f <strong data-start=\"951\" data-end=\"979\">Lab\u0101ka smadze\u0146u darb\u012bba<\/strong>A: Uzlabo gar\u012bgo veiktsp\u0113ju, mazina nogurumu un pal\u012bdz saglab\u0101t gar\u012bgo modr\u012bbu.<br data-start=\"1058\" data-end=\"1061\" \/>\u2714\ufe0f <strong data-start=\"1064\" data-end=\"1086\">Lieto\u0161anas \u0113rtums<\/strong>\u0112rts pulveris, kas viegli sajaucams ar dz\u0113rieniem un nodro\u0161ina t\u016bl\u012bt\u0113ju iedarb\u012bbu.<\/p>","protected":false},"featured_media":41025,"comment_status":"open","ping_status":"closed","template":"","meta":{"_acf_changed":false},"product_brand":[441],"product_cat":[123,57,257,259,256,258],"product_tag":[],"class_list":{"0":"post-40974","1":"product","2":"type-product","3":"status-publish","4":"has-post-thumbnail","6":"product_brand-natures-finest","7":"product_cat-papildai-ilgaamziskumui","8":"product_cat-akcijos","9":"product_cat-atmintis-ir-demesys","10":"product_cat-nuotaika-ir-stresas","11":"product_cat-smegenims-ir-atminciai","12":"product_cat-smegenu-apsauga","14":"first","15":"instock","16":"sale","17":"shipping-taxable","18":"purchasable","19":"product-type-simple"},"acf":[],"tiered_pricing_type":"fixed","tiered_pricing_fixed_rules":[],"tiered_pricing_product_settings":{"layout":"default","base_unit_name":{"singular":null,"plural":null},"default_variation":null},"tiered_pricing_minimum_quantity":null,"tiered_pricing_roles_data":[],"tiered_pricing_percentage_rules":[],"_links":{"self":[{"href":"https:\/\/purama.lt\/lv\/wp-json\/wp\/v2\/product\/40974","targetHints":{"allow":["GET"]}}],"collection":[{"href":"https:\/\/purama.lt\/lv\/wp-json\/wp\/v2\/product"}],"about":[{"href":"https:\/\/purama.lt\/lv\/wp-json\/wp\/v2\/types\/product"}],"replies":[{"embeddable":true,"href":"https:\/\/purama.lt\/lv\/wp-json\/wp\/v2\/comments?post=40974"}],"wp:featuredmedia":[{"embeddable":true,"href":"https:\/\/purama.lt\/lv\/wp-json\/wp\/v2\/media\/41025"}],"wp:attachment":[{"href":"https:\/\/purama.lt\/lv\/wp-json\/wp\/v2\/media?parent=40974"}],"wp:term":[{"taxonomy":"product_brand","embeddable":true,"href":"https:\/\/purama.lt\/lv\/wp-json\/wp\/v2\/product_brand?post=40974"},{"taxonomy":"product_cat","embeddable":true,"href":"https:\/\/purama.lt\/lv\/wp-json\/wp\/v2\/product_cat?post=40974"},{"taxonomy":"product_tag","embeddable":true,"href":"https:\/\/purama.lt\/lv\/wp-json\/wp\/v2\/product_tag?post=40974"}],"curies":[{"name":"wp","href":"https:\/\/api.w.org\/{rel}","templated":true}]}}