{"id":40973,"date":"2025-10-21T09:21:17","date_gmt":"2025-10-21T07:21:17","guid":{"rendered":"https:\/\/purama.lt\/produktas\/natures-finest-venu-prieziurai\/"},"modified":"2026-04-16T13:17:46","modified_gmt":"2026-04-16T11:17:46","slug":"natures-finest-veterinararsta-aprupei","status":"publish","type":"product","link":"https:\/\/purama.lt\/lv\/produktas\/natures-finest-venu-prieziurai\/","title":{"rendered":"Nature's Finest v\u0113nu kop\u0161anai"},"content":{"rendered":"<div class=\"purama-ebook-promo\">\r\n  <div class=\"pep-content\">\r\n    <span class=\"pep-eyebrow\">P\u0113rkot Nature's Finest produktus<\/span>\r\n    <h2 class=\"pep-title\">Bezmaksas e-gr\u0101mata d\u0101van\u0101<\/h2>\r\n    <p class=\"pep-desc\">M\u016bsu ekspertu sagatavoti padomi un receptes pal\u012bdz\u0113s vesel\u012bga uztura un ikdienas treni\u0146u ce\u013c\u0101 \u2013 <strong>d\u0101vana pie jebkura Nature's Finest pas\u016bt\u012bjuma no 30 \u20ac.<\/strong><\/p>\r\n  <\/div>\r\n  <div class=\"pep-visual\">\r\n    <img decoding=\"async\" src=\"https:\/\/purama.lt\/wp-content\/uploads\/2026\/04\/receptu-knyga.png\" alt=\"Bezmaksas e-gr\u0101mata \u2014 d\u0101vana pie Nature&#039;s Finest pas\u016bt\u012bjumiem no 30 \u20ac\" loading=\"lazy\" \/>\r\n  <\/div>\r\n<\/div>\r\n\r\n<style>\r\n.purama-ebook-promo{\r\n  font-family:Inter,-apple-system,BlinkMacSystemFont,sans-serif;\r\n  display:grid;\r\n  grid-template-columns:1.1fr 1fr;\r\n  gap:48px;\r\n  align-items:center;\r\n  padding:48px;\r\n  margin:32px 0;\r\n  background:#f8f8f8;\r\n  border:1px solid #eee;\r\n  border-radius:12px;\r\n  position:relative;\r\n  overflow:hidden;\r\n}\r\n.purama-ebook-promo::before{\r\n  content:\"\";\r\n  position:absolute;\r\n  top:-120px;right:-120px;\r\n  width:340px;height:340px;\r\n  background:radial-gradient(circle,rgba(220,152,20,.08) 0%,transparent 70%);\r\n  border-radius:50%;\r\n  pointer-events:none;\r\n}\r\n.pep-content{position:relative;z-index:2;}\r\n.pep-eyebrow{\r\n  display:inline-block;\r\n  font-family:Inter,sans-serif;\r\n  font-size:13px;\r\n  font-weight:600;\r\n  letter-spacing:.3px;\r\n  text-transform:uppercase;\r\n  color:#dc9814;\r\n  margin-bottom:14px;\r\n  line-height:1.5;\r\n}\r\n.pep-title{\r\n  font-family:Inter,sans-serif;\r\n  font-size:34px;\r\n  line-height:1.2;\r\n  font-weight:600;\r\n  letter-spacing:-.5px;\r\n  color:#111;\r\n  margin:0 0 18px;\r\n}\r\n.pep-desc{\r\n  font-family:Inter,sans-serif;\r\n  font-size:16px;\r\n  line-height:1.6;\r\n  font-weight:400;\r\n  color:#444;\r\n  margin:0;\r\n}\r\n.pep-desc strong{\r\n  font-weight:600;\r\n  color:#111;\r\n}\r\n.pep-visual{\r\n  position:relative;\r\n  z-index:2;\r\n  text-align:center;\r\n}\r\n.pep-visual img{\r\n  max-width:100%;\r\n  height:auto;\r\n  filter:drop-shadow(0 22px 44px rgba(0,0,0,.15));\r\n  transform:rotate(-2deg);\r\n  transition:transform .4s ease;\r\n}\r\n.pep-visual img:hover{transform:rotate(0deg) scale(1.02);}\r\n@media (max-width:860px){\r\n  .purama-ebook-promo{\r\n    grid-template-columns:1fr;\r\n    padding:28px 22px;\r\n    gap:24px;\r\n  }\r\n  .pep-title{font-size:26px;}\r\n  .pep-visual img{max-width:260px;transform:rotate(0deg);}\r\n}\r\n<\/style>\n\n\n\n<p><strong>Pat\u0113ri\u0146\u0161<\/strong>:<br>Ieteicams lietot 1-2 m\u0113rci pulvera dien\u0101, sajaucot ar \u016bdeni, kokteili vai iecien\u012bt\u0101ko dz\u0113rienu. Vislab\u0101k to lietot no r\u012bta vai vakar\u0101, lai pan\u0101ktu vislab\u0101ko iedarb\u012bbu. Nep\u0101rsniedziet noteikto devu.<\/p>\n\n\n\n<p><strong>Sast\u0101vda\u013cas<\/strong>:<\/p>\n\n\n\n<ol class=\"wp-block-list\">\n<li><strong>V\u012bnogu s\u0113klu ekstrakts<\/strong> - stiprina asinsvadu sieni\u0146as un uzlabo asinsriti.<\/li>\n\n\n\n<li><strong>Cinks<\/strong> - pal\u012bdz uztur\u0113t norm\u0101lu asinsvadu darb\u012bbu un v\u0113nu vesel\u012bbu.<\/li>\n\n\n\n<li><strong>Hesperid\u012bns<\/strong> - flavono\u012bds, kas stiprina kapil\u0101rus un uzlabo asins pl\u016bsmu caur v\u0113n\u0101m.<\/li>\n\n\n\n<li><strong>C vitam\u012bns<\/strong> - pal\u012bdz uztur\u0113t asinsvadu vesel\u012bbu un ir svar\u012bgs antioksidants.<\/li>\n\n\n\n<li><strong>Ginkgo ekstrakts<\/strong> - uzlabo asinsriti un pal\u012bdz nov\u0113rst smaguma saj\u016btu k\u0101j\u0101s.<\/li>\n<\/ol>\n\n\n\n<p><strong>P\u0101rtikas apstr\u0101des sertifik\u0101ts:&nbsp;<\/strong>69MTSPA-667<\/p>\n\n\n\n<p>Vai mekl\u0113jat vair\u0101k? Apskatiet visu <a href=\"\/lv\/produktu-etiketes\/natures-finest\/\">Nature\u2019s Finest sortiments<\/a>.<\/p>","protected":false},"excerpt":{"rendered":"<p data-start=\"235\" data-end=\"618\"><strong>Nature's Finest Vein Up<\/strong> - ir dab\u012bgs uztura bag\u0101tin\u0101t\u0101js, kas paredz\u0113ts vesel\u012bgas asinsrites un v\u0113nu darb\u012bbas veicin\u0101\u0161anai. Vein Up formula ir bag\u0101tin\u0101ta ar augu izcelsmes sast\u0101vda\u013c\u0101m, kas pal\u012bdz stiprin\u0101t asinsvadus, uzlabo asinsriti un mazina varikozas v\u0113nu slim\u012bbas simptomus. T\u0101 ir lieliska izv\u0113le tiem, kuri v\u0113las uzlabot v\u0113nu vesel\u012bbu un veicin\u0101t lab\u0101ku asinsriti.<\/p>\n<p data-start=\"620\" data-end=\"1070\"><strong data-start=\"620\" data-end=\"643\">K\u0101p\u0113c izv\u0113l\u0113ties<\/strong>:<br data-start=\"644\" data-end=\"647\" \/>\u2714\ufe0f <strong data-start=\"650\" data-end=\"684\">Vesel\u012bg\u0101kas v\u0113nas un asins pl\u016bsma<\/strong>A: pal\u012bdz stiprin\u0101t asinsvadus un uzlabo asinsriti.<br data-start=\"737\" data-end=\"740\" \/>\u2714\ufe0f <strong data-start=\"743\" data-end=\"769\">Dab\u012bgas sast\u0101vda\u013cas<\/strong>: Satur tikai dab\u012bgas sast\u0101vda\u013cas, kas veicina v\u0113nu vesel\u012bbu un asinsrites sist\u0113mu.<br data-start=\"859\" data-end=\"862\" data-is-only-node=\"\" \/>\u2714\ufe0f <strong data-start=\"865\" data-end=\"894\">Pal\u012bdz c\u012bn\u012bties pret varikoz\u0101m v\u0113n\u0101m<\/strong>: Samazina varikozas v\u0113nu simptomus, piem\u0113ram, k\u0101ju piet\u016bkumu un smaguma saj\u016btu.<br data-start=\"967\" data-end=\"970\" \/>\u2714\ufe0f <strong data-start=\"973\" data-end=\"995\">Lieto\u0161anas \u0113rtums<\/strong>\u0112rts pulveris, ko viegli sajaukt ar dz\u0113rienu un lietot katru dienu.<\/p>\n<p><strong data-start=\"1056\" data-end=\"1113\" data-is-only-node=\"\">Vai mekl\u0113jat vair\u0101k Nature's Finest? <a href=\"https:\/\/purama.lt\/lv\/produktu-etiketes\/natures-finest\/\">Skat\u012bt visu Nature's Finest produktu kl\u0101stu<\/a><\/strong><\/p>","protected":false},"featured_media":41007,"comment_status":"open","ping_status":"closed","template":"","meta":{"_acf_changed":false},"product_brand":[441],"product_cat":[123,57,260,263],"product_tag":[],"class_list":{"0":"post-40973","1":"product","2":"type-product","3":"status-publish","4":"has-post-thumbnail","6":"product_brand-natures-finest","7":"product_cat-papildai-ilgaamziskumui","8":"product_cat-akcijos","9":"product_cat-energijai-ir-apykaitai","10":"product_cat-fizine-istverme","12":"first","13":"instock","14":"sale","15":"shipping-taxable","16":"purchasable","17":"product-type-simple"},"acf":[],"tiered_pricing_type":"fixed","tiered_pricing_fixed_rules":[],"tiered_pricing_product_settings":{"layout":"default","base_unit_name":{"singular":null,"plural":null},"default_variation":null},"tiered_pricing_minimum_quantity":null,"tiered_pricing_roles_data":[],"tiered_pricing_percentage_rules":[],"_links":{"self":[{"href":"https:\/\/purama.lt\/lv\/wp-json\/wp\/v2\/product\/40973","targetHints":{"allow":["GET"]}}],"collection":[{"href":"https:\/\/purama.lt\/lv\/wp-json\/wp\/v2\/product"}],"about":[{"href":"https:\/\/purama.lt\/lv\/wp-json\/wp\/v2\/types\/product"}],"replies":[{"embeddable":true,"href":"https:\/\/purama.lt\/lv\/wp-json\/wp\/v2\/comments?post=40973"}],"wp:featuredmedia":[{"embeddable":true,"href":"https:\/\/purama.lt\/lv\/wp-json\/wp\/v2\/media\/41007"}],"wp:attachment":[{"href":"https:\/\/purama.lt\/lv\/wp-json\/wp\/v2\/media?parent=40973"}],"wp:term":[{"taxonomy":"product_brand","embeddable":true,"href":"https:\/\/purama.lt\/lv\/wp-json\/wp\/v2\/product_brand?post=40973"},{"taxonomy":"product_cat","embeddable":true,"href":"https:\/\/purama.lt\/lv\/wp-json\/wp\/v2\/product_cat?post=40973"},{"taxonomy":"product_tag","embeddable":true,"href":"https:\/\/purama.lt\/lv\/wp-json\/wp\/v2\/product_tag?post=40973"}],"curies":[{"name":"wp","href":"https:\/\/api.w.org\/{rel}","templated":true}]}}