{"id":40972,"date":"2025-10-21T09:21:16","date_gmt":"2025-10-21T07:21:16","guid":{"rendered":"https:\/\/purama.lt\/produktas\/natures-finest-imunitetui\/"},"modified":"2026-04-16T13:19:01","modified_gmt":"2026-04-16T11:19:01","slug":"daba-finest-imunitatei","status":"publish","type":"product","link":"https:\/\/purama.lt\/lv\/produktas\/natures-finest-imunitetui\/","title":{"rendered":"Dabas lab\u0101kie produkti imunit\u0101tei"},"content":{"rendered":"<div class=\"purama-ebook-promo\">\r\n  <div class=\"pep-content\">\r\n    <span class=\"pep-eyebrow\">P\u0113rkot Nature's Finest produktus<\/span>\r\n    <h2 class=\"pep-title\">Bezmaksas e-gr\u0101mata d\u0101van\u0101<\/h2>\r\n    <p class=\"pep-desc\">M\u016bsu ekspertu sagatavoti padomi un receptes pal\u012bdz\u0113s vesel\u012bga uztura un ikdienas treni\u0146u ce\u013c\u0101 \u2013 <strong>d\u0101vana pie jebkura Nature's Finest pas\u016bt\u012bjuma no 30 \u20ac.<\/strong><\/p>\r\n  <\/div>\r\n  <div class=\"pep-visual\">\r\n    <img decoding=\"async\" src=\"https:\/\/purama.lt\/wp-content\/uploads\/2026\/04\/receptu-knyga.png\" alt=\"Bezmaksas e-gr\u0101mata \u2014 d\u0101vana pie Nature&#039;s Finest pas\u016bt\u012bjumiem no 30 \u20ac\" loading=\"lazy\" \/>\r\n  <\/div>\r\n<\/div>\r\n\r\n<style>\r\n.purama-ebook-promo{\r\n  font-family:Inter,-apple-system,BlinkMacSystemFont,sans-serif;\r\n  display:grid;\r\n  grid-template-columns:1.1fr 1fr;\r\n  gap:48px;\r\n  align-items:center;\r\n  padding:48px;\r\n  margin:32px 0;\r\n  background:#f8f8f8;\r\n  border:1px solid #eee;\r\n  border-radius:12px;\r\n  position:relative;\r\n  overflow:hidden;\r\n}\r\n.purama-ebook-promo::before{\r\n  content:\"\";\r\n  position:absolute;\r\n  top:-120px;right:-120px;\r\n  width:340px;height:340px;\r\n  background:radial-gradient(circle,rgba(220,152,20,.08) 0%,transparent 70%);\r\n  border-radius:50%;\r\n  pointer-events:none;\r\n}\r\n.pep-content{position:relative;z-index:2;}\r\n.pep-eyebrow{\r\n  display:inline-block;\r\n  font-family:Inter,sans-serif;\r\n  font-size:13px;\r\n  font-weight:600;\r\n  letter-spacing:.3px;\r\n  text-transform:uppercase;\r\n  color:#dc9814;\r\n  margin-bottom:14px;\r\n  line-height:1.5;\r\n}\r\n.pep-title{\r\n  font-family:Inter,sans-serif;\r\n  font-size:34px;\r\n  line-height:1.2;\r\n  font-weight:600;\r\n  letter-spacing:-.5px;\r\n  color:#111;\r\n  margin:0 0 18px;\r\n}\r\n.pep-desc{\r\n  font-family:Inter,sans-serif;\r\n  font-size:16px;\r\n  line-height:1.6;\r\n  font-weight:400;\r\n  color:#444;\r\n  margin:0;\r\n}\r\n.pep-desc strong{\r\n  font-weight:600;\r\n  color:#111;\r\n}\r\n.pep-visual{\r\n  position:relative;\r\n  z-index:2;\r\n  text-align:center;\r\n}\r\n.pep-visual img{\r\n  max-width:100%;\r\n  height:auto;\r\n  filter:drop-shadow(0 22px 44px rgba(0,0,0,.15));\r\n  transform:rotate(-2deg);\r\n  transition:transform .4s ease;\r\n}\r\n.pep-visual img:hover{transform:rotate(0deg) scale(1.02);}\r\n@media (max-width:860px){\r\n  .purama-ebook-promo{\r\n    grid-template-columns:1fr;\r\n    padding:28px 22px;\r\n    gap:24px;\r\n  }\r\n  .pep-title{font-size:26px;}\r\n  .pep-visual img{max-width:260px;transform:rotate(0deg);}\r\n}\r\n<\/style>\n\n\n\n<p><strong>Pat\u0113ri\u0146\u0161<\/strong>:<br>Ieteicams lietot 1-2 m\u0113rci pulvera dien\u0101, sajaucot ar \u016bdeni, kokteili vai iecien\u012bt\u0101ko dz\u0113rienu. Ide\u0101l\u0101 gad\u012bjum\u0101 tas b\u016btu j\u0101lieto no r\u012bta vai vakar\u0101, lai pan\u0101ktu maksim\u0101lu iedarb\u012bbu. Nep\u0101rsniedziet noteikto devu.<\/p>\n\n\n\n<p><strong>Sast\u0101vda\u013cas<\/strong>:<\/p>\n\n\n\n<ol class=\"wp-block-list\">\n<li><strong>C vitam\u012bns<\/strong> - stiprina im\u016bnsist\u0113mu, pal\u012bdz c\u012bn\u012bties ar iekaisumiem.<\/li>\n\n\n\n<li><strong>Cinks<\/strong> - Svar\u012bgs mikroelements, kas pal\u012bdz organismam c\u012bn\u012bties ar infekcij\u0101m un stiprina imunit\u0101ti.<\/li>\n\n\n\n<li><strong>Ehin\u0101cija (Echinacea)<\/strong> - augs, kas uzlabo im\u016bnsist\u0113mu un mazina saaukst\u0113\u0161an\u0101s simptomus.<\/li>\n\n\n\n<li><strong>Propoliss<\/strong> - Dabisks bi\u0161u produkts ar antibakteri\u0101l\u0101m un pretiekaisuma \u012bpa\u0161\u012bb\u0101m.<\/li>\n\n\n\n<li><strong>D vitam\u012bns<\/strong> - svar\u012bgs elements imunit\u0101tes un organisma iztur\u012bbas stiprin\u0101\u0161anai.<\/li>\n<\/ol>\n\n\n\n<p><strong>P\u0101rtikas apstr\u0101des sertifik\u0101ts:&nbsp;<\/strong>69MTSPA-667<\/p>\n\n\n\n<p>Vai mekl\u0113jat vair\u0101k? Apskatiet visu <a href=\"\/lv\/produktu-etiketes\/natures-finest\/\">Nature\u2019s Finest sortiments<\/a>.<\/p>","protected":false},"excerpt":{"rendered":"<p data-start=\"262\" data-end=\"628\"><strong>Nature's Finest Imunup<\/strong> - Tas ir visaptvero\u0161s un efekt\u012bvs papildin\u0101jums, kas pal\u012bdz uzlabot imunit\u0101ti un organisma iztur\u012bbu. Tas satur dabiskas sast\u0101vda\u013cas, kas atbalsta vesel\u012bgu im\u016bnsist\u0113mu un pal\u012bdz c\u012bn\u012bties ar saaukst\u0113\u0161anos un cit\u0101m slim\u012bb\u0101m. Immunup Pack ir ide\u0101la izv\u0113le saaukst\u0113\u0161an\u0101s sezonai, kad m\u016bsu organisms ir visneaizsarg\u0101t\u0101kais.<\/p>\n<p data-start=\"630\" data-end=\"1160\"><strong data-start=\"630\" data-end=\"653\">K\u0101p\u0113c izv\u0113l\u0113ties<\/strong>:<br data-start=\"654\" data-end=\"657\" \/>\u2714\ufe0f <strong data-start=\"660\" data-end=\"697\">Visaptvero\u0161s imunit\u0101tes atbalsts<\/strong>: Dabisku sast\u0101vda\u013cu kombin\u0101cija, kas pal\u012bdz stiprin\u0101t im\u016bnsist\u0113mu un iztur\u012bbu pret slim\u012bb\u0101m.<br data-start=\"796\" data-end=\"799\" \/>\u2714\ufe0f <strong data-start=\"802\" data-end=\"838\">Dabiskas un dro\u0161as sast\u0101vda\u013cas<\/strong>A: Lai nodro\u0161in\u0101tu dro\u0161\u012bbu un efektivit\u0101ti, tiek izmantotas tikai augstas kvalit\u0101tes un dab\u012bgas sast\u0101vda\u013cas.<br data-start=\"942\" data-end=\"945\" \/>\u2714\ufe0f <strong data-start=\"948\" data-end=\"979\">Atbalsta organisma pretest\u012bbu<\/strong>: Pal\u012bdz organismam viegl\u0101k c\u012bn\u012bties ar infekcij\u0101m un saaukst\u0113\u0161anos.<br data-start=\"1052\" data-end=\"1055\" \/>\u2714\ufe0f <strong data-start=\"1058\" data-end=\"1080\">Lieto\u0161anas \u0113rtums<\/strong>A: Lai g\u016btu maksim\u0101lu labumu, ir \u0113rti lietot uztura bag\u0101tin\u0101t\u0101jus atbilsto\u0161i ieteikumiem.<\/p>","protected":false},"featured_media":41022,"comment_status":"open","ping_status":"closed","template":"","meta":{"_acf_changed":false},"product_brand":[441],"product_cat":[123,57,253,252],"product_tag":[],"class_list":{"0":"post-40972","1":"product","2":"type-product","3":"status-publish","4":"has-post-thumbnail","6":"product_brand-natures-finest","7":"product_cat-papildai-ilgaamziskumui","8":"product_cat-akcijos","9":"product_cat-imuniteto-palaikymas","10":"product_cat-imunitetui","12":"first","13":"instock","14":"sale","15":"shipping-taxable","16":"purchasable","17":"product-type-simple"},"acf":[],"tiered_pricing_type":"fixed","tiered_pricing_fixed_rules":[],"tiered_pricing_product_settings":{"layout":"default","base_unit_name":{"singular":null,"plural":null},"default_variation":null},"tiered_pricing_minimum_quantity":null,"tiered_pricing_roles_data":[],"tiered_pricing_percentage_rules":[],"_links":{"self":[{"href":"https:\/\/purama.lt\/lv\/wp-json\/wp\/v2\/product\/40972","targetHints":{"allow":["GET"]}}],"collection":[{"href":"https:\/\/purama.lt\/lv\/wp-json\/wp\/v2\/product"}],"about":[{"href":"https:\/\/purama.lt\/lv\/wp-json\/wp\/v2\/types\/product"}],"replies":[{"embeddable":true,"href":"https:\/\/purama.lt\/lv\/wp-json\/wp\/v2\/comments?post=40972"}],"wp:featuredmedia":[{"embeddable":true,"href":"https:\/\/purama.lt\/lv\/wp-json\/wp\/v2\/media\/41022"}],"wp:attachment":[{"href":"https:\/\/purama.lt\/lv\/wp-json\/wp\/v2\/media?parent=40972"}],"wp:term":[{"taxonomy":"product_brand","embeddable":true,"href":"https:\/\/purama.lt\/lv\/wp-json\/wp\/v2\/product_brand?post=40972"},{"taxonomy":"product_cat","embeddable":true,"href":"https:\/\/purama.lt\/lv\/wp-json\/wp\/v2\/product_cat?post=40972"},{"taxonomy":"product_tag","embeddable":true,"href":"https:\/\/purama.lt\/lv\/wp-json\/wp\/v2\/product_tag?post=40972"}],"curies":[{"name":"wp","href":"https:\/\/api.w.org\/{rel}","templated":true}]}}