{"id":40971,"date":"2025-10-21T09:21:15","date_gmt":"2025-10-21T07:21:15","guid":{"rendered":"https:\/\/purama.lt\/produktas\/natures-finest-testosterono-palaikymui\/"},"modified":"2026-04-17T12:16:08","modified_gmt":"2026-04-17T10:16:08","slug":"natures-finest-testopro-extreme","status":"publish","type":"product","link":"https:\/\/purama.lt\/lv\/produktas\/natures-finest-testosterono-palaikymui\/","title":{"rendered":"Dabas Finest testosterona atbalsta"},"content":{"rendered":"<div class=\"purama-ebook-promo\">\r\n  <div class=\"pep-content\">\r\n    <span class=\"pep-eyebrow\">P\u0113rkot Nature's Finest produktus<\/span>\r\n    <h2 class=\"pep-title\">Bezmaksas e-gr\u0101mata d\u0101van\u0101<\/h2>\r\n    <p class=\"pep-desc\">M\u016bsu ekspertu sagatavoti padomi un receptes pal\u012bdz\u0113s vesel\u012bga uztura un ikdienas treni\u0146u ce\u013c\u0101 \u2013 <strong>d\u0101vana pie jebkura Nature's Finest pas\u016bt\u012bjuma no 30 \u20ac.<\/strong><\/p>\r\n  <\/div>\r\n  <div class=\"pep-visual\">\r\n    <img decoding=\"async\" src=\"https:\/\/purama.lt\/wp-content\/uploads\/2026\/04\/receptu-knyga.png\" alt=\"Bezmaksas e-gr\u0101mata \u2014 d\u0101vana pie Nature&#039;s Finest pas\u016bt\u012bjumiem no 30 \u20ac\" loading=\"lazy\" \/>\r\n  <\/div>\r\n<\/div>\r\n\r\n<style>\r\n.purama-ebook-promo{\r\n  font-family:Inter,-apple-system,BlinkMacSystemFont,sans-serif;\r\n  display:grid;\r\n  grid-template-columns:1.1fr 1fr;\r\n  gap:48px;\r\n  align-items:center;\r\n  padding:48px;\r\n  margin:32px 0;\r\n  background:#f8f8f8;\r\n  border:1px solid #eee;\r\n  border-radius:12px;\r\n  position:relative;\r\n  overflow:hidden;\r\n}\r\n.purama-ebook-promo::before{\r\n  content:\"\";\r\n  position:absolute;\r\n  top:-120px;right:-120px;\r\n  width:340px;height:340px;\r\n  background:radial-gradient(circle,rgba(220,152,20,.08) 0%,transparent 70%);\r\n  border-radius:50%;\r\n  pointer-events:none;\r\n}\r\n.pep-content{position:relative;z-index:2;}\r\n.pep-eyebrow{\r\n  display:inline-block;\r\n  font-family:Inter,sans-serif;\r\n  font-size:13px;\r\n  font-weight:600;\r\n  letter-spacing:.3px;\r\n  text-transform:uppercase;\r\n  color:#dc9814;\r\n  margin-bottom:14px;\r\n  line-height:1.5;\r\n}\r\n.pep-title{\r\n  font-family:Inter,sans-serif;\r\n  font-size:34px;\r\n  line-height:1.2;\r\n  font-weight:600;\r\n  letter-spacing:-.5px;\r\n  color:#111;\r\n  margin:0 0 18px;\r\n}\r\n.pep-desc{\r\n  font-family:Inter,sans-serif;\r\n  font-size:16px;\r\n  line-height:1.6;\r\n  font-weight:400;\r\n  color:#444;\r\n  margin:0;\r\n}\r\n.pep-desc strong{\r\n  font-weight:600;\r\n  color:#111;\r\n}\r\n.pep-visual{\r\n  position:relative;\r\n  z-index:2;\r\n  text-align:center;\r\n}\r\n.pep-visual img{\r\n  max-width:100%;\r\n  height:auto;\r\n  filter:drop-shadow(0 22px 44px rgba(0,0,0,.15));\r\n  transform:rotate(-2deg);\r\n  transition:transform .4s ease;\r\n}\r\n.pep-visual img:hover{transform:rotate(0deg) scale(1.02);}\r\n@media (max-width:860px){\r\n  .purama-ebook-promo{\r\n    grid-template-columns:1fr;\r\n    padding:28px 22px;\r\n    gap:24px;\r\n  }\r\n  .pep-title{font-size:26px;}\r\n  .pep-visual img{max-width:260px;transform:rotate(0deg);}\r\n}\r\n<\/style>\n\n\n\n<p><strong>Pat\u0113ri\u0146\u0161<\/strong>:<br>Ieteicams lietot 1-2 m\u0113rci pulvera dien\u0101, sajaucot ar \u016bdeni, kokteili vai iecien\u012bt\u0101ko dz\u0113rienu. Ide\u0101li lietot no r\u012bta vai pirms treni\u0146a, lai pan\u0101ktu maksim\u0101lu efektu. Nep\u0101rsniedziet noteikto devu.<\/p>\n\n\n\n<p><strong>Sast\u0101vda\u013cas<\/strong>:<\/p>\n\n\n\n<ol class=\"wp-block-list\">\n<li><strong>ZMA (cinks, magnijs, B6 vitam\u012bns)<\/strong> - svar\u012bgs elements musku\u013cu funkcijas uzlabo\u0161anai un testosterona ra\u017eo\u0161anai.<\/li>\n\n\n\n<li><strong>Maca sakne<\/strong> - augs, kas pal\u012bdz uzlabot ener\u0123ijas l\u012bmeni un iztur\u012bbu.<\/li>\n\n\n\n<li><strong>Tribulus Terrestris<\/strong> - pal\u012bdz stimul\u0113t testosterona ra\u017eo\u0161anu un musku\u013cu aug\u0161anu.<\/li>\n\n\n\n<li><strong>Grie\u0137u (pl\u016b\u0161koks)<\/strong> - uzlabo testosterona l\u012bmeni un musku\u013cu atjauno\u0161anos p\u0113c treni\u0146iem.<\/li>\n\n\n\n<li><strong>Ashwaganda<\/strong> - Adaptog\u0113ns, kas c\u012bn\u0101s pret stresa ietekmi un pal\u012bdz \u0101tr\u0101k atg\u016bties p\u0113c treni\u0146a.<\/li>\n\n\n\n<li><strong>L-karnit\u012bns<\/strong> - Pal\u012bdz sadedzin\u0101t taukus un palielin\u0101t iztur\u012bbu, uzlabojot fizisko sagatavot\u012bbu.<\/li>\n<\/ol>\n\n\n\n<p><strong>P\u0101rtikas apstr\u0101des sertifik\u0101ts:&nbsp;<\/strong>69MTSPA-667<\/p>\n\n\n\n<p>Vai mekl\u0113jat vair\u0101k? Apskatiet visu <a href=\"\/lv\/produktu-etiketes\/natures-finest\/\">Nature\u2019s Finest sortiments<\/a>.<\/p>","protected":false},"excerpt":{"rendered":"<p data-start=\"300\" data-end=\"606\"><strong>Nature's Finest Testopro Extreme 6-in-1<\/strong> - ir augstas kvalit\u0101tes papildin\u0101jums, kas paredz\u0113ts testosterona l\u012bme\u0146a paaugstin\u0101\u0161anai organism\u0101 un fizisk\u0101s sagatavot\u012bbas uzlabo\u0161anai. Tas satur se\u0161as akt\u012bv\u0101s sast\u0101vda\u013cas, kas dabiski pal\u012bdz paaugstin\u0101t testosterona l\u012bmeni, uzlabo musku\u013cu aug\u0161anu un atjauno\u0161anos p\u0113c treni\u0146iem.<\/p>\n<p data-start=\"608\" data-end=\"1141\"><strong data-start=\"608\" data-end=\"631\">K\u0101p\u0113c izv\u0113l\u0113ties<\/strong>:<br data-start=\"632\" data-end=\"635\" \/>\u2714\ufe0f <strong data-start=\"638\" data-end=\"663\">Visaptvero\u0161a ietekme<\/strong>A: Testopro Extreme 6-in-1 ne tikai pal\u012bdz paaugstin\u0101t testosterona l\u012bmeni, bet ar\u012b uzlabot fizisko sagatavot\u012bbu un musku\u013cu aug\u0161anu.<br data-start=\"783\" data-end=\"786\" \/>\u2714\ufe0f <strong data-start=\"789\" data-end=\"815\">Dab\u012bgas sast\u0101vda\u013cas<\/strong>A: Katra sast\u0101vda\u013ca ir dabiska un dro\u0161a, ar zin\u0101tniskiem pier\u0101d\u012bjumiem par efektivit\u0101ti.<br data-start=\"908\" data-end=\"911\" \/>\u2714\ufe0f <strong data-start=\"914\" data-end=\"943\">Pa\u0101trin\u0101ta atvese\u013co\u0161an\u0101s<\/strong>: \u0100tr\u0101ka atjauno\u0161an\u0101s un vair\u0101k ener\u0123ijas p\u0113c intens\u012bviem treni\u0146iem.<br data-start=\"1016\" data-end=\"1019\" \/>\u2714\ufe0f <strong data-start=\"1022\" data-end=\"1040\">Atbilsto\u0161a kvalit\u0101te<\/strong>: Nature's Finest produkti tiek r\u016bp\u012bgi p\u0101rbaud\u012bti, lai nodro\u0161in\u0101tu visaugst\u0101ko kvalit\u0101ti un veiktsp\u0113ju.<\/p>","protected":false},"featured_media":41016,"comment_status":"open","ping_status":"closed","template":"","meta":{"_acf_changed":false},"product_brand":[441],"product_cat":[277,57,123,276],"product_tag":[],"class_list":{"0":"post-40971","1":"product","2":"type-product","3":"status-publish","4":"has-post-thumbnail","6":"product_brand-natures-finest","7":"product_cat-vyrams","8":"product_cat-akcijos","9":"product_cat-papildai-ilgaamziskumui","10":"product_cat-seksualinei-sveikatai","12":"first","13":"instock","14":"sale","15":"shipping-taxable","16":"purchasable","17":"product-type-simple"},"acf":[],"tiered_pricing_type":"fixed","tiered_pricing_fixed_rules":[],"tiered_pricing_product_settings":{"layout":"default","base_unit_name":{"singular":null,"plural":null},"default_variation":null},"tiered_pricing_minimum_quantity":null,"tiered_pricing_roles_data":[],"tiered_pricing_percentage_rules":[],"_links":{"self":[{"href":"https:\/\/purama.lt\/lv\/wp-json\/wp\/v2\/product\/40971","targetHints":{"allow":["GET"]}}],"collection":[{"href":"https:\/\/purama.lt\/lv\/wp-json\/wp\/v2\/product"}],"about":[{"href":"https:\/\/purama.lt\/lv\/wp-json\/wp\/v2\/types\/product"}],"replies":[{"embeddable":true,"href":"https:\/\/purama.lt\/lv\/wp-json\/wp\/v2\/comments?post=40971"}],"wp:featuredmedia":[{"embeddable":true,"href":"https:\/\/purama.lt\/lv\/wp-json\/wp\/v2\/media\/41016"}],"wp:attachment":[{"href":"https:\/\/purama.lt\/lv\/wp-json\/wp\/v2\/media?parent=40971"}],"wp:term":[{"taxonomy":"product_brand","embeddable":true,"href":"https:\/\/purama.lt\/lv\/wp-json\/wp\/v2\/product_brand?post=40971"},{"taxonomy":"product_cat","embeddable":true,"href":"https:\/\/purama.lt\/lv\/wp-json\/wp\/v2\/product_cat?post=40971"},{"taxonomy":"product_tag","embeddable":true,"href":"https:\/\/purama.lt\/lv\/wp-json\/wp\/v2\/product_tag?post=40971"}],"curies":[{"name":"wp","href":"https:\/\/api.w.org\/{rel}","templated":true}]}}