{"id":40898,"date":"2025-10-20T08:12:11","date_gmt":"2025-10-20T06:12:11","guid":{"rendered":"https:\/\/purama.lt\/produktas\/puremetics-3-in-1-kuno-sveitiklis-migdolu-pienas\/"},"modified":"2026-04-14T09:24:02","modified_gmt":"2026-04-14T07:24:02","slug":"puremetics-3-in-1-mandelu-piens","status":"publish","type":"product","link":"https:\/\/purama.lt\/lv\/produktas\/puremetics-3-in-1-kuno-sveitiklis-migdolu-pienas\/","title":{"rendered":"Puremetics 3-in-1 \u0137erme\u0146a skrubis ar mande\u013cu pieni\u0146u"},"content":{"rendered":"<p><strong>Izmanto\u0161ana<\/strong><br>Nelielu daudzumu uzkl\u0101t uz mitras \u0101das, saputot ar \u016bdeni un viegli iemas\u0113t; noskalot.<br>Piem\u0113rots ikdienas lieto\u0161anai<br>Neslapin\u0101t iepakojumu: pirms du\u0161as iz\u0146emiet porciju vai p\u0101rlieciet to \u016bdensnecaurlaid\u012bg\u0101 trauk\u0101; uzglab\u0101t saus\u0101 veid\u0101.<\/p>\n\n\n\n<p><strong>Sast\u0101vda\u013cas<\/strong><br>saharoze, glicer\u012bns, \u016bdens, n\u0101trija lauroilizetion\u0101ts, sorb\u012bts, kokosriekstu e\u013c\u013ca, din\u0101trija laurilsulfosucen\u0101ts, n\u0101trija hlor\u012bds, parf\u012bms, levul\u012bnsk\u0101be, k\u0101lija sorb\u0101ts, kumar\u012bns.<\/p>","protected":false},"excerpt":{"rendered":"<p data-start=\"0\" data-end=\"495\"><strong>Puremetics 3-in-1 \u0137erme\u0146a skrubis ar mande\u013cu pieni\u0146u:<\/strong>\u00a0 kr\u0113mveida 3-in-1 t\u012br\u012b\u0161anas l\u012bdzeklis ar <strong data-start=\"103\" data-end=\"125\">cukura skrubis<\/strong> un kokosriekstu e\u013c\u013cu vienlaic\u012bgi <strong data-start=\"156\" data-end=\"199\">att\u012bra, maigi p\u012blings un kop\u0161anas l\u012bdzek\u013ci.<\/strong> ode. Putas viegli nomazg\u0101jas, padarot \u0101du gludu un m\u012bkstu, bez taukain\u012bbas. Maigs, <strong data-start=\"281\" data-end=\"311\">salds un pienains mande\u013cu<\/strong> arom\u0101ts rada m\u0101j\u012bgu du\u0161as ritu\u0101lu. Formulas pamat\u0101 ir viegla virsmakt\u012bv\u0101 viela. <em data-start=\"383\" data-end=\"411\">n\u0101trija lauroilizetion\u0101ts<\/em> un mitrino\u0161\u0101 viela glicer\u012bns - pla\u0161i izmantota kombin\u0101cija vieglas mazg\u0101\u0161anas vajadz\u012bb\u0101m; pH aptuveni ~6.<\/p>\n<p data-start=\"497\" data-end=\"802\"><strong data-start=\"497\" data-end=\"520\">K\u0101p\u0113c izv\u0113l\u0113ties<\/strong><br data-start=\"520\" data-end=\"523\" \/>\u2714\ufe0f 3 in 1: t\u012br\u012b\u0161anas l\u012bdzeklis, skrubis un \u0137erme\u0146a kop\u0161anas l\u012bdzeklis vien\u0101.<br data-start=\"582\" data-end=\"585\" \/>\u2714\ufe0f Smalkas cukura da\u013ci\u0146as pal\u012bdz izl\u012bdzin\u0101t \u0101das tekst\u016bru.<br data-start=\"643\" data-end=\"646\" \/>\u2714\ufe0f Kokosriekstu e\u013c\u013ca un glicer\u012bns m\u012bkstina un pal\u012bdz saglab\u0101t mitrumu.<br data-start=\"715\" data-end=\"718\" \/>\u2714\ufe0f Maigais mande\u013cu piena arom\u0101ts<br data-start=\"751\" data-end=\"754\" \/>\u2714\ufe0f Veg\u0101ns, bez plastmasas, ra\u017eots V\u0101cij\u0101<\/p>","protected":false},"featured_media":40872,"comment_status":"open","ping_status":"closed","template":"","meta":{"_acf_changed":false},"product_brand":[449],"product_cat":[382,92,300],"product_tag":[],"class_list":{"0":"post-40898","1":"product","2":"type-product","3":"status-publish","4":"has-post-thumbnail","6":"product_brand-puremetics","7":"product_cat-kuno-sveitikliai","8":"product_cat-groziui","9":"product_cat-kunui","11":"first","12":"instock","13":"shipping-taxable","14":"purchasable","15":"product-type-simple"},"acf":[],"tiered_pricing_type":"fixed","tiered_pricing_fixed_rules":[],"tiered_pricing_product_settings":{"layout":"default","base_unit_name":{"singular":null,"plural":null},"default_variation":null},"tiered_pricing_minimum_quantity":null,"tiered_pricing_roles_data":[],"tiered_pricing_percentage_rules":[],"_links":{"self":[{"href":"https:\/\/purama.lt\/lv\/wp-json\/wp\/v2\/product\/40898","targetHints":{"allow":["GET"]}}],"collection":[{"href":"https:\/\/purama.lt\/lv\/wp-json\/wp\/v2\/product"}],"about":[{"href":"https:\/\/purama.lt\/lv\/wp-json\/wp\/v2\/types\/product"}],"replies":[{"embeddable":true,"href":"https:\/\/purama.lt\/lv\/wp-json\/wp\/v2\/comments?post=40898"}],"wp:featuredmedia":[{"embeddable":true,"href":"https:\/\/purama.lt\/lv\/wp-json\/wp\/v2\/media\/40872"}],"wp:attachment":[{"href":"https:\/\/purama.lt\/lv\/wp-json\/wp\/v2\/media?parent=40898"}],"wp:term":[{"taxonomy":"product_brand","embeddable":true,"href":"https:\/\/purama.lt\/lv\/wp-json\/wp\/v2\/product_brand?post=40898"},{"taxonomy":"product_cat","embeddable":true,"href":"https:\/\/purama.lt\/lv\/wp-json\/wp\/v2\/product_cat?post=40898"},{"taxonomy":"product_tag","embeddable":true,"href":"https:\/\/purama.lt\/lv\/wp-json\/wp\/v2\/product_tag?post=40898"}],"curies":[{"name":"wp","href":"https:\/\/api.w.org\/{rel}","templated":true}]}}