{"id":40897,"date":"2025-10-20T08:12:10","date_gmt":"2025-10-20T06:12:10","guid":{"rendered":"https:\/\/purama.lt\/produktas\/puremetics-3-in-1-kuno-sveitiklis-silkas\/"},"modified":"2026-04-14T09:24:02","modified_gmt":"2026-04-14T07:24:02","slug":"puremetics-3-in-1-kokvilnas-kermena-tirisanas-lidzeklis","status":"publish","type":"product","link":"https:\/\/purama.lt\/lv\/produktas\/puremetics-3-in-1-cotton-kuno-sveitiklis\/","title":{"rendered":"Puremetics 3-in-1 kokvilnas \u0137erme\u0146a skrubis"},"content":{"rendered":"<p><strong>Izmanto\u0161ana<\/strong><br>Nelielu daudzumu uzkl\u0101t uz mitras \u0101das, saputot ar \u016bdeni un viegli iemas\u0113t; noskalot.<br>Piem\u0113rots ikdienas lieto\u0161anai<br>Neslapin\u0101t iepakojumu: pirms du\u0161as iz\u0146emiet porciju vai p\u0101rlieciet to \u016bdensnecaurlaid\u012bg\u0101 trauk\u0101; uzglab\u0101t saus\u0101 veid\u0101.<\/p>\n\n\n\n<p><strong>Sast\u0101vda\u013cas<\/strong><br>saharoze, glicer\u012bns, \u016bdens, n\u0101trija lauroilizetion\u0101ts, sorb\u012bts, kokosriekstu e\u013c\u013ca, din\u0101trija laurilsulfosucen\u0101ts, n\u0101trija hlor\u012bds, smar\u017evielas, levul\u012bnsk\u0101be, k\u0101lija sorb\u0101ts.<\/p>","protected":false},"excerpt":{"rendered":"<p data-start=\"0\" data-end=\"517\"><strong>3-in-1 du\u0161as p\u016bkains \u2018kokvilna<\/strong>: kr\u0113m\u012bgs 3-in-1 t\u012br\u012b\u0161anas l\u012bdzeklis ar <strong data-start=\"98\" data-end=\"120\">cukura skrubis<\/strong> un kokosriekstu e\u013c\u013cu vienlaic\u012bgi <strong data-start=\"151\" data-end=\"194\">att\u012bra, maigi p\u012blings un kop\u0161anas l\u012bdzek\u013ci.<\/strong> ode. Putas viegli nomazg\u0101jas, padarot \u0101du gludu un m\u012bkstu, bez taukain\u012bbas. Atsvaidzina, <strong data-start=\"275\" data-end=\"311\">t\u012brai ve\u013cai<\/strong> tuva smar\u017ea rada m\u0101j\u012bgu ritu\u0101lu ikdienas du\u0161\u0101. Formulas pamat\u0101 ir maiga virsmakt\u012bv\u0101 viela. <em data-start=\"399\" data-end=\"427\">n\u0101trija lauroilizetion\u0101ts<\/em> un mitrino\u0161s glicer\u012bns - labi izp\u0113t\u012bta kombin\u0101cija, kas nodro\u0161ina maigu att\u012br\u012b\u0161anu un mitruma saglab\u0101\u0161anu.<\/p>\n<p data-start=\"519\" data-end=\"824\"><strong data-start=\"519\" data-end=\"542\">K\u0101p\u0113c izv\u0113l\u0113ties<\/strong><br data-start=\"542\" data-end=\"545\" \/>\u2714\ufe0f 3 in 1: t\u012br\u012b\u0161anas l\u012bdzeklis, skrubis un \u0137erme\u0146a kop\u0161anas l\u012bdzeklis vien\u0101.<br data-start=\"604\" data-end=\"607\" \/>\u2714\ufe0f Smalkas cukura da\u013ci\u0146as pal\u012bdz izl\u012bdzin\u0101t \u0101das tekst\u016bru.<br data-start=\"665\" data-end=\"668\" \/>\u2714\ufe0f Kokosriekstu e\u013c\u013ca un glicer\u012bns m\u012bkstina un pal\u012bdz saglab\u0101t mitrumu.<br data-start=\"737\" data-end=\"740\" \/>\u2714\ufe0f Svaigs, \u201et\u012brs\u201c arom\u0101ts.<br data-start=\"773\" data-end=\"776\" \/>\u2714\ufe0f Veg\u0101ns, bez plastmasas, ra\u017eots V\u0101cij\u0101<\/p>","protected":false},"featured_media":40880,"comment_status":"open","ping_status":"closed","template":"","meta":{"_acf_changed":false},"product_brand":[449],"product_cat":[382,92,300,500],"product_tag":[],"class_list":{"0":"post-40897","1":"product","2":"type-product","3":"status-publish","4":"has-post-thumbnail","6":"product_brand-puremetics","7":"product_cat-kuno-sveitikliai","8":"product_cat-groziui","9":"product_cat-kunui","10":"product_cat-outlet","12":"first","13":"instock","14":"sale","15":"shipping-taxable","16":"purchasable","17":"product-type-simple"},"acf":[],"tiered_pricing_type":"fixed","tiered_pricing_fixed_rules":[],"tiered_pricing_product_settings":{"layout":"default","base_unit_name":{"singular":null,"plural":null},"default_variation":null},"tiered_pricing_minimum_quantity":null,"tiered_pricing_roles_data":[],"tiered_pricing_percentage_rules":[],"_links":{"self":[{"href":"https:\/\/purama.lt\/lv\/wp-json\/wp\/v2\/product\/40897","targetHints":{"allow":["GET"]}}],"collection":[{"href":"https:\/\/purama.lt\/lv\/wp-json\/wp\/v2\/product"}],"about":[{"href":"https:\/\/purama.lt\/lv\/wp-json\/wp\/v2\/types\/product"}],"replies":[{"embeddable":true,"href":"https:\/\/purama.lt\/lv\/wp-json\/wp\/v2\/comments?post=40897"}],"wp:featuredmedia":[{"embeddable":true,"href":"https:\/\/purama.lt\/lv\/wp-json\/wp\/v2\/media\/40880"}],"wp:attachment":[{"href":"https:\/\/purama.lt\/lv\/wp-json\/wp\/v2\/media?parent=40897"}],"wp:term":[{"taxonomy":"product_brand","embeddable":true,"href":"https:\/\/purama.lt\/lv\/wp-json\/wp\/v2\/product_brand?post=40897"},{"taxonomy":"product_cat","embeddable":true,"href":"https:\/\/purama.lt\/lv\/wp-json\/wp\/v2\/product_cat?post=40897"},{"taxonomy":"product_tag","embeddable":true,"href":"https:\/\/purama.lt\/lv\/wp-json\/wp\/v2\/product_tag?post=40897"}],"curies":[{"name":"wp","href":"https:\/\/api.w.org\/{rel}","templated":true}]}}