{"id":40893,"date":"2025-10-20T08:12:07","date_gmt":"2025-10-20T06:12:07","guid":{"rendered":"https:\/\/purama.lt\/produktas\/puremetics-3-in-1-kuno-sveitiklis-figa-ir-jazminas\/"},"modified":"2026-03-27T09:01:37","modified_gmt":"2026-03-27T07:01:37","slug":"puremetics-3-in-1-kermena-dziedinoss-lidzeklis-ar-vigem-un-jasminiem","status":"publish","type":"product","link":"https:\/\/purama.lt\/lv\/produktas\/puremetics-3-in-1-kuno-sveitiklis-figa-ir-jazminas\/","title":{"rendered":"Puremetics 3-in-1 \u0137erme\u0146a skrubis Figas un jasm\u012bns"},"content":{"rendered":"<p><strong>Izmanto\u0161ana<\/strong><br>Nelielu daudzumu uzkl\u0101t uz mitras \u0101das, saputot ar \u016bdeni un viegli iemas\u0113t; noskalot.<br>Piem\u0113rots ikdienas lieto\u0161anai<br>Neslapin\u0101t iepakojumu: pirms du\u0161as iz\u0146emiet porciju vai p\u0101rlieciet to \u016bdensnecaurlaid\u012bg\u0101 trauk\u0101; uzglab\u0101t saus\u0101 viet\u0101.<\/p>\n\n\n\n<p><strong>Sast\u0101vda\u013cas<\/strong><br>maris sal, glicer\u012bns, \u016bdens, n\u0101trija lauroilizetion\u0101ts, sorb\u012bts, kokosriekstu e\u013c\u013ca, din\u0101trija laurilsulfosucen\u0101ts, n\u0101trija hlor\u012bds, n\u0101trija hlor\u012bds, levul\u012bnsk\u0101be, k\u0101lija sorb\u0101ts, smar\u017evielas.<\/p>","protected":false},"excerpt":{"rendered":"<p data-start=\"0\" data-end=\"525\"><strong>Puremetics 3-in-1 \u0137erme\u0146a skrubis Figas un jasm\u012bns<\/strong>: kr\u0113m\u012bgs 3-in-1 t\u012br\u012b\u0161anas l\u012bdzeklis ar <strong data-start=\"132\" data-end=\"154\">s\u0101ls skrubis<\/strong> un kokosriekstu e\u013c\u013cu vienlaic\u012bgi <strong data-start=\"185\" data-end=\"228\">att\u012bra, maigi p\u012blings un kop\u0161anas l\u012bdzek\u013ci.<\/strong> ode. Putas viegli nomazg\u0101jas, padarot \u0101du gludu un m\u012bkstu, bez taukain\u012bbas. Silts, <strong data-start=\"309\" data-end=\"328\">v\u012b\u0123es un jasm\u012bns<\/strong> arom\u0101ts rada m\u0101j\u012bgu, ziedu du\u0161as ritu\u0101lu. Formulas pamat\u0101 ir viegla virsmakt\u012bv\u0101 viela. <em data-start=\"407\" data-end=\"435\">n\u0101trija lauroilizetion\u0101ts<\/em> un mitrino\u0161ais glicer\u012bns - pla\u0161i izmantotas sast\u0101vda\u013cas maigai ikdienas mazg\u0101\u0161anai.<\/p>\n<p data-start=\"527\" data-end=\"843\"><strong data-start=\"527\" data-end=\"550\">K\u0101p\u0113c izv\u0113l\u0113ties<\/strong><br data-start=\"550\" data-end=\"553\" \/>\u2714\ufe0f 3 in 1: t\u012br\u012b\u0161anas l\u012bdzeklis, skrubis un \u0137erme\u0146a kop\u0161anas l\u012bdzeklis vien\u0101.<br data-start=\"612\" data-end=\"615\" \/>\u2714\ufe0f Smalkas j\u016bras s\u0101ls da\u013ci\u0146as pal\u012bdz <strong data-start=\"656\" data-end=\"683\">\u0101das tekst\u016bras izl\u012bdzin\u0101\u0161ana<\/strong><br data-start=\"683\" data-end=\"686\" data-is-only-node=\"\" \/>\u2714\ufe0f Kokosriekstu e\u013c\u013ca un glicer\u012bns <strong data-start=\"718\" data-end=\"747\">m\u012bkstina un aizsarg\u0101 mitrumu<\/strong><br data-start=\"747\" data-end=\"750\" \/>\u2714\ufe0f Silts v\u012b\u0123u un jasm\u012bna arom\u0101ts.<br data-start=\"784\" data-end=\"787\" \/>\u2714\ufe0f 100 % veg\u0101ns un bez plastmasas, ra\u017eots V\u0101cij\u0101<\/p>","protected":false},"featured_media":40875,"comment_status":"open","ping_status":"closed","template":"","meta":{"_acf_changed":false},"product_brand":[449],"product_cat":[382,92,300,500],"product_tag":[],"class_list":{"0":"post-40893","1":"product","2":"type-product","3":"status-publish","4":"has-post-thumbnail","6":"product_brand-puremetics","7":"product_cat-kuno-sveitikliai","8":"product_cat-groziui","9":"product_cat-kunui","10":"product_cat-outlet","12":"first","13":"instock","14":"sale","15":"shipping-taxable","16":"purchasable","17":"product-type-simple"},"acf":[],"tiered_pricing_type":"fixed","tiered_pricing_fixed_rules":[],"tiered_pricing_product_settings":{"layout":"default","base_unit_name":{"singular":null,"plural":null},"default_variation":null},"tiered_pricing_minimum_quantity":null,"tiered_pricing_roles_data":[],"tiered_pricing_percentage_rules":[],"_links":{"self":[{"href":"https:\/\/purama.lt\/lv\/wp-json\/wp\/v2\/product\/40893","targetHints":{"allow":["GET"]}}],"collection":[{"href":"https:\/\/purama.lt\/lv\/wp-json\/wp\/v2\/product"}],"about":[{"href":"https:\/\/purama.lt\/lv\/wp-json\/wp\/v2\/types\/product"}],"replies":[{"embeddable":true,"href":"https:\/\/purama.lt\/lv\/wp-json\/wp\/v2\/comments?post=40893"}],"wp:featuredmedia":[{"embeddable":true,"href":"https:\/\/purama.lt\/lv\/wp-json\/wp\/v2\/media\/40875"}],"wp:attachment":[{"href":"https:\/\/purama.lt\/lv\/wp-json\/wp\/v2\/media?parent=40893"}],"wp:term":[{"taxonomy":"product_brand","embeddable":true,"href":"https:\/\/purama.lt\/lv\/wp-json\/wp\/v2\/product_brand?post=40893"},{"taxonomy":"product_cat","embeddable":true,"href":"https:\/\/purama.lt\/lv\/wp-json\/wp\/v2\/product_cat?post=40893"},{"taxonomy":"product_tag","embeddable":true,"href":"https:\/\/purama.lt\/lv\/wp-json\/wp\/v2\/product_tag?post=40893"}],"curies":[{"name":"wp","href":"https:\/\/api.w.org\/{rel}","templated":true}]}}