{"id":40891,"date":"2025-10-20T08:12:05","date_gmt":"2025-10-20T06:12:05","guid":{"rendered":"https:\/\/purama.lt\/produktas\/badefee-duso-putos-tropikai\/"},"modified":"2026-04-23T09:42:39","modified_gmt":"2026-04-23T07:42:39","slug":"badefee-dusas-putas-tropos","status":"publish","type":"product","link":"https:\/\/purama.lt\/lv\/produktas\/badefee-duso-putos-tropikai\/","title":{"rendered":"BadeFee Du\u0161as putas Tropics"},"content":{"rendered":"<p><strong>Izmanto\u0161ana<\/strong><br>Uzkl\u0101jiet uz mitras \u0101das, viegli iemas\u0113jiet un labi noskalojiet. Izvair\u012bties no saskares ar ac\u012bm. Tikai \u0101r\u0113jai lieto\u0161anai.<\/p>\n\n\n\n<p><strong>Sast\u0101vda\u013cas<\/strong><br>glicer\u012bns, \u016bdens, sorb\u012bts, n\u0101trija kokoilisetion\u0101ts, n\u0101trija laurilsulfosucen\u0101ts, n\u0101trija hlor\u012bds, alvejas lapu sula, parfum, prunus amygdalus dulcis e\u013c\u013ca, fenoksietanols, n\u0101trija benzo\u0101ts, k\u0101lija sorb\u0101ts, tetran\u0101trija edta, ci 16255<\/p>","protected":false},"excerpt":{"rendered":"<p data-start=\"0\" data-end=\"529\"><strong>BadeFee du\u0161as putas Tropics: <\/strong>P\u016bkain\u0101s, maigi \u0161\u0137\u012bsto\u0161\u0101s du\u0161as putas t\u012bri att\u012bra \u0101du un padara to m\u012bkstu un komfortablu. Formula satur <strong data-start=\"195\" data-end=\"238\">Glicer\u012bns, alvejas un mande\u013cu e\u013c\u013ca<\/strong>, padarot \u0101du mitr\u0101ku un glud\u0101ku. <strong data-start=\"284\" data-end=\"338\">Nesatur mikroplastmasu, parab\u0113nus un silikonus, veg\u0101ns.<\/strong> Smar\u017ea - <strong data-start=\"348\" data-end=\"378\">atsvaidzino\u0161s apels\u012bns un gran\u0101t\u0101bols<\/strong> kombin\u0101cija. Humektanti (piem\u0113ram, glicer\u012bns) un vieglas virsmakt\u012bv\u0101s vielas (SCI, DLS) ir balst\u012btas uz labi izp\u0113t\u012btu l\u012bdzsvaru starp t\u012br\u012bbu un \u0101das komfortu.<\/p>\n<p data-start=\"531\" data-end=\"853\"><strong data-start=\"531\" data-end=\"554\">K\u0101p\u0113c izv\u0113l\u0113ties<\/strong><br data-start=\"554\" data-end=\"557\" \/>\u2714\ufe0f Puri, kr\u0113mveida putas maigi att\u012bra un neatst\u0101j izstiepumus.<br data-start=\"614\" data-end=\"617\" \/>\u2714\ufe0f Glicer\u012bns un alveja pal\u012bdz uztur\u0113t \u0101das mitrumu.<br data-start=\"671\" data-end=\"674\" \/>\u2714\ufe0f Mande\u013cu e\u013c\u013ca maigai un gludai \u0101das saj\u016btai.<br data-start=\"729\" data-end=\"732\" \/>\u2714\ufe0f Nesatur mikroplastmasu, parab\u0113nus un silikonus.<br data-start=\"773\" data-end=\"776\" \/>\u2714\ufe0f Veg\u0101ns; ra\u017eots V\u0101cij\u0101<br data-start=\"811\" data-end=\"814\" \/>\u2714\ufe0f Apels\u012bnu un gran\u0101t\u0101bolu arom\u0101ts<\/p>","protected":false},"featured_media":40873,"comment_status":"open","ping_status":"closed","template":"","meta":{"_acf_changed":true},"product_brand":[409],"product_cat":[92,57,393,384,300],"product_tag":[],"class_list":{"0":"post-40891","1":"product","2":"type-product","3":"status-publish","4":"has-post-thumbnail","6":"product_brand-badefee","7":"product_cat-groziui","8":"product_cat-akcijos","9":"product_cat-dovanu-idejos","10":"product_cat-duso-putos","11":"product_cat-kunui","13":"first","14":"instock","15":"sale","16":"shipping-taxable","17":"purchasable","18":"product-type-simple"},"acf":[],"tiered_pricing_type":"fixed","tiered_pricing_fixed_rules":[],"tiered_pricing_product_settings":{"layout":"default","base_unit_name":{"singular":null,"plural":null},"default_variation":null},"tiered_pricing_minimum_quantity":null,"tiered_pricing_roles_data":[],"tiered_pricing_percentage_rules":[],"_links":{"self":[{"href":"https:\/\/purama.lt\/lv\/wp-json\/wp\/v2\/product\/40891","targetHints":{"allow":["GET"]}}],"collection":[{"href":"https:\/\/purama.lt\/lv\/wp-json\/wp\/v2\/product"}],"about":[{"href":"https:\/\/purama.lt\/lv\/wp-json\/wp\/v2\/types\/product"}],"replies":[{"embeddable":true,"href":"https:\/\/purama.lt\/lv\/wp-json\/wp\/v2\/comments?post=40891"}],"wp:featuredmedia":[{"embeddable":true,"href":"https:\/\/purama.lt\/lv\/wp-json\/wp\/v2\/media\/40873"}],"wp:attachment":[{"href":"https:\/\/purama.lt\/lv\/wp-json\/wp\/v2\/media?parent=40891"}],"wp:term":[{"taxonomy":"product_brand","embeddable":true,"href":"https:\/\/purama.lt\/lv\/wp-json\/wp\/v2\/product_brand?post=40891"},{"taxonomy":"product_cat","embeddable":true,"href":"https:\/\/purama.lt\/lv\/wp-json\/wp\/v2\/product_cat?post=40891"},{"taxonomy":"product_tag","embeddable":true,"href":"https:\/\/purama.lt\/lv\/wp-json\/wp\/v2\/product_tag?post=40891"}],"curies":[{"name":"wp","href":"https:\/\/api.w.org\/{rel}","templated":true}]}}