{"id":40890,"date":"2025-10-20T08:12:05","date_gmt":"2025-10-20T06:12:05","guid":{"rendered":"https:\/\/purama.lt\/produktas\/badefee-duso-putos-vaisiu-rojus\/"},"modified":"2026-04-14T09:24:02","modified_gmt":"2026-04-14T07:24:02","slug":"badefee-dusas-putas-auglu-paradize","status":"publish","type":"product","link":"https:\/\/purama.lt\/lv\/produktas\/badefee-duso-putos-vaisiu-rojus\/","title":{"rendered":"BadeFee du\u0161as putas Fruit Paradise"},"content":{"rendered":"<p><strong>Izmanto\u0161ana<\/strong><br>Uzkl\u0101jiet uz mitras \u0101das, viegli iemas\u0113jiet un labi noskalojiet. Tikai \u0101r\u0113jai lieto\u0161anai. Izvair\u012bties no saskares ar ac\u012bm.<\/p>\n\n\n\n<p><strong>Sast\u0101vda\u013cas<\/strong><br>glicer\u012bns, \u016bdens, sorb\u012bts, n\u0101trija kokoilisetion\u0101ts, n\u0101trija laurilsulfosucen\u0101ts, n\u0101trija hlor\u012bds, alvejas lapu sula, parfum, prunus amygdalus dulcis e\u013c\u013ca, fenoksietanols, n\u0101trija benzo\u0101ts, k\u0101lija sorb\u0101ts, tetran\u0101trija edta, limon\u0113ns, linalools, geraniols, citronelols, citrals, ci 15985, ci 16255<\/p>","protected":false},"excerpt":{"rendered":"<p data-start=\"0\" data-end=\"546\"><strong>BadeFee Du\u0161as putas Aug\u013cu parad\u012bze:<\/strong>\u00a0 P\u016bkain\u0101s, maigi \u0161\u0137\u012bsto\u0161\u0101s du\u0161as putas t\u012bri att\u012bra \u0101du un padara to m\u012bkstu un komfortablu. Formula - <strong data-start=\"194\" data-end=\"237\">Glicer\u012bns, alvejas un mande\u013cu e\u013c\u013ca<\/strong>, kas pal\u012bdz saglab\u0101t mitruma l\u012bdzsvaru un gludumu. <strong data-start=\"291\" data-end=\"370\">Bez mikroplastmasas, bez parab\u0113niem, bez silikona, bez sulf\u0101tiem, veg\u0101ns un roku darbs.<\/strong> Smar\u017ea - <strong data-start=\"380\" data-end=\"416\">atsvaidzino\u0161s gran\u0101t\u0101bolu arom\u0101ts ar citrusaug\u013cu not\u012bm.<\/strong>. Humektanti (piem., glicer\u012bns) un vieglas virsmakt\u012bv\u0101s vielas (SCI, DLS) ir balst\u012btas uz labi izp\u0113t\u012btu t\u012br\u012bbas un \u0101das barjeras komforta kombin\u0101ciju.<\/p>\n<p data-start=\"548\" data-end=\"883\"><strong data-start=\"548\" data-end=\"571\">K\u0101p\u0113c izv\u0113l\u0113ties<\/strong><br data-start=\"571\" data-end=\"574\" \/>\u2714\ufe0f Puri, kr\u0113mveida putas maigi att\u012bra un neatst\u0101j izstiepumus.<br data-start=\"631\" data-end=\"634\" \/>\u2714\ufe0f Glicer\u012bns un alveja pal\u012bdz saglab\u0101t mitrumu.<br data-start=\"683\" data-end=\"686\" \/>\u2714\ufe0f Mande\u013cu e\u013c\u013ca maigai un gludai \u0101das saj\u016btai.<br data-start=\"741\" data-end=\"744\" \/>\u2714\ufe0f Nesatur mikroplastmasu, parab\u0113nus, silikonus un sulf\u0101tus.<br data-start=\"794\" data-end=\"797\" \/>\u2714\ufe0f Veg\u0101ns, roku darbs; ra\u017eots V\u0101cij\u0101<br data-start=\"845\" data-end=\"848\" \/>\u2714\ufe0f Svaigs, aug\u013cu, gran\u0101t\u0101bolu arom\u0101ts<\/p>","protected":false},"featured_media":40877,"comment_status":"open","ping_status":"closed","template":"","meta":{"_acf_changed":true},"product_brand":[409],"product_cat":[384,92,300],"product_tag":[],"class_list":{"0":"post-40890","1":"product","2":"type-product","3":"status-publish","4":"has-post-thumbnail","6":"product_brand-badefee","7":"product_cat-duso-putos","8":"product_cat-groziui","9":"product_cat-kunui","11":"first","12":"instock","13":"shipping-taxable","14":"purchasable","15":"product-type-simple"},"acf":[],"tiered_pricing_type":"fixed","tiered_pricing_fixed_rules":[],"tiered_pricing_product_settings":{"layout":"default","base_unit_name":{"singular":null,"plural":null},"default_variation":null},"tiered_pricing_minimum_quantity":null,"tiered_pricing_roles_data":[],"tiered_pricing_percentage_rules":[],"_links":{"self":[{"href":"https:\/\/purama.lt\/lv\/wp-json\/wp\/v2\/product\/40890","targetHints":{"allow":["GET"]}}],"collection":[{"href":"https:\/\/purama.lt\/lv\/wp-json\/wp\/v2\/product"}],"about":[{"href":"https:\/\/purama.lt\/lv\/wp-json\/wp\/v2\/types\/product"}],"replies":[{"embeddable":true,"href":"https:\/\/purama.lt\/lv\/wp-json\/wp\/v2\/comments?post=40890"}],"wp:featuredmedia":[{"embeddable":true,"href":"https:\/\/purama.lt\/lv\/wp-json\/wp\/v2\/media\/40877"}],"wp:attachment":[{"href":"https:\/\/purama.lt\/lv\/wp-json\/wp\/v2\/media?parent=40890"}],"wp:term":[{"taxonomy":"product_brand","embeddable":true,"href":"https:\/\/purama.lt\/lv\/wp-json\/wp\/v2\/product_brand?post=40890"},{"taxonomy":"product_cat","embeddable":true,"href":"https:\/\/purama.lt\/lv\/wp-json\/wp\/v2\/product_cat?post=40890"},{"taxonomy":"product_tag","embeddable":true,"href":"https:\/\/purama.lt\/lv\/wp-json\/wp\/v2\/product_tag?post=40890"}],"curies":[{"name":"wp","href":"https:\/\/api.w.org\/{rel}","templated":true}]}}