{"id":40889,"date":"2025-10-20T08:12:04","date_gmt":"2025-10-20T06:12:04","guid":{"rendered":"https:\/\/purama.lt\/produktas\/badefee-duso-kreminis-ir-maitinamasis-duso-gelis\/"},"modified":"2026-04-14T09:24:02","modified_gmt":"2026-04-14T07:24:02","slug":"badefee-dusas-krems-un-barojosa-dusas-zeleja","status":"publish","type":"product","link":"https:\/\/purama.lt\/lv\/produktas\/badefee-duso-kreminis-ir-maitinamasis-duso-gelis\/","title":{"rendered":"BadeFee du\u0161as kr\u0113ms un barojo\u0161a du\u0161as \u017eeleja"},"content":{"rendered":"<p><strong>Izmanto\u0161ana<\/strong><br>Uzkl\u0101jiet uz mitras \u0101das, viegli iemas\u0113jiet un labi noskalojiet. Izvair\u012bties no saskares ar ac\u012bm. Tikai \u0101r\u0113jai lieto\u0161anai.<\/p>\n\n\n\n<p><strong>Sast\u0101vda\u013cas<\/strong><br>glicer\u012bns, \u016bdens, sorb\u012bts, n\u0101trija kokoilisetion\u0101ts, n\u0101trija laurilsulfosucen\u0101ts, n\u0101trija hlor\u012bds, alvejas lapu sula, parfum, prunus amygdalus dulcis e\u013c\u013ca, fenoksietanols, etilheksilglicer\u012bns, n\u0101trija benzo\u0101ts, k\u0101lija sorb\u0101ts, tetran\u0101trija edta, linalols, kumar\u012bns, alfa-izometiljonons, benzilspirts, limon\u0113ns.<\/p>","protected":false},"excerpt":{"rendered":"<p data-start=\"0\" data-end=\"507\"><strong>BadeFee du\u0161as kr\u0113ms un barojo\u0161a du\u0161as \u017eeleja:<\/strong>\u00a0 Du\u0161as putu p\u016bkain\u0101 tekst\u016bra maigi att\u012bra \u0101du un padara to m\u012bkstu un komfortablu. Formula - <strong data-start=\"173\" data-end=\"216\">Glicer\u012bns, alvejas un mande\u013cu e\u013c\u013ca<\/strong>, lai pal\u012bdz\u0113tu saglab\u0101t mitruma l\u012bdzsvaru un gludumu. <strong data-start=\"268\" data-end=\"347\">Bez mikroplastmasas, bez parab\u0113niem, bez silikona, bez sulf\u0101tiem, veg\u0101ns un roku darbs.<\/strong> Smar\u017ea - <strong data-start=\"357\" data-end=\"379\">kokosrieksts un \u0161okol\u0101de<\/strong> kombin\u0101cija. Pamatojas uz labi izp\u0113t\u012btu vieglu virsmakt\u012bvo vielu (piem\u0113ram, SCI, DLS) un m\u012bkstino\u0161o vielu siner\u0123iju, kas nodro\u0161ina ikdienas t\u012br\u012b\u0161anu bez stiep\u0161anas saj\u016btas.<\/p>\n<p data-start=\"509\" data-end=\"820\"><strong data-start=\"509\" data-end=\"532\">K\u0101p\u0113c izv\u0113l\u0113ties<\/strong><br data-start=\"532\" data-end=\"535\" \/>\u2714\ufe0f P\u016bkainas, gludas putas maigi att\u012bra \u0101du.<br data-start=\"573\" data-end=\"576\" \/>\u2714\ufe0f Glicer\u012bns un alveja pal\u012bdz saglab\u0101t mitrumu.<br data-start=\"625\" data-end=\"628\" \/>\u2714\ufe0f Mande\u013cu e\u013c\u013ca maigumam un komfortam<br data-start=\"676\" data-end=\"679\" \/>\u2714\ufe0f Nesatur mikroplastmasu, parab\u0113nus, silikonus un sulf\u0101tus.<br data-start=\"729\" data-end=\"732\" \/>\u2714\ufe0f Veg\u0101ns, roku darbs; ra\u017eots V\u0101cij\u0101<br data-start=\"780\" data-end=\"783\" \/>\u2714\ufe0f Gar\u0161\u012bgs kokosriekstu un \u0161okol\u0101des arom\u0101ts<\/p>","protected":false},"featured_media":40879,"comment_status":"open","ping_status":"closed","template":"","meta":{"_acf_changed":true},"product_brand":[409],"product_cat":[92,386,300],"product_tag":[],"class_list":{"0":"post-40889","1":"product","2":"type-product","3":"status-publish","4":"has-post-thumbnail","6":"product_brand-badefee","7":"product_cat-groziui","8":"product_cat-duso-zeles","9":"product_cat-kunui","11":"first","12":"outofstock","13":"shipping-taxable","14":"purchasable","15":"product-type-simple"},"acf":[],"tiered_pricing_type":"fixed","tiered_pricing_fixed_rules":[],"tiered_pricing_product_settings":{"layout":"default","base_unit_name":{"singular":null,"plural":null},"default_variation":null},"tiered_pricing_minimum_quantity":null,"tiered_pricing_roles_data":[],"tiered_pricing_percentage_rules":[],"_links":{"self":[{"href":"https:\/\/purama.lt\/lv\/wp-json\/wp\/v2\/product\/40889","targetHints":{"allow":["GET"]}}],"collection":[{"href":"https:\/\/purama.lt\/lv\/wp-json\/wp\/v2\/product"}],"about":[{"href":"https:\/\/purama.lt\/lv\/wp-json\/wp\/v2\/types\/product"}],"replies":[{"embeddable":true,"href":"https:\/\/purama.lt\/lv\/wp-json\/wp\/v2\/comments?post=40889"}],"wp:featuredmedia":[{"embeddable":true,"href":"https:\/\/purama.lt\/lv\/wp-json\/wp\/v2\/media\/40879"}],"wp:attachment":[{"href":"https:\/\/purama.lt\/lv\/wp-json\/wp\/v2\/media?parent=40889"}],"wp:term":[{"taxonomy":"product_brand","embeddable":true,"href":"https:\/\/purama.lt\/lv\/wp-json\/wp\/v2\/product_brand?post=40889"},{"taxonomy":"product_cat","embeddable":true,"href":"https:\/\/purama.lt\/lv\/wp-json\/wp\/v2\/product_cat?post=40889"},{"taxonomy":"product_tag","embeddable":true,"href":"https:\/\/purama.lt\/lv\/wp-json\/wp\/v2\/product_tag?post=40889"}],"curies":[{"name":"wp","href":"https:\/\/api.w.org\/{rel}","templated":true}]}}