{"id":40888,"date":"2025-10-20T08:12:03","date_gmt":"2025-10-20T06:12:03","guid":{"rendered":"https:\/\/purama.lt\/produktas\/badefee-duso-maitinamasis-sviestinis-kremas\/"},"modified":"2026-04-14T09:24:02","modified_gmt":"2026-04-14T07:24:02","slug":"badefee-duso-barojoss-sviesta-krems","status":"publish","type":"product","link":"https:\/\/purama.lt\/lv\/produktas\/badefee-duso-maitinamasis-sviestinis-kremas\/","title":{"rendered":"BadeFee Du\u0161as barojo\u0161s sviesta kr\u0113ms"},"content":{"rendered":"<p><strong>Izmanto\u0161ana<\/strong><br>Uzkl\u0101jiet uz mitras \u0101das, viegli iemas\u0113jiet un labi noskalojiet. Tikai \u0101r\u0113jai lieto\u0161anai.<\/p>\n\n\n\n<p><strong>Sast\u0101vda\u013cas<\/strong><br>glicer\u012bns, \u016bdens, sorb\u012bts, n\u0101trija kokoilisetion\u0101ts, n\u0101trija laurilsulfosucen\u0101ts, n\u0101trija hlor\u012bds, alvejas lapu sula, parfum, prunus amygdalus dulcis e\u013c\u013ca, fenoksietanols, n\u0101trija benzo\u0101ts, k\u0101lija sorb\u0101ts, tetran\u0101trija edta, linalols, heksilcinamols, limon\u0113ns, geraniols, citronelols, ci 47005, ci 42090<\/p>","protected":false},"excerpt":{"rendered":"<p data-start=\"0\" data-end=\"534\"><span data-sheets-root=\"1\"><strong>BadeFee du\u0161as barojo\u0161s sviesta kr\u0113ms:<\/strong> <\/span>\u00a0Du\u0161as putas ar p\u016bkainu, maigu tekst\u016bru t\u012bri att\u012bra \u0101du un padara to m\u012bkstu un komfortablu. Formula - <strong data-start=\"187\" data-end=\"230\">Glicer\u012bns, alvejas un mande\u013cu e\u013c\u013ca<\/strong>, pal\u012bdz saglab\u0101t mitrumu un gludumu. <strong data-start=\"273\" data-end=\"352\">Bez mikroplastmasas, bez parab\u0113niem, bez silikona, bez sulf\u0101tiem, veg\u0101ns un roku darbs.<\/strong> Smar\u017ea - <strong data-start=\"362\" data-end=\"422\">nedaudz salds sviesta kr\u0113ma arom\u0101ts.<\/strong>. Pamatojas uz labi izp\u0113t\u012btu vieglu virsmakt\u012bvo vielu (SCI, DLS) un m\u012bkstino\u0161o vielu kombin\u0101ciju, kas nodro\u0161ina ikdienas t\u012br\u012b\u0161anu bez stiep\u0161an\u0101s.<\/p>\n<p data-start=\"536\" data-end=\"885\"><strong data-start=\"536\" data-end=\"559\">K\u0101p\u0113c izv\u0113l\u0113ties<\/strong><br data-start=\"559\" data-end=\"562\" \/>\u2714\ufe0f Loose du\u0161as putas nomazg\u0101 un padara \u0101du m\u012bkstu.<br data-start=\"622\" data-end=\"625\" \/>\u2714\ufe0f Glicer\u012bns un alveja pal\u012bdz uztur\u0113t mitruma l\u012bdzsvaru.<br data-start=\"683\" data-end=\"686\" \/>\u2714\ufe0f Mande\u013cu e\u013c\u013ca maigai un gludai \u0101das saj\u016btai.<br data-start=\"741\" data-end=\"744\" \/>\u2714\ufe0f Nesatur mikroplastmasu, parab\u0113nus, silikonus un sulf\u0101tus.<br data-start=\"794\" data-end=\"797\" \/>\u2714\ufe0f Veg\u0101ns, roku darbs; ra\u017eots V\u0101cij\u0101<br data-start=\"845\" data-end=\"848\" \/>\u2714\ufe0f Salds un kr\u0113m\u012bgs, ar m\u0101j\u012bgu arom\u0101ta noti.<\/p>","protected":false},"featured_media":40869,"comment_status":"open","ping_status":"closed","template":"","meta":{"_acf_changed":true},"product_brand":[409],"product_cat":[301,92,300],"product_tag":[],"class_list":{"0":"post-40888","1":"product","2":"type-product","3":"status-publish","4":"has-post-thumbnail","6":"product_brand-badefee","7":"product_cat-kuno-kremai","8":"product_cat-groziui","9":"product_cat-kunui","11":"first","12":"instock","13":"shipping-taxable","14":"purchasable","15":"product-type-simple"},"acf":[],"tiered_pricing_type":"fixed","tiered_pricing_fixed_rules":[],"tiered_pricing_product_settings":{"layout":"default","base_unit_name":{"singular":null,"plural":null},"default_variation":null},"tiered_pricing_minimum_quantity":null,"tiered_pricing_roles_data":[],"tiered_pricing_percentage_rules":[],"_links":{"self":[{"href":"https:\/\/purama.lt\/lv\/wp-json\/wp\/v2\/product\/40888","targetHints":{"allow":["GET"]}}],"collection":[{"href":"https:\/\/purama.lt\/lv\/wp-json\/wp\/v2\/product"}],"about":[{"href":"https:\/\/purama.lt\/lv\/wp-json\/wp\/v2\/types\/product"}],"replies":[{"embeddable":true,"href":"https:\/\/purama.lt\/lv\/wp-json\/wp\/v2\/comments?post=40888"}],"wp:featuredmedia":[{"embeddable":true,"href":"https:\/\/purama.lt\/lv\/wp-json\/wp\/v2\/media\/40869"}],"wp:attachment":[{"href":"https:\/\/purama.lt\/lv\/wp-json\/wp\/v2\/media?parent=40888"}],"wp:term":[{"taxonomy":"product_brand","embeddable":true,"href":"https:\/\/purama.lt\/lv\/wp-json\/wp\/v2\/product_brand?post=40888"},{"taxonomy":"product_cat","embeddable":true,"href":"https:\/\/purama.lt\/lv\/wp-json\/wp\/v2\/product_cat?post=40888"},{"taxonomy":"product_tag","embeddable":true,"href":"https:\/\/purama.lt\/lv\/wp-json\/wp\/v2\/product_tag?post=40888"}],"curies":[{"name":"wp","href":"https:\/\/api.w.org\/{rel}","templated":true}]}}