{"id":40887,"date":"2025-10-20T08:12:02","date_gmt":"2025-10-20T06:12:02","guid":{"rendered":"https:\/\/purama.lt\/produktas\/badefee-kuno-losjonas-silkas\/"},"modified":"2026-04-14T09:24:01","modified_gmt":"2026-04-14T07:24:01","slug":"badefee-kermena-losjons-silke","status":"publish","type":"product","link":"https:\/\/purama.lt\/lv\/produktas\/badefee-kuno-losjonas-silkas\/","title":{"rendered":"BadeFee \u0137erme\u0146a losjons Silk"},"content":{"rendered":"<p><strong>Izmanto\u0161ana<\/strong><br>Lietojiet katru dienu p\u0113c du\u0161as vai p\u0113c vajadz\u012bbas uz t\u012bras \u0101das. Tikai \u0101r\u0113jai lieto\u0161anai; izvair\u012bties no saskares ar ac\u012bm. Ja rodas kairin\u0101jums, p\u0101rtrauciet lieto\u0161anu un, ja nepiecie\u0161ams, v\u0113rsieties p\u0113c profesion\u0101las konsult\u0101cijas. Uzglab\u0101t b\u0113rniem nepieejam\u0101 viet\u0101.<\/p>\n\n\n\n<p><strong>Sast\u0101vda\u013cas<\/strong><br>\u016bdens, prunus amygdalus dulcis e\u013c\u013ca, kaprilic\/kapric triglicer\u012bds, glicer\u012bns, beta\u012bns, poligliceril-3 metilglikozes distear\u0101ts, glicerilstear\u0101ts, glicerilstear\u0101ts, stearilspirts, aloe barbadensis lapu sula, parfum, fenoksietanols, fenoksietanols, etilheksilglicer\u012bns, tokoferilacet\u0101ts, piensk\u0101be, n\u0101trija benzo\u0101ts, k\u0101lija sorb\u0101ts, heksilcinamols, linalols, limon\u0113ns.<\/p>","protected":false},"excerpt":{"rendered":"<p data-start=\"0\" data-end=\"536\"><strong>BadeFee \u0136erme\u0146a me\u017e\u0123\u012bnes z\u012bda kr\u0101sas<\/strong>: vieglais \u0137erme\u0146a jogurts \u0101tri ies\u016bcas, padarot \u0101du maigu un elast\u012bgu. Formula satur alveju, mande\u013cu e\u013c\u013cu, beta\u012bnu un augu glicer\u012bnu, kas pal\u012bdz saglab\u0101t mitruma l\u012bdzsvaru un komfortu. <strong data-start=\"287\" data-end=\"341\">Nesatur silikonus, parab\u0113nus un mikroplastmasu, veg\u0101ns.<\/strong> Smar\u017ea - <strong data-start=\"351\" data-end=\"391\">sandalkoka, laima un lavandas ziedi.<\/strong> kombin\u0101cija. Mitrino\u0161o vielu (glicer\u012bns, beta\u012bns) un maigo m\u012bkstino\u0161o vielu (mande\u013cu e\u013c\u013ca) pamat\u0101 ir labi izp\u0113t\u012btas \u0101das barjeras \u012bpa\u0161\u012bbas.<\/p>\n<p data-start=\"538\" data-end=\"818\"><strong data-start=\"538\" data-end=\"561\">K\u0101p\u0113c izv\u0113l\u0113ties<\/strong><br data-start=\"561\" data-end=\"564\" \/>\u2714\ufe0f Viegla, \u0101tri uzs\u016bco\u0161a tekst\u016bra bez lip\u012bguma.<br data-start=\"614\" data-end=\"617\" \/>\u2714\ufe0f Alveja, beta\u012bns un glicer\u012bns pal\u012bdz uztur\u0113t \u0101das mitrumu.<br data-start=\"681\" data-end=\"684\" \/>\u2714\ufe0f Mande\u013cu e\u013c\u013ca izl\u012bdzina un m\u012bkstina \u0101du.<br data-start=\"728\" data-end=\"731\" \/>\u2714\ufe0f Nesatur parab\u0113nus, silikonu un mikroplastmasu.<br data-start=\"772\" data-end=\"775\" \/>\u2714\ufe0f Veg\u0101nu formula, ra\u017eota V\u0101cij\u0101<\/p>","protected":false},"featured_media":40870,"comment_status":"open","ping_status":"closed","template":"","meta":{"_acf_changed":true},"product_brand":[409],"product_cat":[387,92,300],"product_tag":[],"class_list":{"0":"post-40887","1":"product","2":"type-product","3":"status-publish","4":"has-post-thumbnail","6":"product_brand-badefee","7":"product_cat-kuno-losjonai","8":"product_cat-groziui","9":"product_cat-kunui","11":"first","12":"instock","13":"shipping-taxable","14":"purchasable","15":"product-type-simple"},"acf":[],"tiered_pricing_type":"fixed","tiered_pricing_fixed_rules":[],"tiered_pricing_product_settings":{"layout":"default","base_unit_name":{"singular":null,"plural":null},"default_variation":null},"tiered_pricing_minimum_quantity":null,"tiered_pricing_roles_data":[],"tiered_pricing_percentage_rules":[],"_links":{"self":[{"href":"https:\/\/purama.lt\/lv\/wp-json\/wp\/v2\/product\/40887","targetHints":{"allow":["GET"]}}],"collection":[{"href":"https:\/\/purama.lt\/lv\/wp-json\/wp\/v2\/product"}],"about":[{"href":"https:\/\/purama.lt\/lv\/wp-json\/wp\/v2\/types\/product"}],"replies":[{"embeddable":true,"href":"https:\/\/purama.lt\/lv\/wp-json\/wp\/v2\/comments?post=40887"}],"wp:featuredmedia":[{"embeddable":true,"href":"https:\/\/purama.lt\/lv\/wp-json\/wp\/v2\/media\/40870"}],"wp:attachment":[{"href":"https:\/\/purama.lt\/lv\/wp-json\/wp\/v2\/media?parent=40887"}],"wp:term":[{"taxonomy":"product_brand","embeddable":true,"href":"https:\/\/purama.lt\/lv\/wp-json\/wp\/v2\/product_brand?post=40887"},{"taxonomy":"product_cat","embeddable":true,"href":"https:\/\/purama.lt\/lv\/wp-json\/wp\/v2\/product_cat?post=40887"},{"taxonomy":"product_tag","embeddable":true,"href":"https:\/\/purama.lt\/lv\/wp-json\/wp\/v2\/product_tag?post=40887"}],"curies":[{"name":"wp","href":"https:\/\/api.w.org\/{rel}","templated":true}]}}