{"id":40886,"date":"2025-10-20T08:12:01","date_gmt":"2025-10-20T06:12:01","guid":{"rendered":"https:\/\/purama.lt\/produktas\/badefee-kuno-sveitiklis-greipfrutas\/"},"modified":"2026-04-14T09:24:01","modified_gmt":"2026-04-14T07:24:01","slug":"badefee-kermena-dziednieks-greipfruts","status":"publish","type":"product","link":"https:\/\/purama.lt\/lv\/produktas\/badefee-kuno-sveitiklis-greipfrutas\/","title":{"rendered":"BadeFee \u0137erme\u0146a skrubis Greipfr\u016bti"},"content":{"rendered":"<p><strong>Izmanto\u0161ana<\/strong><br>Samitriniet \u0101du du\u0161\u0101, uzkl\u0101jiet skrubi un mas\u0113jiet to ar ap\u013cveida kust\u012bb\u0101m 1-2 min\u016btes, piev\u0113r\u0161ot uzman\u012bbu raupj\u0101k\u0101m viet\u0101m. Lietojiet 1-2 reizes ned\u0113\u013c\u0101. Noskalojiet ar siltu \u016bdeni. Tikai \u0101r\u0113jai lieto\u0161anai.<\/p>\n\n\n\n<p><strong>Sast\u0101vda\u013cas<\/strong><br>maris sal, glicer\u012bns, prunus amygdalus dulcis e\u013c\u013ca, butyrospermum parkii sviests, coco-glikoz\u012bds, cetearilspirts, parfum, fenoksietanols, etilheksilglicer\u012bns, tokoferilacet\u0101ts, prunus amygdalus dulcis \u010daumalu pulveris, limon\u0113ns, linalols, geraniols, citronelols, citrals, ci 16255<\/p>\n\n\n\n<p><\/p>","protected":false},"excerpt":{"rendered":"<p data-start=\"0\" data-end=\"605\"><strong>BadeFee \u0137erme\u0146a skrubis Greipfr\u016bti<\/strong>: greipfr\u016bta arom\u0101ta \u0137erme\u0146a skrubis ar j\u016bras s\u0101li un apriko\u017eu (mande\u013cu) \u010daumalu pulveri maigi no\u0146em plakan\u0161\u016bnu \u0161\u016bnas un izl\u012bdzina \u0101du. Augu glicer\u012bns, mande\u013cu e\u013c\u013ca un \u0161\u012b sviests pal\u012bdz saglab\u0101t mitruma l\u012bdzsvaru un maigumu, padarot \u0101du komfortablu p\u0113c skalo\u0161anas. <strong data-start=\"408\" data-end=\"473\">Bez mikroplastmasas, bez silikona un parab\u0113niem, veg\u0101niska formula.<\/strong> Pamatojas uz labi izp\u0113t\u012btu m\u012bkstino\u0161u vielu (mande\u013cu e\u013c\u013ca, \u0161\u012b sviests) \u012bpa\u0161\u012bb\u0101m, kas pal\u012bdz m\u012bkstin\u0101t un aizsarg\u0101t \u0101das barjeru.<\/p>\n<p data-start=\"607\" data-end=\"947\"><strong data-start=\"607\" data-end=\"630\">K\u0101p\u0113c izv\u0113l\u0113ties<\/strong><br data-start=\"630\" data-end=\"633\" \/>\u2714\ufe0f Maigi, bet efekt\u012bvi eksfoli\u0113 un izl\u012bdzina \u0101du.<br data-start=\"687\" data-end=\"690\" \/>\u2714\ufe0f J\u016bras s\u0101ls + \u010daumalu pulveris m\u0113r\u0137tiec\u012bgai raupjuma no\u0146em\u0161anai<br data-start=\"749\" data-end=\"752\" \/>\u2714\ufe0f Mande\u013cu e\u013c\u013ca un \u0161\u012b sviests baro un m\u012bkstina.<br data-start=\"815\" data-end=\"818\" \/>\u2714\ufe0f Nesatur mikroplastmasu; nesatur silikonu un parab\u0113nus.<br data-start=\"862\" data-end=\"865\" \/>\u2714\ufe0f Veg\u0101ns; ra\u017eots V\u0101cij\u0101<br data-start=\"900\" data-end=\"903\" \/>\u2714\ufe0f Greipfr\u016bta atsvaidzino\u0161ais, ener\u0123iju sniedzo\u0161ais arom\u0101ts.<\/p>","protected":false},"featured_media":40871,"comment_status":"open","ping_status":"closed","template":"","meta":{"_acf_changed":false},"product_brand":[409],"product_cat":[382,92,300,500],"product_tag":[],"class_list":{"0":"post-40886","1":"product","2":"type-product","3":"status-publish","4":"has-post-thumbnail","6":"product_brand-badefee","7":"product_cat-kuno-sveitikliai","8":"product_cat-groziui","9":"product_cat-kunui","10":"product_cat-outlet","12":"first","13":"instock","14":"sale","15":"shipping-taxable","16":"purchasable","17":"product-type-simple"},"acf":[],"tiered_pricing_type":"fixed","tiered_pricing_fixed_rules":[],"tiered_pricing_product_settings":{"layout":"default","base_unit_name":{"singular":null,"plural":null},"default_variation":null},"tiered_pricing_minimum_quantity":null,"tiered_pricing_roles_data":[],"tiered_pricing_percentage_rules":[],"_links":{"self":[{"href":"https:\/\/purama.lt\/lv\/wp-json\/wp\/v2\/product\/40886","targetHints":{"allow":["GET"]}}],"collection":[{"href":"https:\/\/purama.lt\/lv\/wp-json\/wp\/v2\/product"}],"about":[{"href":"https:\/\/purama.lt\/lv\/wp-json\/wp\/v2\/types\/product"}],"replies":[{"embeddable":true,"href":"https:\/\/purama.lt\/lv\/wp-json\/wp\/v2\/comments?post=40886"}],"wp:featuredmedia":[{"embeddable":true,"href":"https:\/\/purama.lt\/lv\/wp-json\/wp\/v2\/media\/40871"}],"wp:attachment":[{"href":"https:\/\/purama.lt\/lv\/wp-json\/wp\/v2\/media?parent=40886"}],"wp:term":[{"taxonomy":"product_brand","embeddable":true,"href":"https:\/\/purama.lt\/lv\/wp-json\/wp\/v2\/product_brand?post=40886"},{"taxonomy":"product_cat","embeddable":true,"href":"https:\/\/purama.lt\/lv\/wp-json\/wp\/v2\/product_cat?post=40886"},{"taxonomy":"product_tag","embeddable":true,"href":"https:\/\/purama.lt\/lv\/wp-json\/wp\/v2\/product_tag?post=40886"}],"curies":[{"name":"wp","href":"https:\/\/api.w.org\/{rel}","templated":true}]}}