{"id":40885,"date":"2025-10-20T08:12:00","date_gmt":"2025-10-20T06:12:00","guid":{"rendered":"https:\/\/purama.lt\/produktas\/badefee-kuno-losjonas-greipfrutas\/"},"modified":"2026-04-14T09:24:01","modified_gmt":"2026-04-14T07:24:01","slug":"badefee-kermena-losjons-greipfruts","status":"publish","type":"product","link":"https:\/\/purama.lt\/lv\/produktas\/badefee-kuno-losjonas-greipfrutas\/","title":{"rendered":"BadeFee \u0137erme\u0146a losjons Greipfr\u016bts"},"content":{"rendered":"<p><strong>Izmanto\u0161ana<\/strong><br>Iev\u0113rojiet uz iepakojuma nor\u0101d\u012bjumus.<\/p>\n\n\n\n<p><strong>Sast\u0101vda\u013cas<\/strong><br>\u016bdens, prunus amygdalus dulcis e\u013c\u013ca, kaprilic\/kapric triglicer\u012bds, glicer\u012bns, beta\u012bns, poligliceril-3 metilglikozes distear\u0101ts, glicerilstear\u0101ts, glicerilstear\u0101ts, stearilspirts, aloe barbadensis lapu sula, parfum, fenoksietanols, etilheksilglicer\u012bns, tokoferilacet\u0101ts, piensk\u0101be, n\u0101trija benzo\u0101ts, k\u0101lija sorb\u0101ts, limon\u0113ns, linalools, geraniols, citronelols, citrals, citronelols.<\/p>","protected":false},"excerpt":{"rendered":"<p data-start=\"0\" data-end=\"470\">BadeFee \u0137erme\u0146a losjons Greipfr\u016bts: viegls \u0137erme\u0146a jogurts, kas \u0101tri ies\u016bcas un padara \u0101du maigu un elast\u012bgu. Sast\u0101v\u0101 ir alveja, mande\u013cu e\u013c\u013ca, augu glicer\u012bns un beta\u012bns, kas pal\u012bdz saglab\u0101t mitrumu. <strong data-start=\"275\" data-end=\"317\">Gatavu greipfr\u016btu atsvaidzino\u0161s arom\u0101ts<\/strong> uzlabo ikdienas apr\u016bpi. T\u0101di mitrin\u0101t\u0101ji k\u0101 glicer\u012bns un beta\u012bns ir zin\u0101tniski labi zin\u0101mi ar savu sp\u0113ju piesaist\u012bt un saglab\u0101t \u016bdeni \u0101d\u0101.<\/p>\n<p data-start=\"472\" data-end=\"820\"><strong data-start=\"472\" data-end=\"495\">K\u0101p\u0113c izv\u0113l\u0113ties<\/strong><br data-start=\"495\" data-end=\"498\" \/>\u2714\ufe0f Viegla, \u0101tri uzs\u016bco\u0161a tekst\u016bra bez lip\u012bguma.<br data-start=\"548\" data-end=\"551\" \/>\u2714\ufe0f Alveja, beta\u012bns un glicer\u012bns pal\u012bdz uztur\u0113t \u0101das mitrumu.<br data-start=\"615\" data-end=\"618\" \/>\u2714\ufe0f Mande\u013cu e\u013c\u013ca izl\u012bdzina un m\u012bkstina \u0101du.<br data-start=\"662\" data-end=\"665\" \/>\u2714\ufe0f Veg\u0101nu formula, bez silikona un parab\u0113niem.<br data-start=\"713\" data-end=\"716\" \/>\u2714\ufe0f Bez plastmasas iepakojuma; ra\u017eots V\u0101cij\u0101<br data-start=\"763\" data-end=\"766\" \/>\u2714\ufe0f Aug\u013caina, svaiga greipfr\u016bta nots ikdienas lieto\u0161anai.<\/p>","protected":false},"featured_media":40874,"comment_status":"open","ping_status":"closed","template":"","meta":{"_acf_changed":false},"product_brand":[409],"product_cat":[387,92,300],"product_tag":[],"class_list":{"0":"post-40885","1":"product","2":"type-product","3":"status-publish","4":"has-post-thumbnail","6":"product_brand-badefee","7":"product_cat-kuno-losjonai","8":"product_cat-groziui","9":"product_cat-kunui","11":"first","12":"instock","13":"shipping-taxable","14":"purchasable","15":"product-type-simple"},"acf":[],"tiered_pricing_type":"fixed","tiered_pricing_fixed_rules":[],"tiered_pricing_product_settings":{"layout":"default","base_unit_name":{"singular":null,"plural":null},"default_variation":null},"tiered_pricing_minimum_quantity":null,"tiered_pricing_roles_data":[],"tiered_pricing_percentage_rules":[],"_links":{"self":[{"href":"https:\/\/purama.lt\/lv\/wp-json\/wp\/v2\/product\/40885","targetHints":{"allow":["GET"]}}],"collection":[{"href":"https:\/\/purama.lt\/lv\/wp-json\/wp\/v2\/product"}],"about":[{"href":"https:\/\/purama.lt\/lv\/wp-json\/wp\/v2\/types\/product"}],"replies":[{"embeddable":true,"href":"https:\/\/purama.lt\/lv\/wp-json\/wp\/v2\/comments?post=40885"}],"wp:featuredmedia":[{"embeddable":true,"href":"https:\/\/purama.lt\/lv\/wp-json\/wp\/v2\/media\/40874"}],"wp:attachment":[{"href":"https:\/\/purama.lt\/lv\/wp-json\/wp\/v2\/media?parent=40885"}],"wp:term":[{"taxonomy":"product_brand","embeddable":true,"href":"https:\/\/purama.lt\/lv\/wp-json\/wp\/v2\/product_brand?post=40885"},{"taxonomy":"product_cat","embeddable":true,"href":"https:\/\/purama.lt\/lv\/wp-json\/wp\/v2\/product_cat?post=40885"},{"taxonomy":"product_tag","embeddable":true,"href":"https:\/\/purama.lt\/lv\/wp-json\/wp\/v2\/product_tag?post=40885"}],"curies":[{"name":"wp","href":"https:\/\/api.w.org\/{rel}","templated":true}]}}