{"id":40661,"date":"2025-10-13T12:50:27","date_gmt":"2025-10-13T10:50:27","guid":{"rendered":"https:\/\/purama.lt\/?post_type=product&#038;p=40661"},"modified":"2026-04-13T16:37:44","modified_gmt":"2026-04-13T14:37:44","slug":"purama-sejas-masazas-komplekts","status":"publish","type":"product","link":"https:\/\/purama.lt\/lv\/produktas\/purama-veido-masazo-rinkinys\/","title":{"rendered":"PURAMA Sejas mas\u0101\u017eas komplekts"},"content":{"rendered":"<p>Lieto\u0161ana (\u012bsi): uz t\u012bras \u0101das uzpiliniet da\u017eus pilienus seruma vai e\u013c\u013cas. Uzkl\u0101jiet da\u017eus pilienus seruma vai seruma uz sejas s\u0101niem, ar rull\u012bti maigi gremd\u0113jot no sejas centra uz s\u0101niem un lejup pa kaklu limfas virzien\u0101 5-10 min\u016btes. Turiet Gua Sha rull\u012bti 15-45\u00b0 le\u0146\u0137\u012b un 3 l\u012bdz 5 min\u016btes velm\u0113jiet tos pa\u0161os virzienos, izvairoties no sp\u0113c\u012bga spiediena. Lai pan\u0101ktu lab\u0101ku efektu, pirms mas\u0101\u017eas rull\u012bti atdzes\u0113jiet.<\/p>","protected":false},"excerpt":{"rendered":"<p>\u0160is elegantais dab\u012bg\u0101 ro\u017ekvara komplekts ir dienas un vakara ritu\u0101ls, kas pal\u012bdz mazin\u0101t piet\u016bkumu, aktiviz\u0113 mikrocirkul\u0101ciju un pie\u0161\u0137ir sejai vesel\u012bgu mirdzumu. Divpus\u0113jais rull\u012btis (liel\u0101kais paredz\u0113ts pieres, vaigu un kakla mas\u0101\u017eai, maz\u0101ks - uzacu un deguna zonas mas\u0101\u017eai) maigi \u201eno\u0146em sasprindzin\u0101jumu\u201c, savuk\u0101rt sirds formas Gua Sha pl\u0101ksn\u012bte ir paredz\u0113ta m\u0113r\u0137tiec\u012bg\u0101kai sejas kont\u016bru un musku\u013cu mas\u0101\u017eai. Piem\u0113rots visiem \u0101das tipiem, jo \u012bpa\u0161i noguru\u0161ai vai ar noslieci uz piet\u016bkumu.<\/p>\n<p>Komplekta saturs: ro\u017eu kvarca abpus\u0113js sejas rull\u012btis, ro\u017eu kvarca Gua Sha pl\u0101ksn\u012bte, lieto\u0161anas instrukcija.<br \/>Piez\u012bme: t\u0101 k\u0101 akmens ir dab\u012bgs, kr\u0101sas un raksti var nedaudz at\u0161\u0137irties.<\/p>\n<p><strong style=\"font-size: 16px;\" data-start=\"0\" data-end=\"24\" data-is-only-node=\"\">K\u0101p\u0113c izv\u0113l\u0113ties:<br \/><\/strong><span style=\"font-size: 16px;\">\u2714\ufe0f Redzams svaigums un samazin\u0101ts piet\u016bkums - veicina limfas dren\u0101\u017eu, \u012bpa\u0161i zem ac\u012bm.<br \/><\/span><span style=\"font-size: 16px;\">\u2714\ufe0f Uzlabo \u0101das tonusu un mikrocirkul\u0101ciju, padarot \u0101du glud\u0101ku un gai\u0161\u0101ku.<br \/><\/span><span style=\"font-size: 16px;\">\u2714\ufe0f Pal\u012bdz uzs\u016bkties, mas\u0113jot serumu vai kr\u0113mu dzi\u013c\u0101k.<br \/><\/span><span style=\"font-size: 16px;\">\u2714\ufe0f Relaks\u0101cija katru dienu - sejas musku\u013cu sasprindzin\u0101juma mazin\u0101\u0161ana, pat\u012bkams pa\u0161mas\u0101\u017eas ritu\u0101ls.<br \/><\/span><span style=\"font-size: 16px;\">\u2714\ufe0f Dabisks un iztur\u012bgs - \u012bsts ro\u017eu kvarcs, iztur\u012bgi met\u0101la savienojumi, viegla apkope. Iepakojum\u0101 atrad\u012bsiet ar\u012b druk\u0101tu lieto\u0161anas instrukciju.<\/span><\/p>","protected":false},"featured_media":40662,"comment_status":"open","ping_status":"closed","template":"","meta":{"_acf_changed":false},"product_brand":[405],"product_cat":[282,57,288,283],"product_tag":[],"class_list":{"0":"post-40661","1":"product","2":"type-product","3":"status-publish","4":"has-post-thumbnail","6":"product_brand-purama","7":"product_cat-longevity-prietaisai","8":"product_cat-akcijos","9":"product_cat-grozio-ir-odos-prieziura","10":"product_cat-sveikatingumo-prietaisai","12":"first","13":"instock","14":"sale","15":"shipping-taxable","16":"purchasable","17":"product-type-simple"},"acf":[],"tiered_pricing_type":"fixed","tiered_pricing_fixed_rules":[],"tiered_pricing_product_settings":{"layout":"default","base_unit_name":{"singular":null,"plural":null},"default_variation":null},"tiered_pricing_minimum_quantity":null,"tiered_pricing_roles_data":[],"tiered_pricing_percentage_rules":[],"_links":{"self":[{"href":"https:\/\/purama.lt\/lv\/wp-json\/wp\/v2\/product\/40661","targetHints":{"allow":["GET"]}}],"collection":[{"href":"https:\/\/purama.lt\/lv\/wp-json\/wp\/v2\/product"}],"about":[{"href":"https:\/\/purama.lt\/lv\/wp-json\/wp\/v2\/types\/product"}],"replies":[{"embeddable":true,"href":"https:\/\/purama.lt\/lv\/wp-json\/wp\/v2\/comments?post=40661"}],"wp:featuredmedia":[{"embeddable":true,"href":"https:\/\/purama.lt\/lv\/wp-json\/wp\/v2\/media\/40662"}],"wp:attachment":[{"href":"https:\/\/purama.lt\/lv\/wp-json\/wp\/v2\/media?parent=40661"}],"wp:term":[{"taxonomy":"product_brand","embeddable":true,"href":"https:\/\/purama.lt\/lv\/wp-json\/wp\/v2\/product_brand?post=40661"},{"taxonomy":"product_cat","embeddable":true,"href":"https:\/\/purama.lt\/lv\/wp-json\/wp\/v2\/product_cat?post=40661"},{"taxonomy":"product_tag","embeddable":true,"href":"https:\/\/purama.lt\/lv\/wp-json\/wp\/v2\/product_tag?post=40661"}],"curies":[{"name":"wp","href":"https:\/\/api.w.org\/{rel}","templated":true}]}}