{"id":40558,"date":"2025-10-10T15:09:15","date_gmt":"2025-10-10T13:09:15","guid":{"rendered":"https:\/\/purama.lt\/?post_type=product&#038;p=40558"},"modified":"2026-03-31T10:47:12","modified_gmt":"2026-03-31T08:47:12","slug":"d-lab-pro-kolagens-matu-izkrisanas-samazinasanai-un-atjaunosanai","status":"publish","type":"product","link":"https:\/\/purama.lt\/lv\/produktas\/d-lab-pro-kolagenas-plauku-slinkimo-mazinimui-ir-atstatymui\/","title":{"rendered":"D- LAB Pro-Collagen matu izkri\u0161anas samazin\u0101\u0161anai un atjauno\u0161anai"},"content":{"rendered":"<p><strong>K\u0101 lietot:<\/strong><br>1 m\u0113rkarote (apm\u0113ram 5,8 g) dien\u0101 - iz\u0161\u0137\u012bdin\u0101t gl\u0101z\u0113 \u016bdens, piena vai augu dz\u0113riena.<br>Vislab\u0101k lietot no r\u012bta. Viena burka 28 dienu kursam. Maksim\u0101lu rezult\u0101tu sasnieg\u0161anai ieteicams lietot <strong>3 m\u0113ne\u0161u kurss<\/strong>.<\/p>\n\n\n\n<p><strong>Galven\u0101s sast\u0101vda\u013cas:<\/strong><br>Hidroliz\u0113ts j\u016bras kolag\u0113ns, biot\u012bns, cinks, kerat\u012bna aminosk\u0101bes, hialuronsk\u0101be, C vitam\u012bns, B6 vitam\u012bns, bambusa ekstrakts (silikons), kakao pulveris.<br><br>Ra\u017eots Francij\u0101, pamatojoties uz <strong>jaun\u0101kie p\u0113t\u012bjumi un augst\u0101kie kvalit\u0101tes standarti.<\/strong>, \u0161\u012b formula iemieso visaptvero\u0161u pieeju skaistumam un vesel\u012bbai. Katra sast\u0101vda\u013ca ir izv\u0113l\u0113ta, \u0146emot v\u0113r\u0101 t\u0101s prec\u012bzu biosader\u012bbu, lai nodro\u0161in\u0101tu optim\u0101lu uzturvielu uzs\u016bk\u0161anos organism\u0101.<\/p>\n\n\n\n<p>\u0160is papildin\u0101jums ne tikai <strong>pal\u012bdz nov\u0113rst matu izkri\u0161anu<\/strong>, bet ar\u012b <strong>aktiviz\u0113 dabisk\u0101s re\u0123ener\u0101cijas procesus.<\/strong>stimul\u0113 jaunu, sp\u0113c\u012bg\u0101ku matu aug\u0161anu. Pateicoties r\u016bp\u012bgi sabalans\u0113tajam sast\u0101vam, tas vienlaikus <strong>uzlabo \u0101das elast\u012bbu<\/strong>, atbalsta <strong>nagu iztur\u012bba<\/strong> un pal\u012bdz c\u012bn\u012bties pret <strong>ikdienas oksidat\u012bvais stress<\/strong>kas pa\u0101trina noveco\u0161an\u0101s paz\u012bmes.<\/p>\n\n\n\n<p>Tas ir \u012bsts <strong>\"skaistums no iek\u0161ienes\"<\/strong> risin\u0101jums ir skaistums no iek\u0161ienes, nevis no \u0101rpuses. Regul\u0101ra lieto\u0161ana pak\u0101peniski atjauno dabisko vitalit\u0101ti, pie\u0161\u0137irot matiem vesel\u012bgu sp\u012bdumu, \u0101dai t\u012bru sejas kr\u0101su un nagiem sp\u0113ku.<\/p>\n\n\n\n<p><strong>P\u0101rtikas apstr\u0101des sertifik\u0101ts:\u00a0<\/strong>69MTSPA-667<\/p>","protected":false},"excerpt":{"rendered":"<p data-start=\"0\" data-end=\"412\"><strong data-start=\"17\" data-end=\"68\">D-LAB Nutricosmetics PRO-COLLAG\u00c8NE CHEVEUX 360\u00b0<\/strong> - Ekskluz\u012bvs skaistumkop\u0161anas papildin\u0101jums, kas paredz\u0113ts, lai atjaunotu matu sp\u0113ku, bl\u012bvumu un dabisko sp\u012bdumu no iek\u0161ienes. T\u0101 uzlabot\u0101 formula apvieno <strong data-start=\"198\" data-end=\"217\">j\u016bras kolag\u0113ns<\/strong>, <strong data-start=\"219\" data-end=\"230\">biot\u012bns<\/strong>, <strong data-start=\"232\" data-end=\"252\">hialuronsk\u0101be<\/strong>, <strong data-start=\"254\" data-end=\"270\">aminosk\u0101be<\/strong> un <strong data-start=\"275\" data-end=\"300\">augu ekstrakti<\/strong>kas darbojas siner\u0123iski, lai barotu matu folikulus, aktiviz\u0113tu kerat\u012bna ra\u017eo\u0161anu un atjaunotu boj\u0101t\u0101s strukt\u016bras. At\u0161\u0137ir\u012bb\u0101 no parastajiem uztura bag\u0101tin\u0101t\u0101jiem vai kosm\u0113tikas l\u012bdzek\u013ciem \u0161is dz\u0113riens darbojas <strong data-start=\"479\" data-end=\"495\">visaptvero\u0161s<\/strong>: samazina matu izkri\u0161anu, stiprina matu saknes, palielina elast\u012bbu un atjauno dabisko apjomu. Pateicoties vieglajam <strong data-start=\"604\" data-end=\"622\">kakao gar\u0161a<\/strong> tas k\u013c\u016bst par ikdienas prieku, nevis pien\u0101kumu. Regul\u0101ra lieto\u0161ana ac\u012bmredzami uzlabo matu st\u0101vokli, padarot tos bl\u012bv\u0101kus, m\u012bkst\u0101kus, maz\u0101k trauslus un dz\u012bv\u012bg\u0101kus. <\/p>\n<p><strong>K\u0101p\u0113c izv\u0113l\u0113ties:<br \/><\/strong> \u2714\ufe0f Tr\u012bsk\u0101r\u0161a iedarb\u012bba - aptur matu izkri\u0161anu, stiprina matu saknes un stimul\u0113 jaunu matu aug\u0161anu.<br \/>\u2714\ufe0f Bag\u0101tin\u0101ts ar kolag\u0113nu, cinku, biot\u012bnu, kerat\u012bna aminosk\u0101b\u0113m un hialuronsk\u0101bi.<br \/>\u2714\ufe0f Uzlabo matu strukt\u016bru, sp\u012bdumu un elast\u012bbu.<br \/>\u2714\ufe0f Kakao pat\u012bkam\u0101 gar\u0161a - viegli pievienojama ikdienas rut\u012bnai.<br \/>\u2714\ufe0f Izstr\u0101d\u0101ts un p\u0101rbaud\u012bts Francijas laboratorij\u0101s - augstas kvalit\u0101tes garantija.<\/p>","protected":false},"featured_media":40559,"comment_status":"open","ping_status":"closed","template":"","meta":{"_acf_changed":false},"product_brand":[419],"product_cat":[123,273,275],"product_tag":[],"class_list":{"0":"post-40558","1":"product","2":"type-product","3":"status-publish","4":"has-post-thumbnail","6":"product_brand-d-lab","7":"product_cat-papildai-ilgaamziskumui","8":"product_cat-odai-plaukams-nagams","9":"product_cat-plauku-ir-nagu-prieziura","11":"first","12":"instock","13":"shipping-taxable","14":"purchasable","15":"product-type-simple"},"acf":[],"tiered_pricing_type":"fixed","tiered_pricing_fixed_rules":[],"tiered_pricing_product_settings":{"layout":"default","base_unit_name":{"singular":null,"plural":null},"default_variation":null},"tiered_pricing_minimum_quantity":null,"tiered_pricing_roles_data":[],"tiered_pricing_percentage_rules":[],"_links":{"self":[{"href":"https:\/\/purama.lt\/lv\/wp-json\/wp\/v2\/product\/40558","targetHints":{"allow":["GET"]}}],"collection":[{"href":"https:\/\/purama.lt\/lv\/wp-json\/wp\/v2\/product"}],"about":[{"href":"https:\/\/purama.lt\/lv\/wp-json\/wp\/v2\/types\/product"}],"replies":[{"embeddable":true,"href":"https:\/\/purama.lt\/lv\/wp-json\/wp\/v2\/comments?post=40558"}],"wp:featuredmedia":[{"embeddable":true,"href":"https:\/\/purama.lt\/lv\/wp-json\/wp\/v2\/media\/40559"}],"wp:attachment":[{"href":"https:\/\/purama.lt\/lv\/wp-json\/wp\/v2\/media?parent=40558"}],"wp:term":[{"taxonomy":"product_brand","embeddable":true,"href":"https:\/\/purama.lt\/lv\/wp-json\/wp\/v2\/product_brand?post=40558"},{"taxonomy":"product_cat","embeddable":true,"href":"https:\/\/purama.lt\/lv\/wp-json\/wp\/v2\/product_cat?post=40558"},{"taxonomy":"product_tag","embeddable":true,"href":"https:\/\/purama.lt\/lv\/wp-json\/wp\/v2\/product_tag?post=40558"}],"curies":[{"name":"wp","href":"https:\/\/api.w.org\/{rel}","templated":true}]}}