{"id":40547,"date":"2025-10-10T12:16:02","date_gmt":"2025-10-10T10:16:02","guid":{"rendered":"https:\/\/purama.lt\/?post_type=product&#038;p=40547"},"modified":"2026-04-04T09:04:43","modified_gmt":"2026-04-04T07:04:43","slug":"slavu-laboratorijas-metileto-b-vitaminu-komplekss","status":"publish","type":"product","link":"https:\/\/purama.lt\/lv\/produktas\/slavic-labs-metilintas-b-grupes-vitaminu-kompleksas\/","title":{"rendered":"Slavic labs Metil\u0113to B vitam\u012bnu komplekss"},"content":{"rendered":"<p><strong>Pat\u0113ri\u0146\u0161<\/strong><br>Lietojiet 1 kapsulu 1 reizi dien\u0101, v\u0113lams no r\u012bta, uzdzerot \u016bdeni.<br>Nep\u0101rsniedziet ieteicamo dienas devu; uztura bag\u0101tin\u0101t\u0101js neaizst\u0101j sabalans\u0113tu uzturu.<br>Nav ieteicams lietot gr\u016btniec\u012bbas un z\u012bd\u012b\u0161anas laik\u0101, b\u0113rniem l\u012bdz 18 gadu vecumam; nelietot, ja ir paaugstin\u0101ta jut\u012bba pret sast\u0101vda\u013c\u0101m.<\/p>\n\n\n\n<p><strong>Sast\u0101vda\u013cas<\/strong><br>pantot\u0113nsk\u0101be (kalcija d-pantoten\u0101ts), tiam\u012bns (tiam\u012bna hidrohlor\u012bds), hol\u012bna divin\u0101ts, mioinozitols, riboflav\u012bns - B2 vitam\u012bns, p-aminobenzosk\u0101be (paba), B6 vitam\u012bns (piridoksalo-5-fosf\u0101ts), nikot\u012bnsk\u0101bes am\u012bds (niac\u012bns), b2 vitam\u012bns (riboflav\u012bns), b2 vitam\u012bns (riboflav\u012bna 5\u2019-fosf\u0101ts), folijsk\u0101be (((6s)-5-metiletiletetrahidrofola glikozam\u012bna s\u0101ls), beta\u012bna hidrohlor\u012bds, biot\u012bns (d-biot\u012bns), b12 vitam\u012bns (metilkobalam\u012bns), hidroksipropilmetilceluloze.<\/p>","protected":false},"excerpt":{"rendered":"<p data-start=\"0\" data-end=\"571\"><strong data-start=\"16\" data-end=\"54\">Slavic Labs - B-komplekss metil\u0113ts<\/strong> - Bioakt\u012bvs (metil\u0113ts) B vitam\u012bnu komplekss ikdienas ener\u0123ijas metabolisma, nervu sist\u0113mas un psiholo\u0123isko funkciju atbalstam. Formul\u0101 izmantotas \u0161\u0101das akt\u012bv\u0101s formas <strong data-start=\"245\" data-end=\"271\">Metilkobalam\u012bns (B12)<\/strong>, <strong data-start=\"273\" data-end=\"305\">5-MTHF (akt\u012bv\u0101 fol\u0101tu forma)<\/strong> un <strong data-start=\"309\" data-end=\"323\">P-5-P (B6)<\/strong>, Tas padara to par \u0113rtu izv\u0113li tiem, kas mekl\u0113 \u201egatavas\u201c B grupas vitam\u012bnu formas. Papildin\u0101ts ar beta\u012bnu, hol\u012bnu un mio-inositolu, un formul\u0113ts jut\u012bg\u0101kiem cilv\u0113kiem - bez lipek\u013ca, laktozes, sojas, \u0122MO un cukura.<\/p>\n<p data-start=\"573\" data-end=\"854\"><strong data-start=\"573\" data-end=\"596\">K\u0101p\u0113c izv\u0113l\u0113ties<\/strong><br data-start=\"596\" data-end=\"599\" \/><strong data-start=\"599\" data-end=\"605\">\u2714\ufe0f<\/strong> bioakt\u012bv\u0101s, metil\u0113t\u0101s B grupas vitam\u012bnu formas.<br data-start=\"647\" data-end=\"650\" \/><strong data-start=\"650\" data-end=\"656\">\u2714\ufe0f<\/strong> ar 5-MTHF, metilkobalam\u012bnu un P-5-P<br data-start=\"692\" data-end=\"695\" \/><strong data-start=\"695\" data-end=\"701\">\u2714\ufe0f<\/strong> papildin\u0101ta ar beta\u012bnu, hol\u012bnu, mioinozitolu un PABA.<br data-start=\"752\" data-end=\"755\" \/><strong data-start=\"755\" data-end=\"761\">\u2714\ufe0f<\/strong> Bez lipek\u013ca, bez laktozes, bez sojas, bez \u0122MO un bez cukura.<br data-start=\"804\" data-end=\"807\" \/><strong data-start=\"807\" data-end=\"813\">\u2714\ufe0f<\/strong> \u0112rti lietot katru dienu - 1 kapsula dien\u0101<\/p>","protected":false},"featured_media":40548,"comment_status":"open","ping_status":"closed","template":"","meta":{"_acf_changed":true},"product_brand":[455],"product_cat":[123,260,253,252],"product_tag":[],"class_list":{"0":"post-40547","1":"product","2":"type-product","3":"status-publish","4":"has-post-thumbnail","6":"product_brand-slavic-labs","7":"product_cat-papildai-ilgaamziskumui","8":"product_cat-energijai-ir-apykaitai","9":"product_cat-imuniteto-palaikymas","10":"product_cat-imunitetui","12":"first","13":"outofstock","14":"shipping-taxable","15":"purchasable","16":"product-type-simple"},"acf":[],"tiered_pricing_type":"fixed","tiered_pricing_fixed_rules":[],"tiered_pricing_product_settings":{"layout":"default","base_unit_name":{"singular":null,"plural":null},"default_variation":null},"tiered_pricing_minimum_quantity":null,"tiered_pricing_roles_data":[],"tiered_pricing_percentage_rules":[],"_links":{"self":[{"href":"https:\/\/purama.lt\/lv\/wp-json\/wp\/v2\/product\/40547","targetHints":{"allow":["GET"]}}],"collection":[{"href":"https:\/\/purama.lt\/lv\/wp-json\/wp\/v2\/product"}],"about":[{"href":"https:\/\/purama.lt\/lv\/wp-json\/wp\/v2\/types\/product"}],"replies":[{"embeddable":true,"href":"https:\/\/purama.lt\/lv\/wp-json\/wp\/v2\/comments?post=40547"}],"wp:featuredmedia":[{"embeddable":true,"href":"https:\/\/purama.lt\/lv\/wp-json\/wp\/v2\/media\/40548"}],"wp:attachment":[{"href":"https:\/\/purama.lt\/lv\/wp-json\/wp\/v2\/media?parent=40547"}],"wp:term":[{"taxonomy":"product_brand","embeddable":true,"href":"https:\/\/purama.lt\/lv\/wp-json\/wp\/v2\/product_brand?post=40547"},{"taxonomy":"product_cat","embeddable":true,"href":"https:\/\/purama.lt\/lv\/wp-json\/wp\/v2\/product_cat?post=40547"},{"taxonomy":"product_tag","embeddable":true,"href":"https:\/\/purama.lt\/lv\/wp-json\/wp\/v2\/product_tag?post=40547"}],"curies":[{"name":"wp","href":"https:\/\/api.w.org\/{rel}","templated":true}]}}