{"id":40313,"date":"2025-10-08T08:10:53","date_gmt":"2025-10-08T06:10:53","guid":{"rendered":"https:\/\/purama.lt\/produktas\/bloodo-vitamino-d-testas\/"},"modified":"2025-11-11T14:00:05","modified_gmt":"2025-11-11T12:00:05","slug":"d-vitamina-tests-asinis","status":"publish","type":"product","link":"https:\/\/purama.lt\/lv\/produktas\/bloodo-vitamino-d-testas\/","title":{"rendered":"BLOODO D vitam\u012bna tests"},"content":{"rendered":"","protected":false},"excerpt":{"rendered":"<p>D vitam\u012bna tests - j\u016bsu vesel\u012bbas un imunit\u0101tes pamats<\/p>\n<p>D vitam\u012bna tests pal\u012bdz noteikt D vitam\u012bna (D2 + D3) l\u012bmeni asin\u012bs. \u0160is vitam\u012bns ir \u013coti svar\u012bgs kaulu stipr\u012bbai, imunit\u0101tes darb\u012bbai, gar\u012bgajai vesel\u012bbai un visp\u0101r\u0113jai labsaj\u016btai. Tests sniedz skaidru priek\u0161statu par D vitam\u012bna st\u0101vokli j\u016bsu organism\u0101, \u013caujot jums veikt pareizos pas\u0101kumus, lai nov\u0113rstu t\u0101 tr\u016bkumu vai p\u0101rpalikumu.<\/p>\n<p>Galvenie ieguvumi<\/p>\n<p>Veic licenc\u0113t\u0101 kl\u012bniskaj\u0101 laboratorij\u0101.<\/p>\n<p>Tiek izmantota LC-MS\/MS metode, kas nodro\u0161ina \u013coti prec\u012bzus rezult\u0101tus.<\/p>\n<p>Bezmaksas pieg\u0101de vis\u0101 ES.<\/p>\n<p>Ko uzzin\u0101siet, veicot D vitam\u012bna testu<\/p>\n<p>\u0160is tests pal\u012bdz nov\u0113rt\u0113t, vai j\u016bsu organism\u0101 ir pietiekami daudz saules vitam\u012bna, un sniedz jums iesp\u0113ju:<\/p>\n<p>Uzraugiet D vitam\u012bna (D2+D3) statusu.<\/p>\n<p>stiprina kaulus un im\u016bnsist\u0113mu.<\/p>\n<p>Uztur\u0113t gar\u012bgo un emocion\u0101lo vesel\u012bbu.<\/p>\n<p>Uzlabo visp\u0101r\u0113jo labsaj\u016btu un ener\u0123ijas l\u012bdzsvaru.<\/p>\n<p>K\u0101p\u0113c ir svar\u012bgi kontrol\u0113t D vitam\u012bna l\u012bmeni<\/p>\n<p>D vitam\u012bns regul\u0113 kalcija un fosfora uzs\u016bk\u0161anos, t\u0101p\u0113c tas ir svar\u012bgs kaulu stipr\u012bbai.<\/p>\n<p>Tas veicina sp\u0113c\u012bgu im\u016bnsist\u0113mu un samazina infekciju risku.<\/p>\n<p>Defic\u012bts ir saist\u012bts ar nogurumu, garast\u0101vok\u013ca sv\u0101rst\u012bb\u0101m un osteoporozes risku.<\/p>\n<p>Optim\u0101la koncentr\u0101cija pal\u012bdz nodro\u0161in\u0101t labu pa\u0161saj\u016btu visos gadalaikos, jo \u012bpa\u0161i valst\u012bs, kur\u0101s ir maz\u0101k saules gaismas.<\/p>\n<p>K\u0101p\u0113c izv\u0113l\u0113ties \u0161o testu<\/p>\n<p>\u2714\ufe0f Prec\u012bza D vitam\u012bna (D2+D3) noteik\u0161ana, izmantojot uzlabotu LC-MS\/MS.<br \/>\n\u2714\ufe0f \u013bauj savlaic\u012bgi konstat\u0113t tr\u016bkumu vai p\u0101rpalikumu.<br \/>\n\u2714\ufe0f Pal\u012bdz piel\u0101got uztura bag\u0101tin\u0101t\u0101jus un di\u0113tu.<br \/>\n\u2714\ufe0f Svar\u012bgi kaulu, imunit\u0101tes un gar\u012bg\u0101s vesel\u012bbas uztur\u0113\u0161anai.<\/p>","protected":false},"featured_media":40317,"comment_status":"open","ping_status":"closed","template":"","meta":{"_acf_changed":false},"product_brand":[411],"product_cat":[97,75],"product_tag":[],"class_list":{"0":"post-40313","1":"product","2":"type-product","3":"status-publish","4":"has-post-thumbnail","6":"product_brand-bloodo","7":"product_cat-tyrimai","8":"product_cat-sveikatos-testai","10":"first","11":"instock","12":"shipping-taxable","13":"purchasable","14":"product-type-simple"},"acf":[],"tiered_pricing_type":"fixed","tiered_pricing_fixed_rules":[],"tiered_pricing_product_settings":{"layout":"default","base_unit_name":{"singular":null,"plural":null},"default_variation":null},"tiered_pricing_minimum_quantity":null,"tiered_pricing_roles_data":[],"tiered_pricing_percentage_rules":[],"_links":{"self":[{"href":"https:\/\/purama.lt\/lv\/wp-json\/wp\/v2\/product\/40313","targetHints":{"allow":["GET"]}}],"collection":[{"href":"https:\/\/purama.lt\/lv\/wp-json\/wp\/v2\/product"}],"about":[{"href":"https:\/\/purama.lt\/lv\/wp-json\/wp\/v2\/types\/product"}],"replies":[{"embeddable":true,"href":"https:\/\/purama.lt\/lv\/wp-json\/wp\/v2\/comments?post=40313"}],"wp:featuredmedia":[{"embeddable":true,"href":"https:\/\/purama.lt\/lv\/wp-json\/wp\/v2\/media\/40317"}],"wp:attachment":[{"href":"https:\/\/purama.lt\/lv\/wp-json\/wp\/v2\/media?parent=40313"}],"wp:term":[{"taxonomy":"product_brand","embeddable":true,"href":"https:\/\/purama.lt\/lv\/wp-json\/wp\/v2\/product_brand?post=40313"},{"taxonomy":"product_cat","embeddable":true,"href":"https:\/\/purama.lt\/lv\/wp-json\/wp\/v2\/product_cat?post=40313"},{"taxonomy":"product_tag","embeddable":true,"href":"https:\/\/purama.lt\/lv\/wp-json\/wp\/v2\/product_tag?post=40313"}],"curies":[{"name":"wp","href":"https:\/\/api.w.org\/{rel}","templated":true}]}}