{"id":40312,"date":"2025-10-08T08:10:52","date_gmt":"2025-10-08T06:10:52","guid":{"rendered":"https:\/\/purama.lt\/produktas\/bloodo-nad-testas\/"},"modified":"2025-11-11T14:00:28","modified_gmt":"2025-11-11T12:00:28","slug":"asinis-virs-seklinieka","status":"publish","type":"product","link":"https:\/\/purama.lt\/lv\/produktas\/bloodo-nad-testas\/","title":{"rendered":"NAD tests asin\u012bs"},"content":{"rendered":"","protected":false},"excerpt":{"rendered":"<p>NAD l\u012bme\u0146a tests - \u0161\u016bnu ener\u0123ijas un noveco\u0161an\u0101s kontrole<\/p>\n<p>NAD l\u012bme\u0146a tests pal\u012bdz noteikt NAD\u207a un NADH l\u012bmeni organism\u0101, kas ir vieni no svar\u012bg\u0101kajiem koenz\u012bmiem, kuri atbild par ener\u0123ijas ra\u017eo\u0161anu, \u0161\u016bnu atjauno\u0161anos un noveco\u0161an\u0101s procesa regul\u0113\u0161anu. NAD l\u012bme\u0146u monitorings \u013cauj lab\u0101k izprast vielmai\u0146u j\u016bsu organism\u0101 un savlaic\u012bgi r\u012bkoties, lai dz\u012bvotu ilg\u0101k un vesel\u012bg\u0101k.<\/p>\n<p>Galvenie ieguvumi<\/p>\n<p>Veic licenc\u0113t\u0101 kl\u012bniskaj\u0101 laboratorij\u0101.<\/p>\n<p>Lai nodro\u0161in\u0101tu precizit\u0101ti un uzticam\u012bbu, tiek izmantota enzim\u0101tisk\u0101 ciklisk\u0101 anal\u012bze.<\/p>\n<p>Bezmaksas pieg\u0101de vis\u0101 ES.<\/p>\n<p>Ko uzzin\u0101siet no NAD testa<\/p>\n<p>\u0160is tests sniedz detaliz\u0113tu inform\u0101ciju par j\u016bsu ener\u0123ijas rezerv\u0113m \u0161\u016bnu l\u012bmen\u012b un pal\u012bdz:<\/p>\n<p>Uzraugiet \u0161\u016bnu ener\u0123ijas l\u012bmeni.<\/p>\n<p>Agri pamaniet agr\u012bnas noveco\u0161an\u0101s paz\u012bmes.<\/p>\n<p>Optimiz\u0113 ener\u0123ijas vielmai\u0146u organism\u0101.<\/p>\n<p>Uzlabo gar\u012bgo skaidr\u012bbu un fizisko iztur\u012bbu.<\/p>\n<p>K\u0101p\u0113c ir svar\u012bgi uzraudz\u012bt NAD l\u012bmeni<\/p>\n<p>NAD\u207a ir iesaist\u012bts vair\u0101k nek\u0101 400 biolo\u0123iskaj\u0101s reakcij\u0101s, kas saist\u012btas ar ener\u0123iju, DNS atjauno\u0161anu un \u0161\u016bnu ilgm\u016b\u017e\u012bbu.<\/p>\n<p>NAD l\u012bme\u0146a samazin\u0101\u0161an\u0101s ir saist\u012bta ar noveco\u0161anu, slikt\u0101ku ener\u0123ijas ra\u017eo\u0161anu un liel\u0101ku hronisku slim\u012bbu risku.<\/p>\n<p>NAD l\u012bme\u0146a monitor\u0113\u0161ana \u013cauj individu\u0101li piel\u0101got dz\u012bvesveidu vai uztura bag\u0101tin\u0101t\u0101jus (piem\u0113ram, NMN, NR, sirtu\u012bnu aktivatorus), lai uztur\u0113tu optim\u0101lu vielmai\u0146u.<\/p>\n<p>K\u0101p\u0113c izv\u0113l\u0113ties \u0161o testu<\/p>\n<p>\u2714\ufe0f Sniedz skaidru priek\u0161statu par j\u016bsu \u0161\u016bnu ener\u0123ijas l\u012bmeni.<br \/>\n\u2714\ufe0f \u013bauj agr\u012bni paman\u012bt noveco\u0161an\u0101s paz\u012bmes.<br \/>\n\u2714\ufe0f Izmanto fermentat\u012bvo precizit\u0101tes metodi.<br \/>\n\u2714\ufe0f Pal\u012bdz personaliz\u0113t vesel\u012bbas apr\u016bpi ilgm\u016b\u017e\u012bbai.<\/p>","protected":false},"featured_media":40319,"comment_status":"open","ping_status":"closed","template":"","meta":{"_acf_changed":false},"product_brand":[411],"product_cat":[97,75],"product_tag":[],"class_list":{"0":"post-40312","1":"product","2":"type-product","3":"status-publish","4":"has-post-thumbnail","6":"product_brand-bloodo","7":"product_cat-tyrimai","8":"product_cat-sveikatos-testai","10":"first","11":"instock","12":"shipping-taxable","13":"purchasable","14":"product-type-simple"},"acf":[],"tiered_pricing_type":"fixed","tiered_pricing_fixed_rules":[],"tiered_pricing_product_settings":{"layout":"default","base_unit_name":{"singular":null,"plural":null},"default_variation":null},"tiered_pricing_minimum_quantity":null,"tiered_pricing_roles_data":[],"tiered_pricing_percentage_rules":[],"_links":{"self":[{"href":"https:\/\/purama.lt\/lv\/wp-json\/wp\/v2\/product\/40312","targetHints":{"allow":["GET"]}}],"collection":[{"href":"https:\/\/purama.lt\/lv\/wp-json\/wp\/v2\/product"}],"about":[{"href":"https:\/\/purama.lt\/lv\/wp-json\/wp\/v2\/types\/product"}],"replies":[{"embeddable":true,"href":"https:\/\/purama.lt\/lv\/wp-json\/wp\/v2\/comments?post=40312"}],"wp:featuredmedia":[{"embeddable":true,"href":"https:\/\/purama.lt\/lv\/wp-json\/wp\/v2\/media\/40319"}],"wp:attachment":[{"href":"https:\/\/purama.lt\/lv\/wp-json\/wp\/v2\/media?parent=40312"}],"wp:term":[{"taxonomy":"product_brand","embeddable":true,"href":"https:\/\/purama.lt\/lv\/wp-json\/wp\/v2\/product_brand?post=40312"},{"taxonomy":"product_cat","embeddable":true,"href":"https:\/\/purama.lt\/lv\/wp-json\/wp\/v2\/product_cat?post=40312"},{"taxonomy":"product_tag","embeddable":true,"href":"https:\/\/purama.lt\/lv\/wp-json\/wp\/v2\/product_tag?post=40312"}],"curies":[{"name":"wp","href":"https:\/\/api.w.org\/{rel}","templated":true}]}}