{"id":40311,"date":"2025-10-08T08:10:51","date_gmt":"2025-10-08T06:10:51","guid":{"rendered":"https:\/\/purama.lt\/produktas\/bloodo-omega-lygio-testas\/"},"modified":"2025-11-11T14:00:35","modified_gmt":"2025-11-11T12:00:35","slug":"omega-limena-tests-asinis","status":"publish","type":"product","link":"https:\/\/purama.lt\/lv\/produktas\/bloodo-omega-lygio-testas\/","title":{"rendered":"BLOODO Omega l\u012bme\u0146a tests"},"content":{"rendered":"","protected":false},"excerpt":{"rendered":"<p>Omega tauksk\u0101bju attiec\u012bbas tests - visaptvero\u0161a j\u016bsu vesel\u012bbas anal\u012bze<\/p>\n<p>Omega attiec\u012bbu tests ir visaptvero\u0161s tests, lai noteiktu neaizvietojamo tauksk\u0101bju (Omega-3, Omega-6, Omega-9 u. c.) l\u012bmeni organism\u0101 un to savstarp\u0113jo l\u012bdzsvaru. \u0160o tauksk\u0101bju attiec\u012bba ir b\u016btiska sirds un asinsvadu vesel\u012bbai, imunit\u0101tei, smadze\u0146u darb\u012bbai un visp\u0101r\u0113jai organisma iztur\u012bbai. Galvenie ieguvumi<\/p>\n<p>Veic licenc\u0113t\u0101 kl\u012bniskaj\u0101 laboratorij\u0101.<\/p>\n<p>Precizit\u0101ti nodro\u0161ina GC\/MS, kas \u013cauj \u013coti prec\u012bzi noteikt tauksk\u0101bju l\u012bmeni.<\/p>\n<p>Bezmaksas pieg\u0101de vis\u0101 ES.<\/p>\n<p>Ko atkl\u0101j Omega attiec\u012bbas tests<\/p>\n<p>\u0160is tests par\u0101da ne tikai omega tauksk\u0101bju koncentr\u0101ciju asin\u012bs, bet ar\u012b omega tauksk\u0101bju attiec\u012bbu organism\u0101, kas ir b\u016btiska optim\u0101lai organisma darb\u012bbai. Tas \u013cauj jums:<\/p>\n<p>Uzlabo sirds darb\u012bbu un pazemina holester\u012bna l\u012bmeni.<\/p>\n<p>Uzlabo smadze\u0146u darb\u012bbu un im\u016bnsist\u0113mas reakciju.<\/p>\n<p>mazina iekaisumu un pa\u0101trina organisma atvese\u013co\u0161anos.<\/p>\n<p>Tauku sk\u0101bju attiec\u012bbas l\u012bdzsvaro\u0161ana lab\u0101kai visp\u0101r\u0113jai labsaj\u016btai.<\/p>\n<p>K\u0101p\u0113c ir svar\u012bgs omega sk\u0101bes l\u012bdzsvars<\/p>\n<p>Omega-3 ir \u013coti svar\u012bgas sirds un asinsvadu vesel\u012bbai, smadze\u0146u darb\u012bbai un nervu sist\u0113mai.<\/p>\n<p>Omega-6 ir nepiecie\u0161amas aug\u0161anai, ener\u0123ijai un imunit\u0101tei, ta\u010du to p\u0101rpalikums var veicin\u0101t iekaisumu.<\/p>\n<p>Omega-9 veicina sirds darb\u012bbu, holester\u012bna l\u012bdzsvaru un visp\u0101r\u0113jo vielmai\u0146u.<\/p>\n<p>Neatbilsto\u0161s \u0161o sk\u0101bju daudzums var palielin\u0101t sirds slim\u012bbu, iekaisuma procesu vai kognit\u012bvo trauc\u0113jumu risku.<\/p>\n<p>K\u0101p\u0113c izv\u0113l\u0113ties \u0161o testu<\/p>\n<p>\u2714\ufe0f Par\u0101da ne tikai omega sk\u0101bes, bet ar\u012b to l\u012bdzsvaru.<br \/>\n\u2714\ufe0f Veikts, izmantojot GC\/MS augstas precizit\u0101tes tehnolo\u0123iju.<br \/>\n\u2714\ufe0f Pal\u012bdz individualiz\u0113t uzturu un uztura bag\u0101tin\u0101t\u0101ju lieto\u0161anu atbilsto\u0161i j\u016bsu individu\u0101laj\u0101m vajadz\u012bb\u0101m.<br \/>\n\u2714\ufe0f Tas ir \u012bpa\u0161i svar\u012bgs sirds, smadze\u0146u un im\u016bnsist\u0113mas vesel\u012bbai ilgtermi\u0146\u0101.<\/p>","protected":false},"featured_media":40316,"comment_status":"open","ping_status":"closed","template":"","meta":{"_acf_changed":false},"product_brand":[411],"product_cat":[97,75],"product_tag":[],"class_list":{"0":"post-40311","1":"product","2":"type-product","3":"status-publish","4":"has-post-thumbnail","6":"product_brand-bloodo","7":"product_cat-tyrimai","8":"product_cat-sveikatos-testai","10":"first","11":"instock","12":"shipping-taxable","13":"purchasable","14":"product-type-simple"},"acf":[],"tiered_pricing_type":"fixed","tiered_pricing_fixed_rules":[],"tiered_pricing_product_settings":{"layout":"default","base_unit_name":{"singular":null,"plural":null},"default_variation":null},"tiered_pricing_minimum_quantity":null,"tiered_pricing_roles_data":[],"tiered_pricing_percentage_rules":[],"_links":{"self":[{"href":"https:\/\/purama.lt\/lv\/wp-json\/wp\/v2\/product\/40311","targetHints":{"allow":["GET"]}}],"collection":[{"href":"https:\/\/purama.lt\/lv\/wp-json\/wp\/v2\/product"}],"about":[{"href":"https:\/\/purama.lt\/lv\/wp-json\/wp\/v2\/types\/product"}],"replies":[{"embeddable":true,"href":"https:\/\/purama.lt\/lv\/wp-json\/wp\/v2\/comments?post=40311"}],"wp:featuredmedia":[{"embeddable":true,"href":"https:\/\/purama.lt\/lv\/wp-json\/wp\/v2\/media\/40316"}],"wp:attachment":[{"href":"https:\/\/purama.lt\/lv\/wp-json\/wp\/v2\/media?parent=40311"}],"wp:term":[{"taxonomy":"product_brand","embeddable":true,"href":"https:\/\/purama.lt\/lv\/wp-json\/wp\/v2\/product_brand?post=40311"},{"taxonomy":"product_cat","embeddable":true,"href":"https:\/\/purama.lt\/lv\/wp-json\/wp\/v2\/product_cat?post=40311"},{"taxonomy":"product_tag","embeddable":true,"href":"https:\/\/purama.lt\/lv\/wp-json\/wp\/v2\/product_tag?post=40311"}],"curies":[{"name":"wp","href":"https:\/\/api.w.org\/{rel}","templated":true}]}}