{"id":39302,"date":"2025-09-16T08:11:09","date_gmt":"2025-09-16T06:11:09","guid":{"rendered":"https:\/\/purama.lt\/produktas\/medicube-skaistinantis-ir-stangrinamasis-veido-kremas\/"},"modified":"2026-04-10T13:03:31","modified_gmt":"2026-04-10T11:03:31","slug":"medicube-balinoss-un-nostiprinoss-sejas-krems","status":"publish","type":"product","link":"https:\/\/purama.lt\/lv\/produktas\/medicube-skaistinantis-ir-stangrinamasis-veido-kremas\/","title":{"rendered":"Medicube Deep Vita C Capsule Cream skaistino\u0161s un tvirtino\u0161s sejas kr\u0113ms"},"content":{"rendered":"<p><strong>Galven\u0101s sast\u0101vda\u013cas:<\/strong> C vitam\u012bns un t\u0101 atvasin\u0101jumi, smilts\u0113rk\u0161\u0137u ekstrakts, niacinam\u012bds, ferul\u012bnsk\u0101be, E vitam\u012bns, hialuronsk\u0101bes komplekss mitrin\u0101\u0161anai.<\/p>","protected":false},"excerpt":{"rendered":"<p data-start=\"74\" data-end=\"296\">Kr\u0113ms ar koncentr\u0113tu C vitam\u012bnu un smilts\u0113rk\u0161\u0137u ekstraktu kapsul\u0101s. Kapsulas nodro\u0161ina C vitam\u012bna stabilit\u0101ti un efekt\u012bvu uzs\u016bk\u0161anos. Kr\u0113ms padara \u0101du gai\u0161\u0101ku, tvirt\u0101ku un pie\u0161\u0137ir tai vesel\u012bgu mirdzumu.<\/p>\n<p data-start=\"298\" data-end=\"593\"><strong data-start=\"298\" data-end=\"322\">K\u0101p\u0113c izv\u0113l\u0113ties:<\/strong><br data-start=\"322\" data-end=\"325\" \/>\u2714\ufe0f C vitam\u012bns pal\u012bdz c\u012bn\u012bties pret pigment\u0101ciju un veicina kolag\u0113na veido\u0161anos.<br data-start=\"396\" data-end=\"399\" \/>\u2714\ufe0f smilts\u0113rk\u0161\u0137u ekstrakts (50 %), kas bag\u0101ts ar antioksidantiem un baro \u0101du.<br data-start=\"472\" data-end=\"475\" \/>\u2714\ufe0f Niacinamide izgaismo, stiprina \u0101das barjeru.<br data-start=\"522\" data-end=\"525\" \/>\u2714\ufe0f E vitam\u012bns un ferul\u012bnsk\u0101be pastiprina antioksidantu iedarb\u012bbu.<\/p>","protected":false},"featured_media":39308,"comment_status":"open","ping_status":"closed","template":"","meta":{"_acf_changed":false},"product_brand":[438],"product_cat":[92,500,55,59],"product_tag":[],"class_list":{"0":"post-39302","1":"product","2":"type-product","3":"status-publish","4":"has-post-thumbnail","6":"product_brand-medicube","7":"product_cat-groziui","8":"product_cat-outlet","9":"product_cat-veido-kremai","10":"product_cat-veidui","12":"first","13":"instock","14":"sale","15":"shipping-taxable","16":"purchasable","17":"product-type-simple"},"acf":[],"tiered_pricing_type":"fixed","tiered_pricing_fixed_rules":[],"tiered_pricing_product_settings":{"layout":"default","base_unit_name":{"singular":null,"plural":null},"default_variation":null},"tiered_pricing_minimum_quantity":null,"tiered_pricing_roles_data":[],"tiered_pricing_percentage_rules":[],"_links":{"self":[{"href":"https:\/\/purama.lt\/lv\/wp-json\/wp\/v2\/product\/39302","targetHints":{"allow":["GET"]}}],"collection":[{"href":"https:\/\/purama.lt\/lv\/wp-json\/wp\/v2\/product"}],"about":[{"href":"https:\/\/purama.lt\/lv\/wp-json\/wp\/v2\/types\/product"}],"replies":[{"embeddable":true,"href":"https:\/\/purama.lt\/lv\/wp-json\/wp\/v2\/comments?post=39302"}],"wp:featuredmedia":[{"embeddable":true,"href":"https:\/\/purama.lt\/lv\/wp-json\/wp\/v2\/media\/39308"}],"wp:attachment":[{"href":"https:\/\/purama.lt\/lv\/wp-json\/wp\/v2\/media?parent=39302"}],"wp:term":[{"taxonomy":"product_brand","embeddable":true,"href":"https:\/\/purama.lt\/lv\/wp-json\/wp\/v2\/product_brand?post=39302"},{"taxonomy":"product_cat","embeddable":true,"href":"https:\/\/purama.lt\/lv\/wp-json\/wp\/v2\/product_cat?post=39302"},{"taxonomy":"product_tag","embeddable":true,"href":"https:\/\/purama.lt\/lv\/wp-json\/wp\/v2\/product_tag?post=39302"}],"curies":[{"name":"wp","href":"https:\/\/api.w.org\/{rel}","templated":true}]}}