{"id":39299,"date":"2025-09-16T08:11:07","date_gmt":"2025-09-16T06:11:07","guid":{"rendered":"https:\/\/purama.lt\/produktas\/medicube-tonizuojancios-veido-pagalveles\/"},"modified":"2026-04-10T13:03:31","modified_gmt":"2026-04-10T11:03:31","slug":"medicube-arstnieciskie-sejas-spilveni","status":"publish","type":"product","link":"https:\/\/purama.lt\/lv\/produktas\/medicube-sveiciamosios-veido-pagalveles\/","title":{"rendered":"Medicube Zero Pore Pad 2.0 p\u012blinga sejas spilventi\u0146i"},"content":{"rendered":"<p><strong>Galven\u0101s sast\u0101vda\u013cas:<\/strong> Salicilsk\u0101be (BHA), AHA sk\u0101bes (lakt\u0101ts, citronsk\u0101be), glicer\u012bns un hialuronsk\u0101bes atvasin\u0101jumi mitrin\u0101\u0161anai, nomierino\u0161as sast\u0101vda\u013cas: alanto\u012bns, azi\u0101tisk\u0101 centella, aug\u013cu ekstrakti.<\/p>","protected":false},"excerpt":{"rendered":"<p data-start=\"0\" data-end=\"178\"><strong>Medicube Zero Pore Pad 2.0:<\/strong> Dubultas tekst\u016bras spilventi\u0146i, kas bag\u0101tin\u0101ti ar AHA un BHA sk\u0101b\u0113m. Tie efekt\u012bvi att\u012bra un p\u012blingo \u0101du, pal\u012bdzot sa\u0161aurin\u0101t poras un samazin\u0101t lieko taukain\u012bbu.<\/p>\n<p data-start=\"180\" data-end=\"454\"><strong data-start=\"180\" data-end=\"204\">K\u0101p\u0113c izv\u0113l\u0113ties:<\/strong><br data-start=\"204\" data-end=\"207\" \/>\u2714\ufe0f No\u0146em atmiru\u0161\u0101s \u0101das \u0161\u016bnas un lieko sebumu.<br data-start=\"259\" data-end=\"262\" data-is-only-node=\"\" \/>\u2714\ufe0f Samazina melnos punktus un aizs\u0113r\u0113ju\u0161as poras.<br data-start=\"304\" data-end=\"307\" \/>\u2714\ufe0f Dubult\u0101 virsma: viena puse paredz\u0113ta p\u012blingam, otra - \u0101das nomierin\u0101\u0161anai.<br data-start=\"382\" data-end=\"385\" \/>\u2714\ufe0f Piem\u0113rots ikdienas kop\u0161anai, lai padar\u012btu \u0101du gai\u0161\u0101ku un glud\u0101ku.<\/p>","protected":false},"featured_media":39305,"comment_status":"open","ping_status":"closed","template":"","meta":{"_acf_changed":true},"product_brand":[438],"product_cat":[92,150,59],"product_tag":[],"class_list":{"0":"post-39299","1":"product","2":"type-product","3":"status-publish","4":"has-post-thumbnail","6":"product_brand-medicube","7":"product_cat-groziui","8":"product_cat-veido-prausikliai","9":"product_cat-veidui","11":"first","12":"instock","13":"shipping-taxable","14":"purchasable","15":"product-type-simple"},"acf":[],"tiered_pricing_type":"fixed","tiered_pricing_fixed_rules":[],"tiered_pricing_product_settings":{"layout":"default","base_unit_name":{"singular":null,"plural":null},"default_variation":null},"tiered_pricing_minimum_quantity":null,"tiered_pricing_roles_data":[],"tiered_pricing_percentage_rules":[],"_links":{"self":[{"href":"https:\/\/purama.lt\/lv\/wp-json\/wp\/v2\/product\/39299","targetHints":{"allow":["GET"]}}],"collection":[{"href":"https:\/\/purama.lt\/lv\/wp-json\/wp\/v2\/product"}],"about":[{"href":"https:\/\/purama.lt\/lv\/wp-json\/wp\/v2\/types\/product"}],"replies":[{"embeddable":true,"href":"https:\/\/purama.lt\/lv\/wp-json\/wp\/v2\/comments?post=39299"}],"wp:featuredmedia":[{"embeddable":true,"href":"https:\/\/purama.lt\/lv\/wp-json\/wp\/v2\/media\/39305"}],"wp:attachment":[{"href":"https:\/\/purama.lt\/lv\/wp-json\/wp\/v2\/media?parent=39299"}],"wp:term":[{"taxonomy":"product_brand","embeddable":true,"href":"https:\/\/purama.lt\/lv\/wp-json\/wp\/v2\/product_brand?post=39299"},{"taxonomy":"product_cat","embeddable":true,"href":"https:\/\/purama.lt\/lv\/wp-json\/wp\/v2\/product_cat?post=39299"},{"taxonomy":"product_tag","embeddable":true,"href":"https:\/\/purama.lt\/lv\/wp-json\/wp\/v2\/product_tag?post=39299"}],"curies":[{"name":"wp","href":"https:\/\/api.w.org\/{rel}","templated":true}]}}