{"id":39298,"date":"2025-09-16T08:11:06","date_gmt":"2025-09-16T06:11:06","guid":{"rendered":"https:\/\/purama.lt\/produktas\/medicube-stangrinamasis-veido-serumas\/"},"modified":"2026-04-10T13:03:31","modified_gmt":"2026-04-10T11:03:31","slug":"medicube-nostiprinoss-sejas-serums","status":"publish","type":"product","link":"https:\/\/purama.lt\/lv\/produktas\/medicube-stangrinamasis-veido-serumas\/","title":{"rendered":"Medicube Triple Collagen Serum stangrinamais sejas serums"},"content":{"rendered":"<p><strong>Galven\u0101s sast\u0101vda\u013cas:<\/strong> Hidroliz\u0113ts kolag\u0113ns, atelo kolag\u0113ns, \u0161\u0137\u012bsto\u0161s kolag\u0113ns, hialuronsk\u0101bes atvasin\u0101jumi (n\u0101trija hialuron\u0101ts, hidroliz\u0113ta hialuronsk\u0101be), niacinam\u012bds, adenoz\u012bns.<\/p>\n\n\n\n<p>Vai mekl\u0113jat vair\u0101k? Apskatiet visu <a href=\"\/lv\/produktu-etiketes\/medicube\/\">Medicube sortimentu<\/a>.<\/p>","protected":false},"excerpt":{"rendered":"<p data-start=\"0\" data-end=\"261\"><strong>Medicube Triple Collagen Serum:<\/strong> Vieglas konsistences serums ar tr\u012bsk\u0101r\u0161u kolag\u0113na kompleksu - tr\u012bs da\u017e\u0101das kolag\u0113na formas, papildin\u0101tas ar hialuronsk\u0101bi un niac\u012bnam\u012bdu. Paredz\u0113ts \u0101das elast\u012bbas, tvirtuma, intens\u012bvas mitrin\u0101\u0161anas un mirdzuma uzlabo\u0161anai.<\/p>\n<p data-start=\"263\" data-end=\"544\"><strong data-start=\"263\" data-end=\"287\">K\u0101p\u0113c izv\u0113l\u0113ties:<\/strong><br data-start=\"287\" data-end=\"290\" \/>\u2714\ufe0f Tr\u012bs veidu kolag\u0113ns stiprina \u0101das strukt\u016bru un tvirtumu.<br data-start=\"360\" data-end=\"363\" data-is-only-node=\"\" \/>\u2714\ufe0f Hialuronsk\u0101be nodro\u0161ina dzi\u013cu mitrin\u0101\u0161anu<br data-start=\"412\" data-end=\"415\" \/>\u2714\ufe0f Niacinamide samazina aps\u0101rtumu, pigmenta plankumus un uzlabo \u0101das tonusu.<br data-start=\"489\" data-end=\"492\" \/>\u2714\ufe0f Adenoz\u012bns nomierina un stimul\u0113 \u0101das atjauno\u0161anos.<\/p>","protected":false},"featured_media":39306,"comment_status":"open","ping_status":"closed","template":"","meta":{"_acf_changed":false},"product_brand":[438],"product_cat":[92,56,59],"product_tag":[],"class_list":{"0":"post-39298","1":"product","2":"type-product","3":"status-publish","4":"has-post-thumbnail","6":"product_brand-medicube","7":"product_cat-groziui","8":"product_cat-veido-serumai","9":"product_cat-veidui","11":"first","12":"instock","13":"shipping-taxable","14":"purchasable","15":"product-type-simple"},"acf":[],"tiered_pricing_type":"fixed","tiered_pricing_fixed_rules":[],"tiered_pricing_product_settings":{"layout":"default","base_unit_name":{"singular":null,"plural":null},"default_variation":null},"tiered_pricing_minimum_quantity":null,"tiered_pricing_roles_data":[],"tiered_pricing_percentage_rules":[],"_links":{"self":[{"href":"https:\/\/purama.lt\/lv\/wp-json\/wp\/v2\/product\/39298","targetHints":{"allow":["GET"]}}],"collection":[{"href":"https:\/\/purama.lt\/lv\/wp-json\/wp\/v2\/product"}],"about":[{"href":"https:\/\/purama.lt\/lv\/wp-json\/wp\/v2\/types\/product"}],"replies":[{"embeddable":true,"href":"https:\/\/purama.lt\/lv\/wp-json\/wp\/v2\/comments?post=39298"}],"wp:featuredmedia":[{"embeddable":true,"href":"https:\/\/purama.lt\/lv\/wp-json\/wp\/v2\/media\/39306"}],"wp:attachment":[{"href":"https:\/\/purama.lt\/lv\/wp-json\/wp\/v2\/media?parent=39298"}],"wp:term":[{"taxonomy":"product_brand","embeddable":true,"href":"https:\/\/purama.lt\/lv\/wp-json\/wp\/v2\/product_brand?post=39298"},{"taxonomy":"product_cat","embeddable":true,"href":"https:\/\/purama.lt\/lv\/wp-json\/wp\/v2\/product_cat?post=39298"},{"taxonomy":"product_tag","embeddable":true,"href":"https:\/\/purama.lt\/lv\/wp-json\/wp\/v2\/product_tag?post=39298"}],"curies":[{"name":"wp","href":"https:\/\/api.w.org\/{rel}","templated":true}]}}