{"id":38857,"date":"2025-08-29T14:45:41","date_gmt":"2025-08-29T14:45:41","guid":{"rendered":"https:\/\/purama.lt\/produktas\/matcha-co-matcha-su-kolagenu-vaniles-skonio\/"},"modified":"2026-04-14T08:55:08","modified_gmt":"2026-04-14T06:55:08","slug":"matcha-co-matcha-ar-kolagena-vanilas-garsu","status":"publish","type":"product","link":"https:\/\/purama.lt\/lv\/produktas\/matcha-co-matcha-su-kolagenu-vaniles-skonio\/","title":{"rendered":"Matcha &amp; Co Matcha ar kolag\u0113nu vani\u013cas gar\u0161\u0101"},"content":{"rendered":"","protected":false},"excerpt":{"rendered":"<p>Uztura bag\u0101tin\u0101t\u0101js ar maigu vani\u013cas gar\u0161u un augstas kvalit\u0101tes matcha un j\u016bras kolag\u0113nu. Piem\u0113rots r\u012bta ener\u0123ijas uzmundrin\u0101jumam, vienlaikus atbalstot skaistumu un labsaj\u016btu no iek\u0161puses.<\/p>\n<p><strong>K\u0101p\u0113c izv\u0113l\u0113ties:<\/strong><br \/>\n\u2714 Atsvaidzino\u0161a vani\u013cas gar\u0161a<br \/>\n\u2714 J\u016bras kolag\u0113ns - skaistumam un loc\u012btav\u0101m<br \/>\n\u2714 Ar matcha antioksidantiem un L-tean\u012bnu<br \/>\n\u2714 Viegli iz\u0161\u0137\u012bdin\u0101ms, piem\u0113rots lieto\u0161anai ar \u016bdeni, augu pienu vai koktei\u013ciem<\/p>","protected":false},"featured_media":38850,"comment_status":"open","ping_status":"closed","template":"","meta":{"_acf_changed":true},"product_brand":[437],"product_cat":[60,57,165],"product_tag":[],"class_list":{"0":"post-38857","1":"product","2":"type-product","3":"status-publish","4":"has-post-thumbnail","6":"product_brand-matcha-co","7":"product_cat-mitybai","8":"product_cat-akcijos","9":"product_cat-gerimai","11":"first","12":"instock","13":"sale","14":"shipping-taxable","15":"purchasable","16":"product-type-simple"},"acf":[],"tiered_pricing_type":"fixed","tiered_pricing_fixed_rules":[],"tiered_pricing_product_settings":{"layout":"default","base_unit_name":{"singular":null,"plural":null},"default_variation":null},"tiered_pricing_minimum_quantity":null,"tiered_pricing_roles_data":[],"tiered_pricing_percentage_rules":[],"_links":{"self":[{"href":"https:\/\/purama.lt\/lv\/wp-json\/wp\/v2\/product\/38857","targetHints":{"allow":["GET"]}}],"collection":[{"href":"https:\/\/purama.lt\/lv\/wp-json\/wp\/v2\/product"}],"about":[{"href":"https:\/\/purama.lt\/lv\/wp-json\/wp\/v2\/types\/product"}],"replies":[{"embeddable":true,"href":"https:\/\/purama.lt\/lv\/wp-json\/wp\/v2\/comments?post=38857"}],"wp:featuredmedia":[{"embeddable":true,"href":"https:\/\/purama.lt\/lv\/wp-json\/wp\/v2\/media\/38850"}],"wp:attachment":[{"href":"https:\/\/purama.lt\/lv\/wp-json\/wp\/v2\/media?parent=38857"}],"wp:term":[{"taxonomy":"product_brand","embeddable":true,"href":"https:\/\/purama.lt\/lv\/wp-json\/wp\/v2\/product_brand?post=38857"},{"taxonomy":"product_cat","embeddable":true,"href":"https:\/\/purama.lt\/lv\/wp-json\/wp\/v2\/product_cat?post=38857"},{"taxonomy":"product_tag","embeddable":true,"href":"https:\/\/purama.lt\/lv\/wp-json\/wp\/v2\/product_tag?post=38857"}],"curies":[{"name":"wp","href":"https:\/\/api.w.org\/{rel}","templated":true}]}}