{"id":38855,"date":"2025-08-29T14:45:40","date_gmt":"2025-08-29T14:45:40","guid":{"rendered":"https:\/\/purama.lt\/produktas\/matcha-co-premium-klases-matcha-arbata\/"},"modified":"2026-04-14T08:55:20","modified_gmt":"2026-04-14T06:55:20","slug":"matcha-co-premium-matcha-teja","status":"publish","type":"product","link":"https:\/\/purama.lt\/lv\/produktas\/matcha-co-premium-klases-matcha-arbata\/","title":{"rendered":"Matcha &amp; Co Premium klases matcha t\u0113ja"},"content":{"rendered":"","protected":false},"excerpt":{"rendered":"<p>Augst\u0101k\u0101s kvalit\u0101tes ceremoni\u0101l\u0101 matcha no pirm\u0101s ra\u017eas no Uji Jap\u0101n\u0101. Intens\u012bvi za\u013ca kr\u0101sa, maigs saldums un nek\u0101da r\u016bgtuma - ide\u0101la t\u0113ja autentiskai ceremonijas pieredzei vai gard\u0113\u017eu latte. Sasmalcin\u0101ta ar akmens dzirnavi\u0146\u0101m no ar rok\u0101m v\u0101kt\u0101m lapi\u0146\u0101m.<\/p>\n<p><strong>K\u0101p\u0113c izv\u0113l\u0113ties:<\/strong><br \/>\n\u2714 ceremoni\u0101l\u0101 kvalit\u0101te - no pirm\u0101s ra\u017eas<br \/>\n\u2714 Spilgta kr\u0101sa un maiga gar\u0161a<br \/>\n\u2714 \u013boti smalki samalts - iz\u0161\u0137\u012bst bez graudain\u012bbas<br \/>\n\u2714 Ide\u0101li piem\u0113rots gan karstajam, gan aukstajam<\/p>","protected":false},"featured_media":38848,"comment_status":"open","ping_status":"closed","template":"","meta":{"_acf_changed":true},"product_brand":[437],"product_cat":[60,57,165],"product_tag":[],"class_list":{"0":"post-38855","1":"product","2":"type-product","3":"status-publish","4":"has-post-thumbnail","6":"product_brand-matcha-co","7":"product_cat-mitybai","8":"product_cat-akcijos","9":"product_cat-gerimai","11":"first","12":"instock","13":"sale","14":"shipping-taxable","15":"purchasable","16":"product-type-simple"},"acf":[],"tiered_pricing_type":"fixed","tiered_pricing_fixed_rules":[],"tiered_pricing_product_settings":{"layout":"default","base_unit_name":{"singular":null,"plural":null},"default_variation":null},"tiered_pricing_minimum_quantity":null,"tiered_pricing_roles_data":[],"tiered_pricing_percentage_rules":[],"_links":{"self":[{"href":"https:\/\/purama.lt\/lv\/wp-json\/wp\/v2\/product\/38855","targetHints":{"allow":["GET"]}}],"collection":[{"href":"https:\/\/purama.lt\/lv\/wp-json\/wp\/v2\/product"}],"about":[{"href":"https:\/\/purama.lt\/lv\/wp-json\/wp\/v2\/types\/product"}],"replies":[{"embeddable":true,"href":"https:\/\/purama.lt\/lv\/wp-json\/wp\/v2\/comments?post=38855"}],"wp:featuredmedia":[{"embeddable":true,"href":"https:\/\/purama.lt\/lv\/wp-json\/wp\/v2\/media\/38848"}],"wp:attachment":[{"href":"https:\/\/purama.lt\/lv\/wp-json\/wp\/v2\/media?parent=38855"}],"wp:term":[{"taxonomy":"product_brand","embeddable":true,"href":"https:\/\/purama.lt\/lv\/wp-json\/wp\/v2\/product_brand?post=38855"},{"taxonomy":"product_cat","embeddable":true,"href":"https:\/\/purama.lt\/lv\/wp-json\/wp\/v2\/product_cat?post=38855"},{"taxonomy":"product_tag","embeddable":true,"href":"https:\/\/purama.lt\/lv\/wp-json\/wp\/v2\/product_tag?post=38855"}],"curies":[{"name":"wp","href":"https:\/\/api.w.org\/{rel}","templated":true}]}}