{"id":38854,"date":"2025-08-29T14:45:39","date_gmt":"2025-08-29T14:45:39","guid":{"rendered":"https:\/\/purama.lt\/produktas\/matcha-co-ekologiska-matcha-arbata\/"},"modified":"2026-04-14T08:55:53","modified_gmt":"2026-04-14T06:55:53","slug":"matcha-co-organiska-matcha-teja","status":"publish","type":"product","link":"https:\/\/purama.lt\/lv\/produktas\/matcha-co-ekologiska-matcha-arbata\/","title":{"rendered":"Matcha &amp; Co Organisk\u0101 matcha t\u0113ja"},"content":{"rendered":"","protected":false},"excerpt":{"rendered":"<p>100 % Jap\u0101\u0146u matcha no Uji re\u0123iona ir lieliska izv\u0113le ikdienas pat\u0113ri\u0146am. Pateicoties dab\u012bgajam za\u013c\u0101s t\u0113jas stiprumam un maigajam arom\u0101tam, \u0161\u012b matcha sniedz ener\u0123iju, uzlabo koncentr\u0113\u0161an\u0101s sp\u0113jas un atbalsta antioksidantu aizsardz\u012bbu. Piem\u0113rota k\u0101 r\u012bta ritu\u0101ls vai k\u0101 vesel\u012bgu dz\u0113rienu vai desertu sast\u0101vda\u013ca.<\/p>\n<p><strong>K\u0101p\u0113c izv\u0113l\u0113ties:<\/strong><br \/>\n\u2714 Sertific\u0113ts biolo\u0123isks<br \/>\n\u2714 Bag\u0101ts ar antioksidantiem (EGCG)<br \/>\n\u2714 Dabisks ener\u0123ijas avots bez kofe\u012bna smailes<br \/>\n\u2714 Piem\u0113rots veg\u0101niem un bez lipek\u013ca<\/p>","protected":false},"featured_media":38851,"comment_status":"open","ping_status":"closed","template":"","meta":{"_acf_changed":false},"product_brand":[437],"product_cat":[60,57,165],"product_tag":[],"class_list":{"0":"post-38854","1":"product","2":"type-product","3":"status-publish","4":"has-post-thumbnail","6":"product_brand-matcha-co","7":"product_cat-mitybai","8":"product_cat-akcijos","9":"product_cat-gerimai","11":"first","12":"instock","13":"sale","14":"shipping-taxable","15":"purchasable","16":"product-type-simple"},"acf":[],"tiered_pricing_type":"fixed","tiered_pricing_fixed_rules":[],"tiered_pricing_product_settings":{"layout":"default","base_unit_name":{"singular":null,"plural":null},"default_variation":null},"tiered_pricing_minimum_quantity":null,"tiered_pricing_roles_data":[],"tiered_pricing_percentage_rules":[],"_links":{"self":[{"href":"https:\/\/purama.lt\/lv\/wp-json\/wp\/v2\/product\/38854","targetHints":{"allow":["GET"]}}],"collection":[{"href":"https:\/\/purama.lt\/lv\/wp-json\/wp\/v2\/product"}],"about":[{"href":"https:\/\/purama.lt\/lv\/wp-json\/wp\/v2\/types\/product"}],"replies":[{"embeddable":true,"href":"https:\/\/purama.lt\/lv\/wp-json\/wp\/v2\/comments?post=38854"}],"wp:featuredmedia":[{"embeddable":true,"href":"https:\/\/purama.lt\/lv\/wp-json\/wp\/v2\/media\/38851"}],"wp:attachment":[{"href":"https:\/\/purama.lt\/lv\/wp-json\/wp\/v2\/media?parent=38854"}],"wp:term":[{"taxonomy":"product_brand","embeddable":true,"href":"https:\/\/purama.lt\/lv\/wp-json\/wp\/v2\/product_brand?post=38854"},{"taxonomy":"product_cat","embeddable":true,"href":"https:\/\/purama.lt\/lv\/wp-json\/wp\/v2\/product_cat?post=38854"},{"taxonomy":"product_tag","embeddable":true,"href":"https:\/\/purama.lt\/lv\/wp-json\/wp\/v2\/product_tag?post=38854"}],"curies":[{"name":"wp","href":"https:\/\/api.w.org\/{rel}","templated":true}]}}