{"id":38143,"date":"2025-08-08T12:25:56","date_gmt":"2025-08-08T12:25:56","guid":{"rendered":"https:\/\/purama.lt\/?post_type=product&#038;p=38143"},"modified":"2025-11-11T16:40:52","modified_gmt":"2025-11-11T14:40:52","slug":"higherdose-uzladejama-vara-korpusa-septiska-tvertne","status":"publish","type":"product","link":"https:\/\/purama.lt\/lv\/produktas\/higherdose-pakraunantis-varinis-kuno-sepetys\/","title":{"rendered":"HigherDOSE uzl\u0101d\u0113jo\u0161a vara \u0137erme\u0146a birste"},"content":{"rendered":"<p><strong>Lieto\u0161anas metode:<\/strong><br>Lietojiet uz sausas \u0101das pirms du\u0161as vai peldes. Maigi noslaukiet no p\u0113d\u0101m virzien\u0101 uz sirdi un no rok\u0101m uz pleciem. Lai aktiviz\u0113tu asinsriti, veiciet proced\u016bru 3-5 min\u016btes. P\u0113c proced\u016bras pabeig\u0161anas nomazg\u0101jiet \u0101du du\u0161\u0101 un mitriniet ar kr\u0113mu vai e\u013c\u013cu.<\/p>","protected":false},"excerpt":{"rendered":"<p><strong>HigherDOSE uzl\u0101d\u0113jo\u0161a vara \u0137erme\u0146a birste<\/strong> - ir m\u016bsdien\u012bgs sausais skrubis, kas apvieno sen\u0101s detoksik\u0101cijas prakses un modern\u0101s tehnolo\u0123ijas. \u012apa\u0161i izstr\u0101d\u0101tie vara un dab\u012bgie sari tiek uzl\u0101d\u0113ti ar statisko elektr\u012bbu, kas maigi stimul\u0113 \u0101du, uzlabo asinsriti, no\u0146em atmiru\u0161\u0101s \u0161\u016bnas un pal\u012bdz mazin\u0101t musku\u013cu spriedzi un stresu. Birste ir ide\u0101li piem\u0113rota lieto\u0161anai gan no r\u012bta, lai atmodin\u0101tu \u0137ermeni un pr\u0101tu, gan vakar\u0101, lai atsl\u0101bin\u0101tos un nomierin\u0101tos p\u0113c darba dienas. Vara dabisk\u0101s \u012bpa\u0161\u012bbas pal\u012bdz neitraliz\u0113t negat\u012bvos jonus, nodro\u0161inot dzi\u013cu ener\u0123ijas piepl\u016bdumu un atsvaidzin\u0101tu \u0101du. <\/p>\n<p><strong>K\u0101p\u0113c izv\u0113l\u0113ties?<\/strong><br \/>\u2714\ufe0f Vara sari\u0146u sp\u0113ks - maigi mas\u0113 un stimul\u0113 ener\u0123ijas pl\u016bsmu, neitraliz\u0113jot br\u012bvos radik\u0101\u013cus.<br data-start=\"110\" data-end=\"113\" \/>\u2714\ufe0f Dabiski augu izcelsmes sari\u0146i - efekt\u012bvi no\u0146em atmiru\u0161\u0101s \u0101das \u0161\u016bnas, padarot \u0101du maigu un gludu.<br data-start=\"227\" data-end=\"230\" \/>\u2714\ufe0f Detoksik\u0101cijas atbalsts - stimul\u0113 limfas pl\u016bsmu, lai pal\u012bdz\u0113tu izvad\u012bt toks\u012bnus no organisma.<br data-start=\"329\" data-end=\"332\" \/>\u2714\ufe0f \u0160\u012b birste ir uzl\u0101d\u0113ta ar statisko ener\u0123iju, un tai ir \u012bpa\u0161a priek\u0161roc\u012bba, kas nodro\u0161ina papildu stimul\u0113jo\u0161u efektu.<\/p>","protected":false},"featured_media":38144,"comment_status":"open","ping_status":"closed","template":"","meta":{"_acf_changed":false},"product_brand":[430],"product_cat":[282,288,92,287,283],"product_tag":[],"class_list":{"0":"post-38143","1":"product","2":"type-product","3":"status-publish","4":"has-post-thumbnail","6":"product_brand-higherdose","7":"product_cat-longevity-prietaisai","8":"product_cat-grozio-ir-odos-prieziura","9":"product_cat-groziui","10":"product_cat-masazuokliai","11":"product_cat-sveikatingumo-prietaisai","13":"first","14":"instock","15":"shipping-taxable","16":"purchasable","17":"product-type-simple"},"acf":[],"tiered_pricing_type":"fixed","tiered_pricing_fixed_rules":[],"tiered_pricing_product_settings":{"layout":"default","base_unit_name":{"singular":null,"plural":null},"default_variation":null},"tiered_pricing_minimum_quantity":null,"tiered_pricing_roles_data":[],"tiered_pricing_percentage_rules":[],"_links":{"self":[{"href":"https:\/\/purama.lt\/lv\/wp-json\/wp\/v2\/product\/38143","targetHints":{"allow":["GET"]}}],"collection":[{"href":"https:\/\/purama.lt\/lv\/wp-json\/wp\/v2\/product"}],"about":[{"href":"https:\/\/purama.lt\/lv\/wp-json\/wp\/v2\/types\/product"}],"replies":[{"embeddable":true,"href":"https:\/\/purama.lt\/lv\/wp-json\/wp\/v2\/comments?post=38143"}],"wp:featuredmedia":[{"embeddable":true,"href":"https:\/\/purama.lt\/lv\/wp-json\/wp\/v2\/media\/38144"}],"wp:attachment":[{"href":"https:\/\/purama.lt\/lv\/wp-json\/wp\/v2\/media?parent=38143"}],"wp:term":[{"taxonomy":"product_brand","embeddable":true,"href":"https:\/\/purama.lt\/lv\/wp-json\/wp\/v2\/product_brand?post=38143"},{"taxonomy":"product_cat","embeddable":true,"href":"https:\/\/purama.lt\/lv\/wp-json\/wp\/v2\/product_cat?post=38143"},{"taxonomy":"product_tag","embeddable":true,"href":"https:\/\/purama.lt\/lv\/wp-json\/wp\/v2\/product_tag?post=38143"}],"curies":[{"name":"wp","href":"https:\/\/api.w.org\/{rel}","templated":true}]}}