{"id":38093,"date":"2025-08-08T09:30:28","date_gmt":"2025-08-08T09:30:28","guid":{"rendered":"https:\/\/purama.lt\/?post_type=product&#038;p=38093"},"modified":"2026-02-17T10:01:22","modified_gmt":"2026-02-17T08:01:22","slug":"lubets-orgasma-pastiprinatajs-viriesiem","status":"publish","type":"product","link":"https:\/\/purama.lt\/lv\/produktas\/lubets-orgazmo-stiprinimo-priemone-vyrams\/","title":{"rendered":"Lubets orgasma pastiprin\u0101t\u0101js v\u012brie\u0161iem"},"content":{"rendered":"<p><strong>K\u0101 lietot:<\/strong><br>Pirms dzimumakta uzkl\u0101jiet nelielu daudzumu aerosola uz dzimumlocek\u013ca galvi\u0146as un\/vai citas jut\u012bgas vietas. Pagaidiet 2-3 min\u016btes, lai l\u012bdzeklis ies\u016bcas.<\/p>","protected":false},"excerpt":{"rendered":"<p>\u0160is aerosols palielina dzimumlocek\u013ca galvi\u0146as jut\u012bgumu, uzlabojot seksu\u0101lo v\u0113lmi un baudu. T\u0101 pamat\u0101 ir \u016bdens, maiga putu tekst\u016bra, z\u012bdaina saj\u016bta un pat\u012bkams ingvera arom\u0101ts. Dermatolo\u0123iski test\u0113ts, sader\u012bgs ar prezervat\u012bviem un seksa rota\u013cliet\u0101m. Iepakojum\u0101 10 gabali pa 4 ml (kop\u0101 40 ml). <\/p>\n<p><strong>K\u0101p\u0113c izv\u0113l\u0113ties?<\/strong><br data-start=\"190\" data-end=\"193\" \/>\u2714\ufe0f Palielina jut\u012bgumu un pastiprina orgasma intensit\u0101ti.<br data-start=\"247\" data-end=\"250\" \/>\u2714\ufe0f 89 % dabisk\u0101 izcelsme, 86 % organiskais sast\u0101vs<br data-start=\"300\" data-end=\"303\" \/>\u2714\ufe0f Satur argin\u012bnu, mande\u013cu, baobaba un kardamona e\u013c\u013cas.<br data-start=\"365\" data-end=\"368\" data-is-only-node=\"\" \/>\u2714\ufe0f \u016adens b\u0101ze sader\u012bga ar prezervat\u012bviem un rota\u013cliet\u0101m \u00a0<\/p>","protected":false},"featured_media":38091,"comment_status":"open","ping_status":"closed","template":"","meta":{"_acf_changed":false},"product_brand":[436],"product_cat":[276,277],"product_tag":[],"class_list":{"0":"post-38093","1":"product","2":"type-product","3":"status-publish","4":"has-post-thumbnail","6":"product_brand-lubets","7":"product_cat-seksualinei-sveikatai","8":"product_cat-vyrams","10":"first","11":"outofstock","12":"shipping-taxable","13":"purchasable","14":"product-type-simple"},"acf":[],"tiered_pricing_type":"fixed","tiered_pricing_fixed_rules":[],"tiered_pricing_product_settings":{"layout":"default","base_unit_name":{"singular":null,"plural":null},"default_variation":null},"tiered_pricing_minimum_quantity":null,"tiered_pricing_roles_data":[],"tiered_pricing_percentage_rules":[],"_links":{"self":[{"href":"https:\/\/purama.lt\/lv\/wp-json\/wp\/v2\/product\/38093","targetHints":{"allow":["GET"]}}],"collection":[{"href":"https:\/\/purama.lt\/lv\/wp-json\/wp\/v2\/product"}],"about":[{"href":"https:\/\/purama.lt\/lv\/wp-json\/wp\/v2\/types\/product"}],"replies":[{"embeddable":true,"href":"https:\/\/purama.lt\/lv\/wp-json\/wp\/v2\/comments?post=38093"}],"wp:featuredmedia":[{"embeddable":true,"href":"https:\/\/purama.lt\/lv\/wp-json\/wp\/v2\/media\/38091"}],"wp:attachment":[{"href":"https:\/\/purama.lt\/lv\/wp-json\/wp\/v2\/media?parent=38093"}],"wp:term":[{"taxonomy":"product_brand","embeddable":true,"href":"https:\/\/purama.lt\/lv\/wp-json\/wp\/v2\/product_brand?post=38093"},{"taxonomy":"product_cat","embeddable":true,"href":"https:\/\/purama.lt\/lv\/wp-json\/wp\/v2\/product_cat?post=38093"},{"taxonomy":"product_tag","embeddable":true,"href":"https:\/\/purama.lt\/lv\/wp-json\/wp\/v2\/product_tag?post=38093"}],"curies":[{"name":"wp","href":"https:\/\/api.w.org\/{rel}","templated":true}]}}