{"id":37959,"date":"2025-08-05T06:13:00","date_gmt":"2025-08-05T06:13:00","guid":{"rendered":"https:\/\/purama.lt\/?post_type=product&#038;p=37959"},"modified":"2026-04-03T10:31:12","modified_gmt":"2026-04-03T08:31:12","slug":"kojines-tikai-palaist-zalo-sporcks","status":"publish","type":"product","link":"https:\/\/purama.lt\/lv\/produktas\/kojines-just-run-green-sporcks\/","title":{"rendered":"SPORCKS Just Run Za\u013c\u0101s sporta ze\u0137es"},"content":{"rendered":"<p>Vai mekl\u0113jat vair\u0101k? Apskatiet visu <a href=\"\/lv\/produktu-etiketes\/sporcks\/\">Sporcks sortimentu<\/a>.<\/p>","protected":false},"excerpt":{"rendered":"<p data-start=\"127\" data-end=\"208\"><strong data-start=\"131\" data-end=\"208\">SPORCKS Just Run Green <\/strong>&#8211; Kojin\u0117s, sukurtos ilgoms distancijoms \u2013 stabilumui, komfortui ir apsaugai. Patirkite tikr\u0105 komfort\u0105 su kojin\u0117mis, kurios prisitaiko prie j\u016bs\u0173 p\u0117dos judesi\u0173 ir u\u017etikrina atram\u0105 ten, kur jos labiausiai reikia. <strong data-start=\"343\" data-end=\"394\">Pastiprin\u0101tas zonas ap pot\u012bti un spilventi\u0146iem<\/strong> nodro\u0161ina stabilit\u0101ti un samazina traumu risku intens\u012bvas skrie\u0161anas laik\u0101.\u00a0<strong data-start=\"465\" data-end=\"492\">L\u012bdzsvarots spiediens<\/strong> stimul\u0113 asinsriti, mazina nogurumu un iekaisumu, savuk\u0101rt m\u012bkst\u0101 <strong data-start=\"553\" data-end=\"582\">COOLMAX\u00ae frot\u0113 audums<\/strong> Amortiz\u0113 triecienus pap\u0113d\u012b un pirkstos, nodro\u0161inot izcilu elpojam\u012bbu. \u0160\u012bs ze\u0137es pal\u012bdz nov\u0113rst tulznas, saglab\u0101 sausumu un nodro\u0161ina maksim\u0101lu komfortu no pirm\u0101 l\u012bdz p\u0113d\u0113jam kilometram.<\/p>\n<p><strong data-start=\"790\" data-end=\"814\">K\u0101p\u0113c izv\u0113l\u0113ties?<br \/>\n<\/strong>\u2714\ufe0f Pot\u012btes un zoles atbalsts liel\u0101kai stabilit\u0101tei un aizsardz\u012bbai<br data-start=\"889\" data-end=\"892\" \/>\u2714\ufe0f L\u012bdzsvarots spiediens - lab\u0101ka asins pl\u016bsma, maz\u0101k iekaisumu.<br data-start=\"956\" data-end=\"959\" \/>\u2714\ufe0f COOLMAX\u00ae frot\u0113 audums - m\u012bksts piesk\u0101riens un triecienu absorbcija<br data-start=\"1034\" data-end=\"1037\" \/>\u2714\ufe0f Aizsardz\u012bba pret tulzn\u0101m - pat p\u0113c ilga skr\u0113jiena<br data-start=\"1088\" data-end=\"1091\" \/>\u2714\ufe0f Elpojo\u0161s siets - uztur optim\u0101lu p\u0113du temperat\u016bru<br data-start=\"1153\" data-end=\"1156\" \/>\u2714\ufe0f Efekt\u012bva mitruma novad\u012b\u0161ana - saglab\u0101 k\u0101jas sausas<br data-start=\"1208\" data-end=\"1211\" \/>\u2714\ufe0f M\u012bksts, pat\u012bkams audums - maksim\u0101ls komforts katr\u0101 sol\u012b<br data-start=\"1284\" data-end=\"1287\" \/>\u2714\ufe0f 100 % ra\u017eots Sp\u0101nij\u0101 - kvalit\u0101te, kurai varat uztic\u0113ties<\/p>","protected":false},"featured_media":37961,"comment_status":"open","ping_status":"closed","template":"","meta":{"_acf_changed":false},"product_brand":[246],"product_cat":[98,102],"product_tag":[],"class_list":{"0":"post-37959","1":"product","2":"type-product","3":"status-publish","4":"has-post-thumbnail","6":"product_brand-sporcks","7":"product_cat-sportui","8":"product_cat-kojines","10":"first","11":"outofstock","12":"shipping-taxable","13":"purchasable","14":"product-type-variable"},"acf":[],"tiered_pricing_type":"fixed","tiered_pricing_fixed_rules":[],"tiered_pricing_product_settings":{"layout":"default","base_unit_name":{"singular":null,"plural":null},"default_variation":null},"tiered_pricing_minimum_quantity":null,"tiered_pricing_roles_data":[],"tiered_pricing_percentage_rules":[],"_links":{"self":[{"href":"https:\/\/purama.lt\/lv\/wp-json\/wp\/v2\/product\/37959","targetHints":{"allow":["GET"]}}],"collection":[{"href":"https:\/\/purama.lt\/lv\/wp-json\/wp\/v2\/product"}],"about":[{"href":"https:\/\/purama.lt\/lv\/wp-json\/wp\/v2\/types\/product"}],"replies":[{"embeddable":true,"href":"https:\/\/purama.lt\/lv\/wp-json\/wp\/v2\/comments?post=37959"}],"wp:featuredmedia":[{"embeddable":true,"href":"https:\/\/purama.lt\/lv\/wp-json\/wp\/v2\/media\/37961"}],"wp:attachment":[{"href":"https:\/\/purama.lt\/lv\/wp-json\/wp\/v2\/media?parent=37959"}],"wp:term":[{"taxonomy":"product_brand","embeddable":true,"href":"https:\/\/purama.lt\/lv\/wp-json\/wp\/v2\/product_brand?post=37959"},{"taxonomy":"product_cat","embeddable":true,"href":"https:\/\/purama.lt\/lv\/wp-json\/wp\/v2\/product_cat?post=37959"},{"taxonomy":"product_tag","embeddable":true,"href":"https:\/\/purama.lt\/lv\/wp-json\/wp\/v2\/product_tag?post=37959"}],"curies":[{"name":"wp","href":"https:\/\/api.w.org\/{rel}","templated":true}]}}