{"id":37824,"date":"2025-08-01T10:54:30","date_gmt":"2025-08-01T10:54:30","guid":{"rendered":"https:\/\/purama.lt\/produktas\/ohgood-baltymu-milteliai-braskiu-ir-kokoso-skonio\/"},"modified":"2026-01-21T12:56:49","modified_gmt":"2026-01-21T10:56:49","slug":"ohgood-proteina-pulveris-brazilijas-riekstu-un-kokosriekstu-garsas-sastava","status":"publish","type":"product","link":"https:\/\/purama.lt\/lv\/produktas\/ohgood-baltymu-milteliai-braskiu-ir-kokoso-skonio\/","title":{"rendered":"OH!GOOD Prote\u012bna pulveris Zeme\u0146u un kokosriekstu gar\u0161a"},"content":{"rendered":"","protected":false},"excerpt":{"rendered":"<p>Tropisk\u0101 zeme\u0146u un kokosriekstu kombin\u0101cija pie\u0161\u0137ir \u0161iem prote\u012bna pulveriem \u012bpa\u0161u gar\u0161u. Tas ir lieliski piem\u0113rots r\u012bta ies\u0101kumam vai k\u0101 papildin\u0101jums p\u0113c treni\u0146a, kad nepiecie\u0161ama ne tikai ener\u0123ija, bet ar\u012b baud\u012bjums.<\/p>\n<p><strong>K\u0101p\u0113c izv\u0113l\u0113ties:<\/strong><br \/>\n\u2714 Atsvaidzino\u0161a un eksotiska gar\u0161u kombin\u0101cija<br \/>\n\u2714 L\u012bdzsvarots olbaltumvielu saturs katr\u0101 porcij\u0101<br \/>\n\u2714 Bez lipek\u013ca un piena produktiem<br \/>\n\u2714 Piem\u0113rots veg\u0101niem un ve\u0123et\u0101rie\u0161iem<br \/>\n\u2714 Lieliski sader ar aug\u013ciem, augu pienu vai putru<\/p>","protected":false},"featured_media":37828,"comment_status":"open","ping_status":"closed","template":"","meta":{"_acf_changed":false},"product_brand":[447],"product_cat":[60,296,298],"product_tag":[],"class_list":{"0":"post-37824","1":"product","2":"type-product","3":"status-publish","4":"has-post-thumbnail","6":"product_brand-ohgood","7":"product_cat-mitybai","8":"product_cat-baltyminiai-kokteiliai","9":"product_cat-sveikas-maistas","11":"first","12":"instock","13":"shipping-taxable","14":"purchasable","15":"product-type-simple"},"acf":[],"tiered_pricing_type":"fixed","tiered_pricing_fixed_rules":[],"tiered_pricing_product_settings":{"layout":"default","base_unit_name":{"singular":null,"plural":null},"default_variation":null},"tiered_pricing_minimum_quantity":null,"tiered_pricing_roles_data":[],"tiered_pricing_percentage_rules":[],"_links":{"self":[{"href":"https:\/\/purama.lt\/lv\/wp-json\/wp\/v2\/product\/37824","targetHints":{"allow":["GET"]}}],"collection":[{"href":"https:\/\/purama.lt\/lv\/wp-json\/wp\/v2\/product"}],"about":[{"href":"https:\/\/purama.lt\/lv\/wp-json\/wp\/v2\/types\/product"}],"replies":[{"embeddable":true,"href":"https:\/\/purama.lt\/lv\/wp-json\/wp\/v2\/comments?post=37824"}],"wp:featuredmedia":[{"embeddable":true,"href":"https:\/\/purama.lt\/lv\/wp-json\/wp\/v2\/media\/37828"}],"wp:attachment":[{"href":"https:\/\/purama.lt\/lv\/wp-json\/wp\/v2\/media?parent=37824"}],"wp:term":[{"taxonomy":"product_brand","embeddable":true,"href":"https:\/\/purama.lt\/lv\/wp-json\/wp\/v2\/product_brand?post=37824"},{"taxonomy":"product_cat","embeddable":true,"href":"https:\/\/purama.lt\/lv\/wp-json\/wp\/v2\/product_cat?post=37824"},{"taxonomy":"product_tag","embeddable":true,"href":"https:\/\/purama.lt\/lv\/wp-json\/wp\/v2\/product_tag?post=37824"}],"curies":[{"name":"wp","href":"https:\/\/api.w.org\/{rel}","templated":true}]}}