{"id":37823,"date":"2025-08-01T10:54:30","date_gmt":"2025-08-01T10:54:30","guid":{"rendered":"https:\/\/purama.lt\/produktas\/ohgood-baltymu-milteliai-surios-karameles-skonio\/"},"modified":"2026-03-19T16:34:46","modified_gmt":"2026-03-19T14:34:46","slug":"ohgood-proteina-pulveris-ar-neapstradatu-karamelu-garsu","status":"publish","type":"product","link":"https:\/\/purama.lt\/lv\/produktas\/ohgood-baltymu-milteliai-surios-karameles-skonio\/","title":{"rendered":"OH!GOOD Prote\u012bna pulveris S\u0101l\u012bta karame\u013cu gar\u0161a"},"content":{"rendered":"","protected":false},"excerpt":{"rendered":"<p>Unik\u0101l\u0101 sald\u0101 un s\u0101\u013c\u0101 kombin\u0101cija Oh!Good s\u0101l\u012bt\u0101s karameles prote\u012bna pulver\u012b p\u0101rsteidz jau p\u0113c pirm\u0101 malka. Lieto ne tikai k\u0101 olbaltumvielu papildin\u0101jumu, bet ar\u012b k\u0101 deserta sast\u0101vda\u013cu vesel\u012bg\u0101s recept\u0113s.<\/p>\n<p><strong>K\u0101p\u0113c izv\u0113l\u0113ties:<\/strong><br \/>\n\u2714 Izcila s\u0101\u013ca karameles gar\u0161a<br \/>\n\u2714 Piel\u0101gojams gan sportistiem, gan zi\u0146k\u0101r\u012bgajiem<br \/>\n\u2714 Nav pievienota cukura - saldums no dab\u012bgiem avotiem<br \/>\n\u2714 Atbalsta musku\u013cu atjauno\u0161anos un s\u0101ta saj\u016btu<br \/>\n\u2714 Ide\u0101li piem\u0113rots koktei\u013ciem vai olbaltumvielu desertiem<\/p>","protected":false},"featured_media":37830,"comment_status":"open","ping_status":"closed","template":"","meta":{"_acf_changed":true},"product_brand":[447],"product_cat":[60,296,500],"product_tag":[],"class_list":{"0":"post-37823","1":"product","2":"type-product","3":"status-publish","4":"has-post-thumbnail","6":"product_brand-ohgood","7":"product_cat-mitybai","8":"product_cat-baltyminiai-kokteiliai","9":"product_cat-outlet","11":"first","12":"instock","13":"sale","14":"shipping-taxable","15":"purchasable","16":"product-type-simple"},"acf":[],"tiered_pricing_type":"fixed","tiered_pricing_fixed_rules":[],"tiered_pricing_product_settings":{"layout":"default","base_unit_name":{"singular":null,"plural":null},"default_variation":null},"tiered_pricing_minimum_quantity":null,"tiered_pricing_roles_data":[],"tiered_pricing_percentage_rules":[],"_links":{"self":[{"href":"https:\/\/purama.lt\/lv\/wp-json\/wp\/v2\/product\/37823","targetHints":{"allow":["GET"]}}],"collection":[{"href":"https:\/\/purama.lt\/lv\/wp-json\/wp\/v2\/product"}],"about":[{"href":"https:\/\/purama.lt\/lv\/wp-json\/wp\/v2\/types\/product"}],"replies":[{"embeddable":true,"href":"https:\/\/purama.lt\/lv\/wp-json\/wp\/v2\/comments?post=37823"}],"wp:featuredmedia":[{"embeddable":true,"href":"https:\/\/purama.lt\/lv\/wp-json\/wp\/v2\/media\/37830"}],"wp:attachment":[{"href":"https:\/\/purama.lt\/lv\/wp-json\/wp\/v2\/media?parent=37823"}],"wp:term":[{"taxonomy":"product_brand","embeddable":true,"href":"https:\/\/purama.lt\/lv\/wp-json\/wp\/v2\/product_brand?post=37823"},{"taxonomy":"product_cat","embeddable":true,"href":"https:\/\/purama.lt\/lv\/wp-json\/wp\/v2\/product_cat?post=37823"},{"taxonomy":"product_tag","embeddable":true,"href":"https:\/\/purama.lt\/lv\/wp-json\/wp\/v2\/product_tag?post=37823"}],"curies":[{"name":"wp","href":"https:\/\/api.w.org\/{rel}","templated":true}]}}