{"id":37822,"date":"2025-08-01T10:54:30","date_gmt":"2025-08-01T10:54:30","guid":{"rendered":"https:\/\/purama.lt\/produktas\/ohgood-baltymu-milteliai-bananu-skonio\/"},"modified":"2026-03-19T16:33:08","modified_gmt":"2026-03-19T14:33:08","slug":"ohgood-proteina-pulveris-bananu-garsa","status":"publish","type":"product","link":"https:\/\/purama.lt\/lv\/produktas\/ohgood-baltymu-milteliai-bananu-skonio\/","title":{"rendered":"OH!GOOD Olbaltumvielu pulveris Ban\u0101nu gar\u0161a"},"content":{"rendered":"","protected":false},"excerpt":{"rendered":"<p>Dabisk\u0101 ban\u0101nu gar\u0161a pie\u0161\u0137ir \u0161im prote\u012bna pulverim svaigu un saldu gar\u0161u. Tie ir lieliski piem\u0113roti tiem, kas mekl\u0113 funkcion\u0101lu p\u0101rtiku, neapdraudot gar\u0161u, gan p\u0113c sporta, gan brokast\u012bs.<\/p>\n<p><strong>K\u0101p\u0113c izv\u0113l\u0113ties:<\/strong><br \/>\n\u2714 Atsvaidzino\u0161a, dab\u012bga ban\u0101nu gar\u0161a<br \/>\n\u2714 Piem\u0113rots koktei\u013ciem, putr\u0101m vai pat ceptiem izstr\u0101d\u0101jumiem<br \/>\n\u2714 Satur olbaltumvielas ar augstu biolo\u0123isko v\u0113rt\u012bbu<br \/>\n\u2714 Bez laktozes un glut\u0113na<br \/>\n\u2714 Veicina musku\u013cu aug\u0161anu un atjauno\u0161anos<\/p>","protected":false},"featured_media":37831,"comment_status":"open","ping_status":"closed","template":"","meta":{"_acf_changed":true},"product_brand":[447],"product_cat":[60,296,500,298],"product_tag":[],"class_list":{"0":"post-37822","1":"product","2":"type-product","3":"status-publish","4":"has-post-thumbnail","6":"product_brand-ohgood","7":"product_cat-mitybai","8":"product_cat-baltyminiai-kokteiliai","9":"product_cat-outlet","10":"product_cat-sveikas-maistas","12":"first","13":"instock","14":"sale","15":"shipping-taxable","16":"purchasable","17":"product-type-simple"},"acf":[],"tiered_pricing_type":"fixed","tiered_pricing_fixed_rules":[],"tiered_pricing_product_settings":{"layout":"default","base_unit_name":{"singular":null,"plural":null},"default_variation":null},"tiered_pricing_minimum_quantity":null,"tiered_pricing_roles_data":[],"tiered_pricing_percentage_rules":[],"_links":{"self":[{"href":"https:\/\/purama.lt\/lv\/wp-json\/wp\/v2\/product\/37822","targetHints":{"allow":["GET"]}}],"collection":[{"href":"https:\/\/purama.lt\/lv\/wp-json\/wp\/v2\/product"}],"about":[{"href":"https:\/\/purama.lt\/lv\/wp-json\/wp\/v2\/types\/product"}],"replies":[{"embeddable":true,"href":"https:\/\/purama.lt\/lv\/wp-json\/wp\/v2\/comments?post=37822"}],"wp:featuredmedia":[{"embeddable":true,"href":"https:\/\/purama.lt\/lv\/wp-json\/wp\/v2\/media\/37831"}],"wp:attachment":[{"href":"https:\/\/purama.lt\/lv\/wp-json\/wp\/v2\/media?parent=37822"}],"wp:term":[{"taxonomy":"product_brand","embeddable":true,"href":"https:\/\/purama.lt\/lv\/wp-json\/wp\/v2\/product_brand?post=37822"},{"taxonomy":"product_cat","embeddable":true,"href":"https:\/\/purama.lt\/lv\/wp-json\/wp\/v2\/product_cat?post=37822"},{"taxonomy":"product_tag","embeddable":true,"href":"https:\/\/purama.lt\/lv\/wp-json\/wp\/v2\/product_tag?post=37822"}],"curies":[{"name":"wp","href":"https:\/\/api.w.org\/{rel}","templated":true}]}}